{"id":9441,"date":"2020-03-04T00:23:44","date_gmt":"2020-03-03T23:23:44","guid":{"rendered":"https:\/\/neocatechumenaleiter.org\/palavras-dos-papas\/sao-joao-paulo-ii\/visita-pastoral-do-santo-padre-joao-paulo-ii-a-republica-dominicana-por-ocasiao-do-v-centenario-da-evangelizacao-do-novo-mundo-11-10-1992\/"},"modified":"2021-08-10T11:02:48","modified_gmt":"2021-08-10T10:02:48","slug":"visita-pastoral-do-santo-padre-joao-paulo-ii-a-republica-dominicana-por-ocasiao-do-v-centenario-da-evangelizacao-do-novo-mundo-11-10-1992","status":"publish","type":"page","link":"https:\/\/neocatechumenaleiter.org\/pt-br\/palavras-dos-papas\/sao-joao-paulo-ii\/visita-pastoral-do-santo-padre-joao-paulo-ii-a-republica-dominicana-por-ocasiao-do-v-centenario-da-evangelizacao-do-novo-mundo-11-10-1992\/","title":{"rendered":"Visita pastoral do papa Jo\u00e3o Paulo II \u00e0 Rep\u00fablica Dominicana 11\/10\/1992"},"content":{"rendered":"\n<h1 class=\"has-text-align-center wp-block-heading\">Visita pastoral do papa Jo\u00e3o Paulo II \u00e0 Rep\u00fablica Dominicana 11\/10\/1992<\/h1>\n\n<div style=\"height:20px\" aria-hidden=\"true\" class=\"wp-block-spacer\"><\/div>\n\n<h4 class=\"has-text-align-center wp-block-heading\">S\u00e3o Jo\u00e3o Paulo II<\/h4>\n\n<div style=\"height:20px\" aria-hidden=\"true\" class=\"wp-block-spacer\"><\/div>\n\n<p><strong>Santo Domingo, 11 de outubro de 1992.<\/strong><\/p>\n\n<p><em>\u00c0 tarde, depois da audi\u00eancia com o Corpo Diplom\u00e1tico, Jo\u00e3o Paulo II deslocou-se para fora da cidade para inaugurar a sede de um Semin\u00e1rio Mission\u00e1rio Diocesano Redemptoris Mater das comunidades\u00ad neocatecumenais que, em Santo Domingo, s\u00e3o muito ativas. Ao todo, elas s\u00e3o mais de 300, para um total de aproximadamente dez mil pessoas, que trabalham sobretudo em dois bairros pobres, &#8220;Invivienda&#8221; e &#8220;Hainamoza&#8221;.<\/em><\/p>\n\n<p><em>Do semin\u00e1rio, onde estudam uns 40 jovens, at\u00e9 agora somente o edif\u00edcio\u00ad chamado &#8220;Santu\u00e1rio da Palavra&#8221; foi conclu\u00eddo. O pr\u00e9dio da habita\u00e7\u00e3o e da capela surgir\u00e3o num segundo\u00ad momento. O Papa foi acolhido, portanto, no \u00fanico edif\u00edcio completo. Depois de um canto inicial e depois de algumas palavras de acolhida do iniciador do Caminho Neocatecumenal, Kiko Arg\u00fcello, Jo\u00e3o Paulo II aben\u00e7oou o edif\u00edcio e dirigiu aos presentes \u2500 cardeais, bispos, seminaristas, fam\u00edlias das comunidades \u2500 algumas palavras de encorajamento e de aug\u00fario.<\/em><\/p>\n\n<p><em>A seguir, publicamos as palavras pronunciadas pelo Santo Padre: <\/em><\/p>\n\n<p>&#8220;Para mim \u00e9 motivo de particular alegria poder inaugurar em Santo Domingo\u00ad, em uma data t\u00e3o importante, o Semin\u00e1rio Mission\u00e1rio Arquidiocesano Redemptoris Mater que, no marco do V Centen\u00e1rio da chegada da Boa Nova na Am\u00e9rica, quer ser uma contribui\u00e7\u00e3o \u00e0 grande obra da Nova Evangeliza\u00e7\u00e3o para a qual convoquei a Igreja universal.<\/p>\n\n<p>Este centro, que recebeu candidatos ao sacerd\u00f3cio vindos de numerosos pa\u00edses de todo o continente americano, da Europa e de outras na\u00e7\u00f5es, deve ser sempre animado por um esp\u00edrito mission\u00e1rio que seja fermento nesta arquidiocese, em toda a Rep\u00fablica Dominicana, e que se estenda a todo o mundo seguindo a ordem do Senhor: &#8220;Ide e proclamai o Evangelho a toda criatura&#8221; (Mc 16,15). Isso foi manifestado tamb\u00e9m pelo Conc\u00edlio Vaticano II no decreto sobre o minist\u00e9rio e sobre a vida sacerdotal: &#8220;O dom espiritual, recebido pelos presb\u00edteros na ordena\u00e7\u00e3o, n\u00e3o os prepara para uma miss\u00e3o limitada e determinada, mas sim para a miss\u00e3o imensa e universal da salva\u00e7\u00e3o, &#8216;at\u00e9 os confins da terra&#8217; (At 1,8)&#8221; (Presbyterorum Ordinis, n.10).<\/p>\n\n<p>A presen\u00e7a dos seminaristas das mais variadas proced\u00eancias nesta\u00ad ilha, que recebeu a semente da prega\u00e7\u00e3o evang\u00e9lica e da qual se irradiou a luz salv\u00edfica de Jesus Cristo ao resto da Am\u00e9rica, \u00e9 tamb\u00e9m um sinal de como j\u00e1, \u00e0s portas do terceiro mil\u00eanio crist\u00e3o\u00ad, do Semin\u00e1rio Arquidiocesano Redemptoris Mater em Santo Domingo, com a gra\u00e7a de Deus, poder\u00e3o irradiar-se os novos evangelizadores que levam a todo o mundo Jesus Cristo, &#8220;Caminho, Verdade e Vida&#8221;.<\/p>\n\n<p>Enquanto elevo fervorosas ora\u00e7\u00f5es para que Maria, Estrela da Evangeliza\u00e7\u00e3o, conduza ao seu divino Filho a todos aqueles que receber\u00e3o a forma\u00e7\u00e3o sacerdotal neste semin\u00e1rio, dou a todos com particular afeto a minha B\u00ean\u00e7\u00e3o Apost\u00f3lica.&#8221;<\/p>\n\n<figure class=\"wp-block-gallery aligncenter columns-3 is-cropped wp-block-gallery-1 is-layout-flex wp-block-gallery-is-layout-flex\"><ul class=\"blocks-gallery-grid\"><li class=\"blocks-gallery-item\"><figure><img loading=\"lazy\" decoding=\"async\" width=\"400\" height=\"330\" src=\"https:\/\/neocatechumenaleiter.org\/wp-content\/uploads\/2020\/03\/Camino_Neocatecumenal_Juan_Pablo_II_visita_pastoral_Republica_Dominicana_1992_3.jpg\" alt=\"\" data-id=\"2400\" data-full-url=\"https:\/\/neocatechumenaleiter.org\/wp-content\/uploads\/2020\/03\/Camino_Neocatecumenal_Juan_Pablo_II_visita_pastoral_Republica_Dominicana_1992_3.jpg\" data-link=\"https:\/\/neocatechumenaleiter.org\/?attachment_id=2400\" class=\"wp-image-2404\" srcset=\"https:\/\/neocatechumenaleiter.org\/wp-content\/uploads\/2020\/03\/Camino_Neocatecumenal_Juan_Pablo_II_visita_pastoral_Republica_Dominicana_1992_3.jpg 400w, https:\/\/neocatechumenaleiter.org\/wp-content\/uploads\/2020\/03\/Camino_Neocatecumenal_Juan_Pablo_II_visita_pastoral_Republica_Dominicana_1992_3-300x248.jpg 300w\" sizes=\"auto, (max-width: 400px) 100vw, 400px\" \/><\/figure><\/li><li class=\"blocks-gallery-item\"><figure><img loading=\"lazy\" decoding=\"async\" width=\"662\" height=\"560\" src=\"https:\/\/neocatechumenaleiter.org\/wp-content\/uploads\/2020\/03\/Camino_Neocatecumenal_Juan_Pablo_II_visita_pastoral_Republica_Dominicana_1992_2.jpg\" alt=\"\" data-id=\"2407\" data-full-url=\"https:\/\/neocatechumenaleiter.org\/wp-content\/uploads\/2020\/03\/Camino_Neocatecumenal_Juan_Pablo_II_visita_pastoral_Republica_Dominicana_1992_2.jpg\" data-link=\"https:\/\/neocatechumenaleiter.org\/?attachment_id=2407\" class=\"wp-image-2411\" srcset=\"https:\/\/neocatechumenaleiter.org\/wp-content\/uploads\/2020\/03\/Camino_Neocatecumenal_Juan_Pablo_II_visita_pastoral_Republica_Dominicana_1992_2.jpg 662w, https:\/\/neocatechumenaleiter.org\/wp-content\/uploads\/2020\/03\/Camino_Neocatecumenal_Juan_Pablo_II_visita_pastoral_Republica_Dominicana_1992_2-300x254.jpg 300w\" sizes=\"auto, (max-width: 662px) 100vw, 662px\" \/><\/figure><\/li><li class=\"blocks-gallery-item\"><figure><img loading=\"lazy\" decoding=\"async\" width=\"679\" height=\"560\" src=\"https:\/\/neocatechumenaleiter.org\/wp-content\/uploads\/2020\/03\/Camino_Neocatecumenal_Juan_Pablo_II_visita_pastoral_Republica_Dominicana_1992.jpg\" alt=\"\" data-id=\"2414\" data-full-url=\"https:\/\/neocatechumenaleiter.org\/wp-content\/uploads\/2020\/03\/Camino_Neocatecumenal_Juan_Pablo_II_visita_pastoral_Republica_Dominicana_1992.jpg\" data-link=\"https:\/\/neocatechumenaleiter.org\/?attachment_id=2414\" class=\"wp-image-2418\" srcset=\"https:\/\/neocatechumenaleiter.org\/wp-content\/uploads\/2020\/03\/Camino_Neocatecumenal_Juan_Pablo_II_visita_pastoral_Republica_Dominicana_1992.jpg 679w, https:\/\/neocatechumenaleiter.org\/wp-content\/uploads\/2020\/03\/Camino_Neocatecumenal_Juan_Pablo_II_visita_pastoral_Republica_Dominicana_1992-300x247.jpg 300w\" sizes=\"auto, (max-width: 679px) 100vw, 679px\" \/><\/figure><\/li><\/ul><\/figure>","protected":false},"excerpt":{"rendered":"<p>Visita pastoral do papa Jo\u00e3o Paulo II \u00e0 Rep\u00fablica Dominicana 11\/10\/1992 S\u00e3o Jo\u00e3o Paulo II Santo Domingo, 11 de outubro de 1992. \u00c0 tarde, depois da audi\u00eancia com o Corpo Diplom\u00e1tico, Jo\u00e3o Paulo II deslocou-se para fora da cidade para inaugurar a sede de um Semin\u00e1rio Mission\u00e1rio Diocesano Redemptoris Mater das comunidades\u00ad neocatecumenais que, em Santo Domingo, s\u00e3o muito ativas. Ao todo, elas s\u00e3o mais de 300, para um total<\/p>\n<div class=\"read-more\"><a class=\"btn read-more-btn\" href=\"https:\/\/neocatechumenaleiter.org\/pt-br\/palavras-dos-papas\/sao-joao-paulo-ii\/visita-pastoral-do-santo-padre-joao-paulo-ii-a-republica-dominicana-por-ocasiao-do-v-centenario-da-evangelizacao-do-novo-mundo-11-10-1992\/\">Ler mais<\/a><\/div>\n","protected":false},"author":2,"featured_media":0,"parent":4247,"menu_order":71,"comment_status":"closed","ping_status":"closed","template":"","meta":{"footnotes":""},"class_list":["post-9441","page","type-page","status-publish","hentry"],"_links":{"self":[{"href":"https:\/\/neocatechumenaleiter.org\/pt-br\/wp-json\/wp\/v2\/pages\/9441","targetHints":{"allow":["GET"]}}],"collection":[{"href":"https:\/\/neocatechumenaleiter.org\/pt-br\/wp-json\/wp\/v2\/pages"}],"about":[{"href":"https:\/\/neocatechumenaleiter.org\/pt-br\/wp-json\/wp\/v2\/types\/page"}],"author":[{"embeddable":true,"href":"https:\/\/neocatechumenaleiter.org\/pt-br\/wp-json\/wp\/v2\/users\/2"}],"replies":[{"embeddable":true,"href":"https:\/\/neocatechumenaleiter.org\/pt-br\/wp-json\/wp\/v2\/comments?post=9441"}],"version-history":[{"count":10,"href":"https:\/\/neocatechumenaleiter.org\/pt-br\/wp-json\/wp\/v2\/pages\/9441\/revisions"}],"predecessor-version":[{"id":24128,"href":"https:\/\/neocatechumenaleiter.org\/pt-br\/wp-json\/wp\/v2\/pages\/9441\/revisions\/24128"}],"up":[{"embeddable":true,"href":"https:\/\/neocatechumenaleiter.org\/pt-br\/wp-json\/wp\/v2\/pages\/4247"}],"wp:attachment":[{"href":"https:\/\/neocatechumenaleiter.org\/pt-br\/wp-json\/wp\/v2\/media?parent=9441"}],"curies":[{"name":"wp","href":"https:\/\/api.w.org\/{rel}","templated":true}]}}