{"id":9443,"date":"2020-03-04T00:33:21","date_gmt":"2020-03-03T23:33:21","guid":{"rendered":"https:\/\/neocatechumenaleiter.org\/palavras-dos-papas\/sao-joao-paulo-ii\/audiencia-do-santo-padre-joao-paulo-ii-aos-jovens-do-caminho-neocatecumenal-que-participaram-de-uma-jornada-em-preparacao-ao-encontro-mundial-de-denver-28-3-1993\/"},"modified":"2021-08-10T11:02:53","modified_gmt":"2021-08-10T10:02:53","slug":"audiencia-do-santo-padre-joao-paulo-ii-aos-jovens-do-caminho-neocatecumenal-que-participaram-de-uma-jornada-em-preparacao-ao-encontro-mundial-de-denver-28-3-1993","status":"publish","type":"page","link":"https:\/\/neocatechumenaleiter.org\/pt-br\/palavras-dos-papas\/sao-joao-paulo-ii\/audiencia-do-santo-padre-joao-paulo-ii-aos-jovens-do-caminho-neocatecumenal-que-participaram-de-uma-jornada-em-preparacao-ao-encontro-mundial-de-denver-28-3-1993\/","title":{"rendered":"Audi\u00eancia do Santo Padre Jo\u00e3o Paulo II aos jovens do Caminho Neocatecumenal que participaram de uma jornada em prepara\u00e7\u00e3o ao Encontro Mundial de Denver 28\/3\/1993"},"content":{"rendered":"\n<h1 class=\"has-text-align-center wp-block-heading\">Audi\u00eancia com os jovens que se preparam para participar da Jornada Mundial em Denver 28\/3\/1993<\/h1>\n\n<div style=\"height:20px\" aria-hidden=\"true\" class=\"wp-block-spacer\"><\/div>\n\n<h4 class=\"has-text-align-center wp-block-heading\">S\u00e3o Jo\u00e3o Paulo II<\/h4>\n\n<div style=\"height:20px\" aria-hidden=\"true\" class=\"wp-block-spacer\"><\/div>\n\n<p><strong>Cidade do Vaticano \u2500 Sala Paulo VI, 28 de mar\u00e7o de 1993.<\/strong><\/p>\n\n<p><em>O Santo Padre recebeu em audi\u00eancia na tarde do domingo 28 de mar\u00e7o, cerca de 8 mil jovens\u00ad comprometidos no Caminho Neocatecumenal que deram vida, na Sala Paulo VI, a um encontro em prepara\u00e7\u00e3o \u00e0 Jornada Mundial da Juventude que ser\u00e1 celebrada no pr\u00f3ximo m\u00eas de agosto em Denver. Os jovens estavam acompanhados de Kiko Arg\u00fcello e Carmen Hern\u00e1ndez. Assistiram ao encontro\u00ad os cardeais Pio Laghi e Camillo Ruini, os arcebispos Crescenzio Sepe e Massimo Romero de Lema e os bispos Paul Cordes e Giulio Salimei.<\/em>&#13;\n&#13;\n<em>Aos jovens, provenientes na sua maioria das regi\u00f5es centrais da It\u00e1lia, o Papa dirigiu\u00ad as seguintes palavras:<\/em><\/p>\n\n<div class=\"wp-block-image\"><figure class=\"alignleft size-medium\"><img loading=\"lazy\" decoding=\"async\" width=\"300\" height=\"241\" src=\"https:\/\/neocatechumenaleiter.org\/wp-content\/uploads\/2020\/03\/Camino_Neocatecumenal_Juan_Pablo_II_audiencia_jovenes_preparacion_jmj_denver_1993-300x241.jpg\" alt=\"\" class=\"wp-image-2425\" srcset=\"https:\/\/neocatechumenaleiter.org\/wp-content\/uploads\/2020\/03\/Camino_Neocatecumenal_Juan_Pablo_II_audiencia_jovenes_preparacion_jmj_denver_1993-300x241.jpg 300w, https:\/\/neocatechumenaleiter.org\/wp-content\/uploads\/2020\/03\/Camino_Neocatecumenal_Juan_Pablo_II_audiencia_jovenes_preparacion_jmj_denver_1993.jpg 708w\" sizes=\"auto, (max-width: 300px) 100vw, 300px\" \/><\/figure><\/div>\n\n<p>&#8220;Quando vi esta multid\u00e3o \u2500 certamente uma grande concentra\u00e7\u00e3o \u2500 e quando soube que todos est\u00e3o se preparando para ir a Denver, pensei: &#8220;Mas onde estes neocatec\u00famenos arrumam o dinheiro que necessitam? Talvez queiram ir a p\u00e9 ou a nado, mas isso \u00e9 impens\u00e1vel&#8230;&#8221; Sei que estivestes aqui, nesta sala, o dia inteiro. N\u00e3o estou a par de que coisas fizestes aqui durante todo o dia, nem mesmo perguntei. Mas vi esta \u00faltima etapa, a apresenta\u00e7\u00e3o das voca\u00e7\u00f5es, e poderia dizer olhando isto: &#8220;Eis como Kiko suscita as voca\u00e7\u00f5es&#8221;. <\/p>\n\n<p>Mas, gra\u00e7as a Deus, n\u00e3o \u00e9 Kiko que as suscita: \u00e9 o Esp\u00edrito Santo que suscita \u2500 talvez esta n\u00e3o seja a palavra correta, mas uma vez usada deve ser usada tamb\u00e9m aqui \u2500 \u00e9 o Esp\u00edrito Santo que suscita estas voca\u00e7\u00f5es por interm\u00e9dio destes diferentes meios humanos: por meio de todo este movimento&#8230; oh, movimento n\u00e3o, mas Caminho Neocatecumenal, toda esta estrutura organizativa \u00e9 humana, \u00e9 vis\u00edvel, mas est\u00e1 aberta \u00e0 influ\u00eancia, \u00e0 inspira\u00e7\u00e3o do Esp\u00edrito Santo.<\/p>\n\n<p>Eu me pergunto onde est\u00e1 o n\u00facleo deste processo que por meio do Caminho Neocatecumenal, por meio de diversas pessoas, de diversas circunst\u00e2ncias, produz, suscita, inspira voca\u00e7\u00f5es sacerdotais, \u00e0 vida consagrada, religiosa. Estou convencido de que o &#8220;punctum saliens&#8221;, o ponto de partida de tudo isso \u00e9 a descoberta da riqueza, da profundidade divina, sacramental, do Batismo. A nossa primeira voca\u00e7\u00e3o \u00e9 a batismal. No santo Batismo, neste sacramento &#8220;ex aqua et Spiritu Sancto&#8221;, neste renascimento da morte de Cristo por sua ressurrei\u00e7\u00e3o, encontram-se todas as voca\u00e7\u00f5es como na raiz.&#13;\n\u00c9 uma descoberta profunda, vivida do Batismo que leva consigo, como consequ\u00eancia poss\u00edvel, ou melhor, necess\u00e1ria, a descoberta da vida como voca\u00e7\u00e3o.&#13;\nAqui se entende o sentido da denomina\u00e7\u00e3o: Caminho Neocatecumenal. Existia o catecumenato tradicional nos primeiros s\u00e9culos da Igreja e ainda existe nos pa\u00edses de miss\u00e3o, e faz muito bem para a Igreja: prepara os crist\u00e3os, prepara as voca\u00e7\u00f5es. V\u00f3s fostes batizados na inf\u00e2ncia, talvez nos primeiros dias da vossa vida. O catecumenato deve vir depois para a descoberta das riquezas do santo Batismo, das riquezas divinas e tamb\u00e9m humanas que s\u00e3o tantas. S\u00e3o Paulo as apresentou especialmente na Carta aos Romanos, mas hoje se poderia escrever um coment\u00e1rio muito mais extenso, muito mais pormenorizado destas riquezas que s\u00e3o pr\u00f3prias do Batismo, que s\u00e3o riquezas divinas e humanas ao mesmo tempo. Uma destas riquezas \u00e9 justamente que o Batismo n\u00e3o \u00e9 est\u00e1tico. Voc\u00ea poderia ir uma vez e pronto. Voc\u00ea vai em um momento da vida e j\u00e1 \u00e9 o suficiente. Registra nos livros paroquiais e basta. Por\u00e9m n\u00e3o, n\u00e3o \u00e9 est\u00e1tico, \u00e9 din\u00e2mico: provoca, de fato, um caminho de vida crist\u00e3. Mas este caminho pode ser descoberto. O vosso Caminho Neocatecumenal ajuda a descobrir aquele caminho batismal \u2500 aquele caminho que inicia com o sacramento do Batismo \u2500 e que deve levar cada um de n\u00f3s a uma voca\u00e7\u00e3o, antes de tudo \u00e0 voca\u00e7\u00e3o crist\u00e3 universal. Ser crist\u00e3o j\u00e1 \u00e9 uma voca\u00e7\u00e3o estupenda e ainda sabemos bem que dentro desta voca\u00e7\u00e3o crist\u00e3 que \u00e9 de todos os crentes, de todos os batizados, existem v\u00e1rias voca\u00e7\u00f5es. <\/p>\n\n<div class=\"wp-block-image\"><figure class=\"alignright size-large\"><img loading=\"lazy\" decoding=\"async\" width=\"682\" height=\"563\" src=\"https:\/\/neocatechumenaleiter.org\/wp-content\/uploads\/2020\/03\/Camino_Neocatecumenal_Juan_Pablo_II_audiencia_jovenes_preparacion_jmj_denver_1993_2.jpg\" alt=\"\" class=\"wp-image-2436\" srcset=\"https:\/\/neocatechumenaleiter.org\/wp-content\/uploads\/2020\/03\/Camino_Neocatecumenal_Juan_Pablo_II_audiencia_jovenes_preparacion_jmj_denver_1993_2.jpg 682w, https:\/\/neocatechumenaleiter.org\/wp-content\/uploads\/2020\/03\/Camino_Neocatecumenal_Juan_Pablo_II_audiencia_jovenes_preparacion_jmj_denver_1993_2-300x248.jpg 300w\" sizes=\"auto, (max-width: 682px) 100vw, 682px\" \/><\/figure><\/div>\n\n<p>O matrim\u00f4nio, certamente, \u00e9 sacramento e voca\u00e7\u00e3o. Se for comparado com outras categorias, n\u00e3o \u00e9 um modo adequado de tratar, n\u00e3o \u00e9 o modo de tratar propriamente crist\u00e3o: o matrim\u00f4nio \u00e9 uma voca\u00e7\u00e3o grande. &#8220;Sacramentum magnum&#8221;, como dizia S\u00e3o Paulo na Carta aos Ef\u00e9sios.\u2003&#13;\nMas h\u00e1 uma economia na Igreja, uma cerim\u00f4nia sobrenatural, as voca\u00e7\u00f5es s\u00e3o ordenadas a partir da Igreja. A partir da Igreja, s\u00e3o necess\u00e1rias, indispens\u00e1veis, estas voca\u00e7\u00f5es que vimos serem apresentadas hoje. S\u00e3o indispens\u00e1veis, e n\u00f3s sabemos bem como s\u00e3o indispens\u00e1veis os sacerdotes na Igreja, e como s\u00e3o indispens\u00e1veis, de um outro ponto de vista, as pessoas consagradas, as religiosas, os religiosos, contemplativos e apost\u00f3licos; todos s\u00e3o ativos em um certo modo e todos s\u00e3o contemplativos em um certo modo; como s\u00e3o indispens\u00e1veis para fazer viver todo este organismo que \u00e9 a Igreja.&#13;\nBem, brevemente queria fazer um pequeno coment\u00e1rio sobre esta assembleia de hoje, sobre esta vossa prepara\u00e7\u00e3o ao encontro de Denver. Fazeis bem em vos preparar, porque deve ser uma grande experi\u00eancia de f\u00e9, de f\u00e9 batismal, esta de Denver, como foram as precedentes Jornadas Mundiais da Juventude: Roma, Buenos Aires, depois Santiago de Compostela e a \u00faltima em Czestochowa.<\/p>\n\n<p>Desejo que prossigais ao longo deste caminho que descobristes gra\u00e7as ao Caminho Neocatecumenal, este caminho da vida crist\u00e3, da voca\u00e7\u00e3o crist\u00e3, que \u00e9 pr\u00f3pria de cada um de n\u00f3s, e tamb\u00e9m desejo que possais prosseguir neste caminho da voca\u00e7\u00e3o ao sacerd\u00f3cio ou \u00e0 vida consagrada, que descobristes gra\u00e7as a este Caminho Neocatecumenal. E desejo que possais ir a Denver, mesmo que n\u00e3o tenhais muitas riquezas, encontrareis um jeito. N\u00e3o sei como, mas encontrareis. Caminho significa tamb\u00e9m viagem: desejo-vos, pois, &#8220;boa viagem&#8221;. <\/p>\n","protected":false},"excerpt":{"rendered":"<p>Audi\u00eancia com os jovens que se preparam para participar da Jornada Mundial em Denver 28\/3\/1993 S\u00e3o Jo\u00e3o Paulo II Cidade do Vaticano \u2500 Sala Paulo VI, 28 de mar\u00e7o de 1993. O Santo Padre recebeu em audi\u00eancia na tarde do domingo 28 de mar\u00e7o, cerca de 8 mil jovens\u00ad comprometidos no Caminho Neocatecumenal que deram vida, na Sala Paulo VI, a um encontro em prepara\u00e7\u00e3o \u00e0 Jornada Mundial da Juventude<\/p>\n<div class=\"read-more\"><a class=\"btn read-more-btn\" href=\"https:\/\/neocatechumenaleiter.org\/pt-br\/palavras-dos-papas\/sao-joao-paulo-ii\/audiencia-do-santo-padre-joao-paulo-ii-aos-jovens-do-caminho-neocatecumenal-que-participaram-de-uma-jornada-em-preparacao-ao-encontro-mundial-de-denver-28-3-1993\/\">Ler mais<\/a><\/div>\n","protected":false},"author":2,"featured_media":0,"parent":4247,"menu_order":71,"comment_status":"closed","ping_status":"closed","template":"","meta":{"footnotes":""},"class_list":["post-9443","page","type-page","status-publish","hentry"],"_links":{"self":[{"href":"https:\/\/neocatechumenaleiter.org\/pt-br\/wp-json\/wp\/v2\/pages\/9443","targetHints":{"allow":["GET"]}}],"collection":[{"href":"https:\/\/neocatechumenaleiter.org\/pt-br\/wp-json\/wp\/v2\/pages"}],"about":[{"href":"https:\/\/neocatechumenaleiter.org\/pt-br\/wp-json\/wp\/v2\/types\/page"}],"author":[{"embeddable":true,"href":"https:\/\/neocatechumenaleiter.org\/pt-br\/wp-json\/wp\/v2\/users\/2"}],"replies":[{"embeddable":true,"href":"https:\/\/neocatechumenaleiter.org\/pt-br\/wp-json\/wp\/v2\/comments?post=9443"}],"version-history":[{"count":6,"href":"https:\/\/neocatechumenaleiter.org\/pt-br\/wp-json\/wp\/v2\/pages\/9443\/revisions"}],"predecessor-version":[{"id":24138,"href":"https:\/\/neocatechumenaleiter.org\/pt-br\/wp-json\/wp\/v2\/pages\/9443\/revisions\/24138"}],"up":[{"embeddable":true,"href":"https:\/\/neocatechumenaleiter.org\/pt-br\/wp-json\/wp\/v2\/pages\/4247"}],"wp:attachment":[{"href":"https:\/\/neocatechumenaleiter.org\/pt-br\/wp-json\/wp\/v2\/media?parent=9443"}],"curies":[{"name":"wp","href":"https:\/\/api.w.org\/{rel}","templated":true}]}}