{"id":9455,"date":"2020-03-04T02:16:49","date_gmt":"2020-03-04T01:16:49","guid":{"rendered":"https:\/\/neocatechumenaleiter.org\/palavras-dos-papas\/sao-joao-paulo-ii\/ordenacao-sacerdotal-em-sao-pedro-de-38-presbiteros-28-4-1996\/"},"modified":"2021-08-10T11:04:12","modified_gmt":"2021-08-10T10:04:12","slug":"ordenacao-sacerdotal-em-sao-pedro-de-38-presbiteros-28-4-1996","status":"publish","type":"page","link":"https:\/\/neocatechumenaleiter.org\/pt-br\/palavras-dos-papas\/sao-joao-paulo-ii\/ordenacao-sacerdotal-em-sao-pedro-de-38-presbiteros-28-4-1996\/","title":{"rendered":"Ordena\u00e7\u00e3o Sacerdotal na Bas\u00edlica de S\u00e3o Pedro 28\/4\/1996"},"content":{"rendered":"\n<h1 class=\"has-text-align-center wp-block-heading\">Ordena\u00e7\u00e3o Sacerdotal na Bas\u00edlica de S\u00e3o Pedro 28\/4\/1996<\/h1>\n\n<div style=\"height:20px\" aria-hidden=\"true\" class=\"wp-block-spacer\"><\/div>\n\n<h4 class=\"has-text-align-center wp-block-heading\">S\u00e3o Jo\u00e3o Paulo II<\/h4>\n\n<div style=\"height:20px\" aria-hidden=\"true\" class=\"wp-block-spacer\"><\/div>\n\n<div class=\"wp-block-image\"><figure class=\"alignleft size-medium\"><img loading=\"lazy\" decoding=\"async\" width=\"300\" height=\"212\" src=\"https:\/\/neocatechumenaleiter.org\/wp-content\/uploads\/2020\/03\/Camino_Neocatecumenal_Juan_Pablo_II_ordenacion_sacerdotal_1996_2-300x212.jpg\" alt=\"\" class=\"wp-image-2644\" srcset=\"https:\/\/neocatechumenaleiter.org\/wp-content\/uploads\/2020\/03\/Camino_Neocatecumenal_Juan_Pablo_II_ordenacion_sacerdotal_1996_2-300x212.jpg 300w, https:\/\/neocatechumenaleiter.org\/wp-content\/uploads\/2020\/03\/Camino_Neocatecumenal_Juan_Pablo_II_ordenacion_sacerdotal_1996_2.jpg 681w\" sizes=\"auto, (max-width: 300px) 100vw, 300px\" \/><\/figure><\/div>\n\n<p><strong>S\u00e3o Pedro, 28 de abril de 1996.<\/strong><\/p>\n\n<p><em>O Santo Padre ordenou 38 novos presb\u00edteros, sendo 18 deles do Semin\u00e1rio Redemptoris\u00ad Mater. A seguir reportamos a homilia:<\/em><\/p>\n\n<p>&#8220;1.&#8217;Eu sou o bom pastor&#8217; (Jo 10,11). Car\u00edssimos di\u00e1conos, daqui a pouco sereis ordenados sacerdotes e sereis intimamente conformados a Cristo Bom Pastor, cuja figura domina este quarto domingo da P\u00e1scoa, Jornada Mundial da Ora\u00e7\u00e3o para as voca\u00e7\u00f5es.&#13;\n&#13;\nEu vos acolho com grande afeto, junto com as comunidades dos quatro\u00ad semin\u00e1rios de Roma onde realizastes o itiner\u00e1rio formativo: o Semin\u00e1rio Romano Maior, o Col\u00e9gio Capranica, o Semin\u00e1rio Redemptoris Mater e o dos Oblatos do Divino Amor. Acolho-vos com as vossas fam\u00edlias nas quais se aprofundam as ra\u00edzes do vosso chamado ao sacerd\u00f3cio. Antes de serem formados no seio materno, v\u00f3s j\u00e1 \u00e9reis objeto de um especial plano de Deus (cf. Jr 1,5).&#13;\n&#13;\nEu vos acolho com os amigos das par\u00f3quias, das associa\u00e7\u00f5es, dos movimentos\u00ad com os quais fizestes a experi\u00eancia pastoral. Neste ano, no qual eu recordo o 50\u00ba anivers\u00e1rio de ordena\u00e7\u00e3o sacerdotal, estou contente de impor\u00ad as minhas m\u00e3os sobre 38 jovens que a diocese de Roma oferece a Deus para que se dediquem ao servi\u00e7o do seu povo.<\/p>\n\n<p>2. &#8216;Eu sou o bom Pastor&#8217;. Detenhamo-nos por um momento em meditar\u00ad juntos as palavras do Evangelho de Jo\u00e3o. Na verdade, elas ressoam\u00ad hoje de modo particular para v\u00f3s, que com este sacramento sois admitidos a uma participa\u00e7\u00e3o especial no mist\u00e9rio de Cristo Sacerdote\u00ad e Bom Pastor.&#13;\n&#13;\n&#8216;O bom Pastor oferece a vida pelas ovelhas&#8217; (Jo 10,11). Assim, na linguagem joanina, Jesus sintetiza a sua pr\u00f3pria miss\u00e3o. Encontramos essa mesma\u00ad l\u00f3gica nas palavras da primeira Carta do ap\u00f3stolo Pedro:&#13;\n&#13;\n&#8216;Sobre o madeiro, levou os nossos pecados em seu pr\u00f3prio corpo, a fim de que, mortos para os nossos pecados, viv\u00eassemos para a justi\u00e7a. Por suas feridas fostes curados. &#8230; Cristo sofreu por v\u00f3s, deixando-vos um exemplo, a fim de que sigais os seus passos&#8217; (1 Pd 2,24.21).&#13;\n&#13;\nCar\u00edssimos di\u00e1conos, no dia da vossa ordena\u00e7\u00e3o sacerdotal, sois chamados a acolher e a abra\u00e7ar de modo personal\u00edssimo e incondicional este &#8216;exemplo&#8217;. Sois chamados a am\u00e1-lo. A cada um\u00ad de v\u00f3s, portanto, eu digo: adere com todo o teu ser \u00c0quele que levou sobre o lenho da cruz os teus pecados e os de toda a humanidade\u00ad; ama o seu exemplo e segue os seus passos!<\/p>\n\n<div class=\"wp-block-image\"><figure class=\"alignright size-medium\"><img loading=\"lazy\" decoding=\"async\" width=\"300\" height=\"250\" src=\"https:\/\/neocatechumenaleiter.org\/wp-content\/uploads\/2020\/03\/Camino_Neocatecumenal_Juan_Pablo_II_ordenacion_sacerdotal_1996-300x250.jpg\" alt=\"\" class=\"wp-image-2651\" srcset=\"https:\/\/neocatechumenaleiter.org\/wp-content\/uploads\/2020\/03\/Camino_Neocatecumenal_Juan_Pablo_II_ordenacion_sacerdotal_1996-300x250.jpg 300w, https:\/\/neocatechumenaleiter.org\/wp-content\/uploads\/2020\/03\/Camino_Neocatecumenal_Juan_Pablo_II_ordenacion_sacerdotal_1996.jpg 672w\" sizes=\"auto, (max-width: 300px) 100vw, 300px\" \/><\/figure><\/div>\n\n<p>3. &#8216;Eu sou o bom Pastor, conhe\u00e7o as minhas ovelhas e as minhas ovelhas me conhecem&#8217; (Jo 10,14).&#13;\n&#13;\nEste &#8220;conhecimento&#8221;, sabeis bem por t\u00ea-lo estudado e sobretudo\u00ad por o haver experimentado em primeira pessoa, \u00e9 um conhecimento \u00fanico. Ele nasce de uma disposi\u00e7\u00e3o salv\u00edfica. \u00c9 conhecimento n\u00e3o apenas da mente, mas tamb\u00e9m do cora\u00e7\u00e3o; conhecimento de quem ama e, reciprocamente\u00ad, de quem \u00e9 amado; de quem \u00e9 fiel e de quem acreditando se confia a Ele.&#13;\n&#13;\nNo admir\u00e1vel Salmo 22, salmo responsorial da celebra\u00e7\u00e3o\u00ad lit\u00fargica de hoje, esse conhecimento de amor encontra uma sublime express\u00e3o nos termos de uma confiss\u00e3o de louvor da alma orante que desfruta de paz e seguran\u00e7a sem limites, gra\u00e7as \u00e0 presen\u00e7a condescendente de Deus:<\/p>\n\n<p>&#8216;O Senhor \u00e9 meu pastor, nada me falta. Em verdes pastagens me faz repousar. Para as \u00e1guas tranquilas me conduz. Restaura minhas for\u00e7as; ele me guia por caminhos justos, por causa do seu nome&#8230; Diante de mim preparas uma mesa&#8230; unges minha cabe\u00e7a com \u00f3leo&#8217; (cf. Sl 22,1-3.5).<\/p>\n\n<p>A confian\u00e7a e o sentido de seguran\u00e7a, garantidos por Deus Bom Pastor, n\u00e3o diminuem nem sequer na hora da prova e das experi\u00eancias mais dif\u00edceis:&#13;\n&#13;\n&#8216;Ainda que eu caminhe por um vale tenebroso, nenhum mal temerei, pois est\u00e1s junto a mim&#8217; (Sl 22,4).&#13;\n&#13;\nNo dia da ordena\u00e7\u00e3o sacerdotal, car\u00edssimos di\u00e1conos, cada\u00ad um de v\u00f3s reaviva no profundo do cora\u00e7\u00e3o a confian\u00e7a: confian\u00e7a solid\u00edssima e imperturb\u00e1vel que floresce na alma por apenas invocar o nome: &#8216;Bom Pastor&#8217;. Reavivai-a desde agora, na perspectiva das provas e das dificuldades que a vida e o minist\u00e9rio sacerdotal encerram\u00ad. Cristo ser\u00e1 sempre um Pastor sol\u00edcito de modo particular em rela\u00e7\u00e3o \u00e0queles que Ele chama a participar, por meio do sacerd\u00f3cio\u00ad ministerial, da sua pr\u00f3pria solicitude pastoral.<\/p>\n\n<p>4. Ele \u00e9 a porta das ovelhas (cf. Jo 10,7).&#13;\n&#13;\nEm todo momento, nos bons e maus momentos, o sacerdote sabe que a sua alma e aquelas confiadas ao seu cora\u00e7\u00e3o s\u00e3o objeto de uma singular\u00ad solicitude do Bom Pastor. Por isso, enfrenta com confian\u00e7a a sua miss\u00e3o. Ele sabe que a passagem \u00e0 vida eterna est\u00e1 aberta a todos por meio\u00ad da porta vivente, \u00fanica e universal, que \u00e9 Cristo nossa P\u00e1scoa.&#13;\n&#13;\nHoje, car\u00edssimos di\u00e1conos, entrais numa \u00edntima rela\u00e7\u00e3o com Cristo,\u00ad Pastor das almas. Cada um de v\u00f3s, configurado n&#8217;Ele, se tornar\u00e1 correspons\u00e1vel pela passagem das almas da morte para a vida, da vida segundo a carne para a vida segundo o Esp\u00edrito. E \u00e9 poss\u00edvel levar a t\u00e9rmino essa miss\u00e3o sobretudo com a ora\u00e7\u00e3o e com a oferta da vida por Cristo, com Cristo e em Cristo.<\/p>\n\n<p>A partir de agora, portanto, eu vos exorto a confiar a Ele, Pastor e Porta das ovelhas, todos aqueles que a divina Provid\u00eancia quiser chamar e conduzir\u00ad a Ele por meio do vosso servi\u00e7o pastoral.&#13;\n&#13;\nQue responsabilidade! O que \u00e9 que pode possibilitar ao sacerdote enfrentar\u00ad uma semelhante miss\u00e3o? Somente a certeza de que Cristo \u00e9 o Pastor de todas as almas e que est\u00e1 perto de todo sacerdote para sustent\u00e1-lo no minist\u00e9rio.&#13;\n&#13;\nE junto ao sacerdote est\u00e1 tamb\u00e9m Maria Sant\u00edssima, M\u00e3e do Bom Pastor e do nosso sacerd\u00f3cio. A Ela, queridos di\u00e1conos, confio cada um de v\u00f3s e o vosso minist\u00e9rio.<\/p>\n\n<p>Que o Senhor, que prepara uma mesa diante de v\u00f3s, unja vossas cabe\u00e7as com o \u00f3leo da alegria e fa\u00e7a com que vosso c\u00e1lice esteja sempre transbordante\u00ad do seu amor (cf. Sl 22,5). Am\u00e9m!&#8221;&#13;\n&#13;\n\u00a0<\/p>\n","protected":false},"excerpt":{"rendered":"<p>Ordena\u00e7\u00e3o Sacerdotal na Bas\u00edlica de S\u00e3o Pedro 28\/4\/1996 S\u00e3o Jo\u00e3o Paulo II S\u00e3o Pedro, 28 de abril de 1996. O Santo Padre ordenou 38 novos presb\u00edteros, sendo 18 deles do Semin\u00e1rio Redemptoris\u00ad Mater. A seguir reportamos a homilia: &#8220;1.&#8217;Eu sou o bom pastor&#8217; (Jo 10,11). Car\u00edssimos di\u00e1conos, daqui a pouco sereis ordenados sacerdotes e sereis intimamente conformados a Cristo Bom Pastor, cuja figura domina este quarto domingo da P\u00e1scoa, Jornada<\/p>\n<div class=\"read-more\"><a class=\"btn read-more-btn\" href=\"https:\/\/neocatechumenaleiter.org\/pt-br\/palavras-dos-papas\/sao-joao-paulo-ii\/ordenacao-sacerdotal-em-sao-pedro-de-38-presbiteros-28-4-1996\/\">Ler mais<\/a><\/div>\n","protected":false},"author":2,"featured_media":0,"parent":4247,"menu_order":85,"comment_status":"closed","ping_status":"closed","template":"","meta":{"footnotes":""},"class_list":["post-9455","page","type-page","status-publish","hentry"],"_links":{"self":[{"href":"https:\/\/neocatechumenaleiter.org\/pt-br\/wp-json\/wp\/v2\/pages\/9455","targetHints":{"allow":["GET"]}}],"collection":[{"href":"https:\/\/neocatechumenaleiter.org\/pt-br\/wp-json\/wp\/v2\/pages"}],"about":[{"href":"https:\/\/neocatechumenaleiter.org\/pt-br\/wp-json\/wp\/v2\/types\/page"}],"author":[{"embeddable":true,"href":"https:\/\/neocatechumenaleiter.org\/pt-br\/wp-json\/wp\/v2\/users\/2"}],"replies":[{"embeddable":true,"href":"https:\/\/neocatechumenaleiter.org\/pt-br\/wp-json\/wp\/v2\/comments?post=9455"}],"version-history":[{"count":6,"href":"https:\/\/neocatechumenaleiter.org\/pt-br\/wp-json\/wp\/v2\/pages\/9455\/revisions"}],"predecessor-version":[{"id":24290,"href":"https:\/\/neocatechumenaleiter.org\/pt-br\/wp-json\/wp\/v2\/pages\/9455\/revisions\/24290"}],"up":[{"embeddable":true,"href":"https:\/\/neocatechumenaleiter.org\/pt-br\/wp-json\/wp\/v2\/pages\/4247"}],"wp:attachment":[{"href":"https:\/\/neocatechumenaleiter.org\/pt-br\/wp-json\/wp\/v2\/media?parent=9455"}],"curies":[{"name":"wp","href":"https:\/\/api.w.org\/{rel}","templated":true}]}}