{"id":9467,"date":"2020-03-04T02:19:33","date_gmt":"2020-03-04T01:19:33","guid":{"rendered":"https:\/\/neocatechumenaleiter.org\/palavras-dos-papas\/sao-joao-paulo-ii\/vigilia-de-pentecostes-na-praca-sao-pedro-com-o-santo-padre-joao-paulo-ii-para-a-abertura-da-missao-citadina-por-ocasiao-do-grande-jubileu-do-ano-2000-25-5-1996\/"},"modified":"2020-05-13T18:37:27","modified_gmt":"2020-05-13T17:37:27","slug":"vigilia-de-pentecostes-na-praca-sao-pedro-com-o-santo-padre-joao-paulo-ii-para-a-abertura-da-missao-citadina-por-ocasiao-do-grande-jubileu-do-ano-2000-25-5-1996","status":"publish","type":"page","link":"https:\/\/neocatechumenaleiter.org\/pt-br\/palavras-dos-papas\/sao-joao-paulo-ii\/vigilia-de-pentecostes-na-praca-sao-pedro-com-o-santo-padre-joao-paulo-ii-para-a-abertura-da-missao-citadina-por-ocasiao-do-grande-jubileu-do-ano-2000-25-5-1996\/","title":{"rendered":"Vig\u00edlia do Grande Jubileu do ano 2000 25\/5\/1996"},"content":{"rendered":"\n<h1 class=\"has-text-align-center wp-block-heading\">Vig\u00edlia do Grande Jubileu do ano 2000 25\/5\/1996<\/h1>\n\n<div style=\"height:20px\" aria-hidden=\"true\" class=\"wp-block-spacer\"><\/div>\n\n<h4 class=\"has-text-align-center wp-block-heading\">S\u00e3o Jo\u00e3o Paulo II<\/h4>\n\n<div style=\"height:20px\" aria-hidden=\"true\" class=\"wp-block-spacer\"><\/div>\n\n<p><strong>Pra\u00e7a de S\u00e3o Pedro, 25 de maio de 1996.<\/strong><\/p>\n\n<p><em>Na Vig\u00edlia, durante a qual Jo\u00e3o Paulo II celebrou a Eucaristia na pra\u00e7a da Bas\u00edlica Vaticana, participaram todos os membros da comunidade eclesial diocesana: sacerdotes, religiosos e religiosas, par\u00f3quias, associa\u00e7\u00f5es, movimentos, novas comunidades. Ainda foram inscritos outros 60 mil fi\u00e9is, enquanto os sacerdotes concelebrantes (incluindo os cardeais e os bispos presentes na diocese) eram cerca de 1.400.<\/em>&#013;\n&#013;\n<em>Reportamos o texto da homilia de Jo\u00e3o Paulo II:<\/em><\/p>\n\n<p>1. &#8220;A paz esteja convosco! Como o Pai me enviou, tamb\u00e9m eu vos envio&#8230; Recebei o Esp\u00edrito Santo!&#8221; (Jo 20,21-22).&#013;\n&#013;\nNesta vig\u00edlia de Pentecostes, a Igreja que est\u00e1 em Roma encontra-se reunida\u00ad como os Ap\u00f3stolos no Cen\u00e1culo depois dos eventos do tr\u00edduo pascal.&#013;\n&#013;\nEles sabiam que o Senhor havia ressuscitado e que havia aparecido a Sim\u00e3o. Mas o pr\u00f3prio Jesus apareceu no meio deles e ofereceu a sauda\u00e7\u00e3o de paz. Depois mostrou as m\u00e3os e o lado transpassado, com os sinais vis\u00edveis da paix\u00e3o\u00ad. Sim! \u00c9 Ele mesmo. \u00c9 o mesmo Jesus, antes crucificado e agora ressuscitado. &#8220;Os disc\u00edpulos ficaram cheios de alegria por verem o Senhor\u201d (Jo 20,20).&#013;\n&#013;\nDesde o entardecer da P\u00e1scoa, no entanto, Jesus antecipou o evento de Pentecostes: &#8220;Como o Pai me enviou, tamb\u00e9m eu vos envio&#8230; Recebei o Esp\u00edrito Santo&#8221;.<\/p>\n\n<p>2. Car\u00edssimos irm\u00e3os e irm\u00e3s da Diocese de Roma! Por meio de uma vig\u00edlia de ora\u00e7\u00e3o, que evoca a Vig\u00edlia Pascal, estamos aqui reunidos para nos preparar para a solenidade da descida do Esp\u00edrito Santo.&#013;\n&#013;\nA leitura tirada dos Atos dos Ap\u00f3stolos, que acabamos de escutar, recorda o que aconteceu em Jerusal\u00e9m no dia de Pentecostes\u00ad: o imprevisto e impetuoso vento, a apari\u00e7\u00e3o das l\u00ednguas de fogo, os Ap\u00f3stolos que, cheios do Esp\u00edrito Santo, come\u00e7am a anunciar\u00ad o Evangelho em l\u00ednguas desconhecidas para eles. Nasce a Igreja.&#013;\n&#013;\nPessoas pertencentes a v\u00e1rias na\u00e7\u00f5es, e que usam idiomas diferentes, escutam falar em suas pr\u00f3prias l\u00ednguas os Ap\u00f3stolos, que eram Galileus\u00ad (cf. At 1,11): &#8220;N\u00f3s os ouvimos proclamar em nossas pr\u00f3prias l\u00ednguas as maravilhas de Deus!&#8221; (At 2,11).&#013;\n&#013;\n\u00c9 o in\u00edcio solene da miss\u00e3o dos Ap\u00f3stolos, miss\u00e3o recebida 50 dias antes do Ressuscitado, que lhes havia ordenado: &#8220;Eu vos envio. Recebei o Esp\u00edrito Santo!&#8221; (Jo 20,21-22).<\/p>\n\n<p>3. <em>Emitte Spiritum tuum et creabuntur<\/em>: &#8220;envia o teu Esp\u00edrito e ser\u00e3o\u00ad criados&#8221; (cf. Sl 103,30).&#013;\n&#013;\nDizendo: &#8220;Recebei o Esp\u00edrito Santo&#8221;, Cristo revela a pot\u00eancia criadora do Esp\u00edrito de Deus que, derramado sobre todo homem (cfr. Jl 3,1), restabelece a unidade do g\u00eanero humano destru\u00edda por causa do pecado, na torre de Babel.&#013;\n&#013;\nBabel se converte no s\u00edmbolo da desagrega\u00e7\u00e3o e do desespero\u00ad (cfr. Gn 11,1-9). Por sua vez, o Pentecostes constitui o cumprimento pleno da unidade que, pela pot\u00eancia do Esp\u00edrito da verdade, \u00e9 reconstru\u00edda\u00ad a partir da mesma multiplicidade da exist\u00eancia e das experi\u00eancias\u00ad humanas.&#013;\n&#013;\nCristo \u00e9 colocado como cabe\u00e7a do povo da Nova Alian\u00e7a: Ele \u00e9 o grande Profeta esperado. Ao redor d&#8217;Ele devem se reunir &#8220;os filhos e as filhas&#8221; do novo Israel (cfr. Lumen Gentium n. 9), que animados pelo Esp\u00edrito que d\u00e1 a vida (cfr. Ez 37,14), participam pessoalmente da miss\u00e3o\u00ad salv\u00edfica de Cristo, Sacerdote, Profeta e Rei, seguindo as suas pegadas, ao longo dos s\u00e9culos e dos mil\u00eanios.<\/p>\n\n<p>4. O segundo mil\u00eanio crist\u00e3o est\u00e1 prestes a terminar. Conscientes do &#8220;tertio millenio adveniente&#8221;, do terceiro mil\u00eanio que se aproxima, estamos reunidos neste particular Cen\u00e1culo da Igreja constitu\u00eddo nesta noite junto \u00e0 tumba de S\u00e3o Pedro. Os quase dois mil\u00eanios transcorridos nos olham, testemunhados de modo especial por este lugar, marcado pelas tumbas dos m\u00e1rtires e dos confessores da f\u00e9. Aqui estamos juntos \u00e0s rel\u00edquias dos Ap\u00f3stolos, colunas da Igreja que est\u00e3o em Roma. E se repete em nosso meio, agora, aquilo que aconteceu na noite de P\u00e1scoa. Cristo, pela Eucaristia, ultrapassa o espa\u00e7o e o tempo e se faz presente entre n\u00f3s, como fez ent\u00e3o com os ap\u00f3stolos reunidos no Cen\u00e1culo. Dirige-nos as mesmas palavras: &#8220;A paz esteja convosco! Como o Pai me enviou, tamb\u00e9m eu vos envio. Recebei o Esp\u00edrito Santo!&#8221;.<\/p>\n\n<p>5. Recebei o Esp\u00edrito Santo! Estamos reunidos para juntos invocar o dom do Esp\u00edrito Santo para toda a comunidade eclesial de Roma, chamada a realizar uma miss\u00e3o citadina exigente. Com esta iniciativa apost\u00f3lica, a Igreja que est\u00e1 em Roma pretende escancarar os bra\u00e7os a todas as pessoas e fam\u00edlias da cidade e penetrar como fermento em todos os \u00e2mbitos sociais de trabalho, de sofrimento, de arte e de cultura, anunciando e testemunhando aos que est\u00e3o pr\u00f3ximos e aos que est\u00e3o longe o Senhor ressuscitado. Car\u00edssimos irm\u00e3os e irm\u00e3s, vivendo nesta metr\u00f3pole, que infelizmente n\u00e3o escapa das tenta\u00e7\u00f5es do secularismo, se \u00e9 sutilmente amea\u00e7ado pela fadiga, pela indiferen\u00e7a, pelo torpor espiritual e pelo relativismo no qual tudo se dilui e se confunde. Eis porque a grande miss\u00e3o citadina que inauguramos nesta vig\u00edlia vai dirigida em primeiro lugar aos que creem. Antes de tudo, ela \u00e9 uma s\u00faplica ao Esp\u00edrito Santo para fortalecer a nossa f\u00e9, para renovar o nosso fervor, para acender a nossa caridade. N\u00e3o deixemos turvar o nosso cora\u00e7\u00e3o pelos temores e pela perplexidade. Ao contr\u00e1rio, contando n\u00e3o com as for\u00e7as humanas, mas com a gra\u00e7a que vem de Deus, levemos, como testemunhas da verdade e do amor de Cristo, o Evangelho da esperan\u00e7a a todos os habitantes de Roma. Assim, tamb\u00e9m poderemos influenciar a cultura, o modo de viver, as expectativas e os projetos de toda a comunidade citadina.<\/p>\n\n<p>6. Igreja, tu que est\u00e1s em Roma, o Senhor te amou com um amor incondicional. Por isso, \u00e9s rica de energias espirituais e mission\u00e1rias e muito mais suscitar\u00e1 em ti o Esp\u00edrito por meio da miss\u00e3o. Dirijo-me primeiramente a v\u00f3s, queridos irm\u00e3os no sacerd\u00f3cio, consagrados para serem as primeiras testemunhas do Evangelho e os ap\u00f3stolos da verdade e da unidade: sede os primeiros agentes incans\u00e1veis da miss\u00e3o, sede santos para vos converterdes em instrumentos d\u00f3ceis pelos quais Deus opera a santifica\u00e7\u00e3o do seu povo. \u00c9 das par\u00f3quias que deve partir essa miss\u00e3o e v\u00f3s sois os respons\u00e1veis e animadores qualificados das comunidades paroquiais. E v\u00f3s, queridos religiosos e religiosas, chamados a ser um sinal prof\u00e9tico da presen\u00e7a de Deus, doai-vos com \u00edmpeto a essa Igreja em miss\u00e3o por meio da ora\u00e7\u00e3o e das atividades apost\u00f3licas. Nesta doa\u00e7\u00e3o encontrareis o gosto da vossa voca\u00e7\u00e3o. Penso em v\u00f3s, queridos irm\u00e3os e irm\u00e3s que trabalhais pacientemente nas par\u00f3quias e formais o s\u00f3lido tecido da atividade pastoral cotidiana da catequese e do servi\u00e7o da caridade. Por meio da miss\u00e3o podeis encontrar um renovado vigor espiritual para transmitir o Evangelho de Cristo nas vossas fam\u00edlias e nos ambientes de trabalho. V\u00f3s, queridos membros dos numerosos movimentos, organismos e associa\u00e7\u00f5es eclesiais, assegurai \u00e0 miss\u00e3o citadina a plena e fiel colabora\u00e7\u00e3o em estrito entendimento com os pastores, as par\u00f3quias e toda a realidade diocesana.<\/p>\n\n<p>V\u00f3s, queridos jovens, colocai as vossas vigorosas energias a servi\u00e7o desta grande empresa espiritual, superando todos os eventuais temores ou respeito humano. Proclamai com franqueza e coragem a vossa f\u00e9 em Cristo entre os vossos contempor\u00e2neos e amigos. Tamb\u00e9m de v\u00f3s, queridos enfermos e sofredores, e de v\u00f3s que vos sentis marginalizados, a miss\u00e3o citadina espera uma contribui\u00e7\u00e3o, em certo sentido, determinante para o sucesso. Acolhendo a vossa condi\u00e7\u00e3o e oferecendo-a ao Pai Celeste junto com Cristo, podeis vos tornar uma via providencial e misteriosa de salva\u00e7\u00e3o para Roma. A miss\u00e3o vos pertence, queridos membros da C\u00faria Romana e meus colaboradores ao servi\u00e7o da Igreja universal, chamados a dar a vossa qualificada contribui\u00e7\u00e3o \u00e0 vida da comunidade crist\u00e3, que est\u00e1 em Roma, e \u00e0 prepara\u00e7\u00e3o do Grande Jubileu do Ano 2000. A vossa colabora\u00e7\u00e3o tamb\u00e9m ser\u00e1 extremamente importante para o bom \u00eaxito desta grande a\u00e7\u00e3o evangelizadora.<\/p>\n\n<p>A miss\u00e3o tamb\u00e9m \u00e9 feita por v\u00f3s, queridos irm\u00e3os e irm\u00e3s vindos a Roma de v\u00e1rias partes do mundo. J\u00e1 sois parte integrante da nossa comunidade diocesana. Obrigado por estarem aqui nesta noite para rezar. Que a miss\u00e3o citadina, depois do s\u00ednodo diocesano, possa marcar um passo adiante no caminho de crescimento espiritual e de comunh\u00e3o entre todos os crist\u00e3os que vivem em nossa cidade.<\/p>\n\n<p>7. Nesta noite o nosso olhar n\u00e3o pode deixar de se estender \u00e0s expectativas da Igreja universal, em caminho rumo ao grande Jubileu do Ano 2000\u00ad. A Igreja busca ter uma consci\u00eancia mais viva da presen\u00e7a do Esp\u00edrito que atua nela, para o bem da sua comunh\u00e3o e miss\u00e3o\u00ad, mediante dons sacramentais, hier\u00e1rquicos e carism\u00e1ticos.&#013;\n&#013;\nUm dos dons do Esp\u00edrito para os nossos tempos \u00e9 certamente o florescimento\u00ad dos movimentos eclesiais que desde o in\u00edcio do meu pontificado continuo\u00ad a indicar como motivo de esperan\u00e7a para a Igreja e para os homens. Eles &#8220;s\u00e3o um sinal da liberdade de formas, em que se realiza a \u00fanica Igreja, e representam uma segura novidade, que ainda espera ser adequadamente compreendida em toda a sua positiva efic\u00e1cia para o Reino de Deus, que age no hoje da hist\u00f3ria&#8221; (Insegnamenti, VII\/2 [1984], p. 696). No \u00e2mbito das celebra\u00e7\u00f5es do Grande Jubileu, sobretudo\u00ad o do ano de 1998, dedicado em modo particular ao Esp\u00edrito Santo\u00ad e \u00e0 sua presen\u00e7a santificadora dentro da comunidade dos disc\u00edpulos de Cristo (cf. Tertio Millennio Adveniente, n. 44), conto com o comum testemunho e colabora\u00e7\u00e3o dos movimentos. Confio\u00ad que eles, em comunh\u00e3o com os pastores e ligados \u00e0s iniciativas\u00ad diocesanas, desejar\u00e3o levar ao cora\u00e7\u00e3o da Igreja as suas riquezas carism\u00e1ticas e, por isso, educativas e mission\u00e1rias, como preciosa experi\u00eancia e proposta de vida crist\u00e3.<\/p>\n\n<p>8. A paz esteja convosco! Como o Pai me enviou, tamb\u00e9m eu vos envio&#8230;  Recebei o Esp\u00edrito Santo!&#8221;. Cristo, no s\u00edmbolo do Evangeli\u00e1rio que nesta noite entrego ao cardeal Vig\u00e1rio para que seja solenemente exposto na Bas\u00edlica de S\u00e3o Jo\u00e3o de Latr\u00e3o, est\u00e1 presente e sustenta o caminho da grande miss\u00e3o citadina que conduzir\u00e1 a comunidade eclesial de Roma \u00e0s portas do terceiro mil\u00eanio. &#8220;Eu tamb\u00e9m vos envio&#8230;&#8221;. Senhor, como aconteceu no in\u00edcio da miss\u00e3o da Igreja, tu hoje nos envias para uma nova miss\u00e3o evangelizadora. Tu nos confias a miss\u00e3o de levar a Boa Nova pelas ruas e pra\u00e7as desta cidade; queres que a tua Igreja seja peregrina de esperan\u00e7a e de paz pelos caminhos do mundo. Tu sustentas o nosso caminho com a for\u00e7a do teu Esp\u00edrito, converte-nos em ap\u00f3stolos corajosos do Evangelho e construtores de uma nova humanidade. Maria, \u201cSalus Popoli Romani\u201d, que acompanhar\u00e1 com o teu venerado \u00edcone a peregrina\u00e7\u00e3o desta noite, guiai os nossos passos; concedei-nos a plenitude dos dons do Esp\u00edrito Santo.<\/p>\n\n<p>&#8220;Emitte Spiritum tuum et creabuntur&#8221;.  Am\u00e9m!<\/p>\n","protected":false},"excerpt":{"rendered":"<p>Vig\u00edlia do Grande Jubileu do ano 2000 25\/5\/1996 S\u00e3o Jo\u00e3o Paulo II Pra\u00e7a de S\u00e3o Pedro, 25 de maio de 1996. Na Vig\u00edlia, durante a qual Jo\u00e3o Paulo II celebrou a Eucaristia na pra\u00e7a da Bas\u00edlica Vaticana, participaram todos os membros da comunidade eclesial diocesana: sacerdotes, religiosos e religiosas, par\u00f3quias, associa\u00e7\u00f5es, movimentos, novas comunidades. Ainda foram inscritos outros 60 mil fi\u00e9is, enquanto os sacerdotes concelebrantes (incluindo os cardeais e os<\/p>\n<div class=\"read-more\"><a class=\"btn read-more-btn\" href=\"https:\/\/neocatechumenaleiter.org\/pt-br\/palavras-dos-papas\/sao-joao-paulo-ii\/vigilia-de-pentecostes-na-praca-sao-pedro-com-o-santo-padre-joao-paulo-ii-para-a-abertura-da-missao-citadina-por-ocasiao-do-grande-jubileu-do-ano-2000-25-5-1996\/\">Ler mais<\/a><\/div>\n","protected":false},"author":2,"featured_media":0,"parent":4247,"menu_order":86,"comment_status":"closed","ping_status":"closed","template":"","meta":{"footnotes":""},"class_list":["post-9467","page","type-page","status-publish","hentry"],"_links":{"self":[{"href":"https:\/\/neocatechumenaleiter.org\/pt-br\/wp-json\/wp\/v2\/pages\/9467","targetHints":{"allow":["GET"]}}],"collection":[{"href":"https:\/\/neocatechumenaleiter.org\/pt-br\/wp-json\/wp\/v2\/pages"}],"about":[{"href":"https:\/\/neocatechumenaleiter.org\/pt-br\/wp-json\/wp\/v2\/types\/page"}],"author":[{"embeddable":true,"href":"https:\/\/neocatechumenaleiter.org\/pt-br\/wp-json\/wp\/v2\/users\/2"}],"replies":[{"embeddable":true,"href":"https:\/\/neocatechumenaleiter.org\/pt-br\/wp-json\/wp\/v2\/comments?post=9467"}],"version-history":[{"count":5,"href":"https:\/\/neocatechumenaleiter.org\/pt-br\/wp-json\/wp\/v2\/pages\/9467\/revisions"}],"predecessor-version":[{"id":10332,"href":"https:\/\/neocatechumenaleiter.org\/pt-br\/wp-json\/wp\/v2\/pages\/9467\/revisions\/10332"}],"up":[{"embeddable":true,"href":"https:\/\/neocatechumenaleiter.org\/pt-br\/wp-json\/wp\/v2\/pages\/4247"}],"wp:attachment":[{"href":"https:\/\/neocatechumenaleiter.org\/pt-br\/wp-json\/wp\/v2\/media?parent=9467"}],"curies":[{"name":"wp","href":"https:\/\/api.w.org\/{rel}","templated":true}]}}