{"id":9469,"date":"2020-05-05T20:07:31","date_gmt":"2020-05-05T19:07:31","guid":{"rendered":"https:\/\/neocatechumenaleiter.org\/palavras-dos-papas\/sao-joao-paulo-ii\/audiencia-do-santo-padre-joao-paulo-ii-aos-iniciadores-do-caminho-neocatecumenal-e-aos-catequistas-itinerantes-24-1-1997\/"},"modified":"2020-05-14T22:14:23","modified_gmt":"2020-05-14T21:14:23","slug":"audiencia-do-santo-padre-joao-paulo-ii-aos-iniciadores-do-caminho-neocatecumenal-e-aos-catequistas-itinerantes-24-1-1997","status":"publish","type":"page","link":"https:\/\/neocatechumenaleiter.org\/pt-br\/palavras-dos-papas\/sao-joao-paulo-ii\/audiencia-do-santo-padre-joao-paulo-ii-aos-iniciadores-do-caminho-neocatecumenal-e-aos-catequistas-itinerantes-24-1-1997\/","title":{"rendered":"Discurso aos membros do Caminho Neocatecumenal 24\/1\/1997"},"content":{"rendered":"\n<h1 class=\"has-text-align-center wp-block-heading\">Discurso aos membros do Caminho Neocatecumenal 24\/1\/1997<\/h1>\n\n<div style=\"height:20px\" aria-hidden=\"true\" class=\"wp-block-spacer\"><\/div>\n\n<h4 class=\"has-text-align-center wp-block-heading\">S\u00e3o Jo\u00e3o Paulo II<\/h4>\n\n<div style=\"height:20px\" aria-hidden=\"true\" class=\"wp-block-spacer\"><\/div>\n\n<p><strong>Cidade do Vaticano \u2500 Sala Clementina, 24 de janeiro de 1997,<\/strong><\/p>\n\n<p><em>O Papa recebeu em audi\u00eancia os itinerantes do Caminho Neocatecumenal. Durante o encontro\u00ad, realizado na Sala Clementina, o Santo Padre pronunciou o seguinte discurso:<\/em><\/p>\n\n<p>&#8220;Car\u00edssimos irm\u00e3os e irm\u00e3s!&#013;\n&#013;\n1. Sede bem-vindos \u00e0 casa do Papa! Sa\u00fado-vos com afeto, queridos itinerantes leigos e sacerdotes, juntamente com os vossos respons\u00e1veis, iniciadores do Caminho Neocatecumenal. A vossa visita de hoje \u00e9 de grande conforto para mim.&#013;\n&#013;\nSei que viestes diretamente da reuni\u00e3o que tivestes no Monte Sinai e nas margens do Mar Vermelho. Por v\u00e1rias raz\u00f5es este momento foi hist\u00f3rico para v\u00f3s. Escolhestes como lugar do vosso retiro espiritual um lugar altamente significativo na hist\u00f3ria da salva\u00e7\u00e3o, um lugar extremamente adequado para escutar e meditar a palavra de Deus e para compreender melhor o des\u00edgnio do Senhor em rela\u00e7\u00e3o a v\u00f3s.&#013;\n&#013;\nQuisestes deste modo comemorar os 30 anos de vida do Caminho. Quanta estrada percorrestes com a ajuda do Senhor! O Caminho viu nestes anos um desenvolvimento e uma difus\u00e3o verdadeiramente impressionantes na Igreja. Iniciado entre os favelados de Madri, como o evang\u00e9lico gr\u00e3o de mostarda, tornou-se, 30\u00a0 anos depois, uma grande \u00e1rvore que j\u00e1 se estende a mais de 100 pa\u00edses do mundo, com presen\u00e7as significativas tamb\u00e9m entre os cat\u00f3licos das igrejas de rito oriental.<\/p>\n\n<div class=\"wp-block-image\"><figure class=\"alignleft size-large\"><img loading=\"lazy\" decoding=\"async\" width=\"679\" height=\"562\" src=\"https:\/\/neocatechumenaleiter.org\/wp-content\/uploads\/2020\/03\/Camino_Neocatecumenal_Juan_Pablo_II_audiencia_hermanos_del_Camino_1997.jpg\" alt=\"\" class=\"wp-image-2668\" srcset=\"https:\/\/neocatechumenaleiter.org\/wp-content\/uploads\/2020\/03\/Camino_Neocatecumenal_Juan_Pablo_II_audiencia_hermanos_del_Camino_1997.jpg 679w, https:\/\/neocatechumenaleiter.org\/wp-content\/uploads\/2020\/03\/Camino_Neocatecumenal_Juan_Pablo_II_audiencia_hermanos_del_Camino_1997-300x248.jpg 300w\" sizes=\"auto, (max-width: 679px) 100vw, 679px\" \/><\/figure><\/div>\n\n<p>2. Como todo anivers\u00e1rio, tamb\u00e9m o vosso, visto \u00e0 luz da f\u00e9, se transforma em ocasi\u00e3o de louvor e de agradecimento pela abund\u00e2ncia dos dons que o Senhor concedeu nestes anos a v\u00f3s e por vosso interm\u00e9dio\u00ad a toda a Igreja. Para muitos a experi\u00eancia neocatecumenal foi um caminho de convers\u00e3o e de amadurecimento na f\u00e9, pela redescoberta do Batismo, como verdadeira fonte de vida, e da Eucaristia, como momento culminante na exist\u00eancia do crist\u00e3o: por meio da redescoberta\u00ad da palavra de Deus \u00a0que, repartida na comunh\u00e3o fraterna, torna-se\u00ad luz e guia da vida; por meio\u00a0 da redescoberta da Igreja como aut\u00eantica comunidade mission\u00e1ria.&#013;\n&#013;\nQuantos mo\u00e7os e mo\u00e7as, gra\u00e7as ao Caminho, descobriram a pr\u00f3pria voca\u00e7\u00e3o sacerdotal e religiosa! A vossa visita de hoje oferece uma feliz oportunidade, tamb\u00e9m a mim, para me unir ao vosso canto de louvor e de a\u00e7\u00e3o de gra\u00e7as pelas &#8220;maravilhas&#8221; (magn\u00e1lia) que Deus est\u00e1 realizando na experi\u00eancia do Caminho.<\/p>\n\n<p>3. Sua hist\u00f3ria est\u00e1 escrita no contexto daquele florescimento dos movimentos e das agrega\u00e7\u00f5es eclesiais que constitui um dos frutos mais belos da renova\u00e7\u00e3o\u00ad espiritual iniciada pelo Conc\u00edlio Vaticano II. Esse florescimento foi e ainda \u00e9 um grande dom do Esp\u00edrito Santo e um luminoso sinal de esperan\u00e7a no limiar do Terceiro Mil\u00eanio. Tanto os pastores como os fi\u00e9is leigos devem\u00ad saber acolher este dom com gratid\u00e3o, mas tamb\u00e9m com sentido de responsabilidade, tendo em conta que &#8220;na Igreja, tanto o aspecto institucional\u00ad quanto o carism\u00e1tico, tanto a hierarquia quanto as associa\u00e7\u00f5es e movimentos de fi\u00e9is, s\u00e3o coessenciais e concorrem para a vida, para a renova\u00e7\u00e3o\u00ad, para a santifica\u00e7\u00e3o, ainda que de modo diferente&#8221; (Jo\u00e3o Paulo II, aos participantes no Col\u00f3quio Internacional dos Movimentos Eclesiais, 2 e 3 de mar\u00e7o de 1987: <em>Insegnamenti di Giovanni Paolo II<\/em>, XI (1987), 478).&#013;\n&#013;\nNo mundo de hoje, profundamente secularizado, a nova evangeliza\u00e7\u00e3o\u00ad coloca-se como um dos desafios fundamentais. Os movimentos eclesiais que se caracterizam pelo impulso mission\u00e1rio\u00ad s\u00e3o chamados a um empenho especial no esp\u00edrito de comunh\u00e3o e de colabora\u00e7\u00e3o. Na Enc\u00edclica Redemptoris missio escrevi a respeito disso: &#8220;Quando se inserem com humildade na vida das Igrejas locais e s\u00e3o acolhidos cordialmente pelos bispos e sacerdotes nas estruturas diocesanas e paroquiais, os movimentos representam um verdadeiro dom de Deus para a nova evangeliza\u00e7\u00e3o e para a atividade mission\u00e1ria\u00ad propriamente dita. Recomendo, portanto, que se difundam e sirvam para dar novo vigor, sobretudo entre os jovens, \u00e0 vida crist\u00e3\u00ad&#8221; (Jo\u00e3o Paulo II, Redemptoris missio, n. 72).&#013;\n&#013;\nPor esse motivo, para o ano de 1998, que no quadro da prepara\u00e7\u00e3o\u00ad para o Grande Jubileu \u00e9 dedicado ao Esp\u00edrito Santo, desejei\u00ad um testemunho comum de todos os movimentos eclesiais, sob a guia do Pontif\u00edcio Conselho para os Leigos. Ser\u00e1 um momento de comunh\u00e3o\u00ad e de renovado empenho ao servi\u00e7o da miss\u00e3o da Igreja. Estou certo de que n\u00e3o faltareis a esse encontro t\u00e3o significativo.<\/p>\n\n<div class=\"wp-block-image\"><figure class=\"alignright size-large\"><img loading=\"lazy\" decoding=\"async\" width=\"393\" height=\"353\" src=\"https:\/\/neocatechumenaleiter.org\/wp-content\/uploads\/2020\/03\/Camino_Neocatecumenal_Juan_Pablo_II_audiencia_hermanos_del_Camino_1997_2.jpg\" alt=\"\" class=\"wp-image-2675\" srcset=\"https:\/\/neocatechumenaleiter.org\/wp-content\/uploads\/2020\/03\/Camino_Neocatecumenal_Juan_Pablo_II_audiencia_hermanos_del_Camino_1997_2.jpg 393w, https:\/\/neocatechumenaleiter.org\/wp-content\/uploads\/2020\/03\/Camino_Neocatecumenal_Juan_Pablo_II_audiencia_hermanos_del_Camino_1997_2-300x269.jpg 300w\" sizes=\"auto, (max-width: 393px) 100vw, 393px\" \/><\/figure><\/div>\n\n<p>4. O Caminho Neocatecumenal completa 30 anos de vida: a idade, diria, de uma certa maturidade. A vossa reuni\u00e3o no Sinai abriu diante de v\u00f3s, num certo sentido, uma nova etapa. Oportunamente, portanto, procurastes dirigir o vosso olhar, com esp\u00edrito de f\u00e9, n\u00e3o s\u00f3 para o passado, mas tamb\u00e9m para o futuro, interrogando-vos sobre qual \u00e9 o des\u00edgnio de Deus em rela\u00e7\u00e3o ao Caminho neste momento hist\u00f3rico. O Senhor colocou nas vossas m\u00e3os um tesouro precioso. Como viv\u00ea-lo em plenitude? Como desenvolv\u00ea-lo? Como melhor compartilh\u00e1-lo com os demais? Como defend\u00ea-lo dos v\u00e1rios perigos atuais ou vindouros? Eis algumas das perguntas que vos foram colocadas, como respons\u00e1veis do Caminho ou como itinerantes da primeira hora. Para responder a estas perguntas num clima de ora\u00e7\u00e3o e de profunda reflex\u00e3o, iniciastes no Sinai o processo de elabora\u00e7\u00e3o de um Estatuto do Caminho. Trata-se de um passo muito importante que abre caminho para o seu formal reconhecimento jur\u00eddico, por parte da Igreja, dando-vos uma ulterior garantia da autenticidade do vosso carisma. Como sabemos, &#8220;o ju\u00edzo acerca da sua autenticidade (dos carismas) e do seu exerc\u00edcio regular, pertence \u00e0queles que presidem a Igreja e aos quais compete de modo especial n\u00e3o extinguir o Esp\u00edrito, mas examinar tudo e conservar o que \u00e9 bom&#8221; (Lumen Gentium, 12). Encorajo-vos a levar adiante o trabalho iniciado, sob a guia do Pontif\u00edcio Conselho para os Leigos e, de modo especial, do seu secret\u00e1rio, Dom Stanis\u0142aw Ry\u0142ko, aqui presente conosco. Acompanho-vos neste caminho com a minha particular ora\u00e7\u00e3o. Antes de concluir, queria entregar a algumas irm\u00e3s uma cruz como sinal da sua fidelidade \u00e0 Igreja e da sua completa dedica\u00e7\u00e3o \u00e0 miss\u00e3o evangelizadora. O Senhor Jesus seja o vosso conforto e o vosso apoio nos momentos de dificuldade. A Virgem Sant\u00edssima, M\u00e3e da Igreja, seja vosso modelo e guia em todas as circunst\u00e2ncias. Com esses votos, concedo a minha afetuosa b\u00ean\u00e7\u00e3o a v\u00f3s aqui presentes e a quantos est\u00e3o empenhados no Caminho Neocatecumenal.<\/p>\n\n<figure class=\"wp-block-image size-large\"><img loading=\"lazy\" decoding=\"async\" width=\"675\" height=\"558\" src=\"https:\/\/neocatechumenaleiter.org\/wp-content\/uploads\/2020\/03\/Camino_Neocatecumenal_Juan_Pablo_II_audiencia_hermanos_del_Camino_1997_3.jpg\" alt=\"\" class=\"wp-image-2682\" srcset=\"https:\/\/neocatechumenaleiter.org\/wp-content\/uploads\/2020\/03\/Camino_Neocatecumenal_Juan_Pablo_II_audiencia_hermanos_del_Camino_1997_3.jpg 675w, https:\/\/neocatechumenaleiter.org\/wp-content\/uploads\/2020\/03\/Camino_Neocatecumenal_Juan_Pablo_II_audiencia_hermanos_del_Camino_1997_3-300x248.jpg 300w\" sizes=\"auto, (max-width: 675px) 100vw, 675px\" \/><\/figure>\n","protected":false},"excerpt":{"rendered":"<p>Discurso aos membros do Caminho Neocatecumenal 24\/1\/1997 S\u00e3o Jo\u00e3o Paulo II Cidade do Vaticano \u2500 Sala Clementina, 24 de janeiro de 1997, O Papa recebeu em audi\u00eancia os itinerantes do Caminho Neocatecumenal. Durante o encontro\u00ad, realizado na Sala Clementina, o Santo Padre pronunciou o seguinte discurso: &#8220;Car\u00edssimos irm\u00e3os e irm\u00e3s!&#013; &#013; 1. Sede bem-vindos \u00e0 casa do Papa! Sa\u00fado-vos com afeto, queridos itinerantes leigos e sacerdotes, juntamente com os vossos<\/p>\n<div class=\"read-more\"><a class=\"btn read-more-btn\" href=\"https:\/\/neocatechumenaleiter.org\/pt-br\/palavras-dos-papas\/sao-joao-paulo-ii\/audiencia-do-santo-padre-joao-paulo-ii-aos-iniciadores-do-caminho-neocatecumenal-e-aos-catequistas-itinerantes-24-1-1997\/\">Ler mais<\/a><\/div>\n","protected":false},"author":2,"featured_media":0,"parent":4247,"menu_order":87,"comment_status":"closed","ping_status":"closed","template":"","meta":{"footnotes":""},"class_list":["post-9469","page","type-page","status-publish","hentry"],"_links":{"self":[{"href":"https:\/\/neocatechumenaleiter.org\/pt-br\/wp-json\/wp\/v2\/pages\/9469","targetHints":{"allow":["GET"]}}],"collection":[{"href":"https:\/\/neocatechumenaleiter.org\/pt-br\/wp-json\/wp\/v2\/pages"}],"about":[{"href":"https:\/\/neocatechumenaleiter.org\/pt-br\/wp-json\/wp\/v2\/types\/page"}],"author":[{"embeddable":true,"href":"https:\/\/neocatechumenaleiter.org\/pt-br\/wp-json\/wp\/v2\/users\/2"}],"replies":[{"embeddable":true,"href":"https:\/\/neocatechumenaleiter.org\/pt-br\/wp-json\/wp\/v2\/comments?post=9469"}],"version-history":[{"count":7,"href":"https:\/\/neocatechumenaleiter.org\/pt-br\/wp-json\/wp\/v2\/pages\/9469\/revisions"}],"predecessor-version":[{"id":10445,"href":"https:\/\/neocatechumenaleiter.org\/pt-br\/wp-json\/wp\/v2\/pages\/9469\/revisions\/10445"}],"up":[{"embeddable":true,"href":"https:\/\/neocatechumenaleiter.org\/pt-br\/wp-json\/wp\/v2\/pages\/4247"}],"wp:attachment":[{"href":"https:\/\/neocatechumenaleiter.org\/pt-br\/wp-json\/wp\/v2\/media?parent=9469"}],"curies":[{"name":"wp","href":"https:\/\/api.w.org\/{rel}","templated":true}]}}