{"id":38220,"date":"2020-02-18T19:07:54","date_gmt":"2020-02-18T18:07:54","guid":{"rendered":"https:\/\/neocatechumenaleiter.org\/home\/"},"modified":"2025-08-05T09:35:49","modified_gmt":"2025-08-05T08:35:49","slug":"home","status":"publish","type":"page","link":"https:\/\/neocatechumenaleiter.org\/sq\/","title":{"rendered":"Home"},"content":{"rendered":"\n<figure class=\"wp-block-gallery aligncenter has-nested-images columns-2 wp-block-gallery-1 is-layout-flex wp-block-gallery-is-layout-flex\">\n<figure class=\"wp-block-image size-large\"><img loading=\"lazy\" decoding=\"async\" width=\"368\" height=\"520\" data-id=\"42\" src=\"https:\/\/neocatechumenaleiter.org\/wp-content\/uploads\/2020\/02\/Camino_Neocatecumenal_virgen_maria.jpg\" alt=\"Ecja Neokatekumenale Virgjera Mari\" class=\"wp-image-42\" srcset=\"https:\/\/neocatechumenaleiter.org\/wp-content\/uploads\/2020\/02\/Camino_Neocatecumenal_virgen_maria.jpg 368w, https:\/\/neocatechumenaleiter.org\/wp-content\/uploads\/2020\/02\/Camino_Neocatecumenal_virgen_maria-212x300.jpg 212w\" sizes=\"auto, (max-width: 368px) 100vw, 368px\" \/><\/figure>\n\n\n<figure class=\"wp-block-image size-large\"><img decoding=\"async\" data-id=\"2922\" src=\"https:\/\/neocatechumenaleiter.org\/wp-content\/uploads\/2024\/11\/Ecja-Neokatekumenale-duhet-te-behen-bashkesi-te-krishtera-sq-1.png\" alt=\"\" class=\"wp-image-2922\"\/><\/figure><\/figure>\n\n<div style=\"height:30px\" aria-hidden=\"true\" class=\"wp-block-spacer\"><\/div>\n\n<hr class=\"wp-block-separator has-css-opacity is-style-wide\"\/>\n\n<div style=\"height:30px\" aria-hidden=\"true\" class=\"wp-block-spacer\"><\/div>\n\n<div class=\"wp-block-columns are-vertically-aligned-top is-layout-flex wp-container-core-columns-is-layout-9d6595d7 wp-block-columns-is-layout-flex\">\n<div class=\"wp-block-column is-vertically-aligned-top is-layout-flow wp-block-column-is-layout-flow\"><ul class=\"wp-block-latest-posts__list has-dates aligncenter strong wp-block-latest-posts\"><li><a class=\"wp-block-latest-posts__post-title\" href=\"https:\/\/neocatechumenaleiter.org\/sq\/lutje-per-paqen\/\">Lutje p\u00ebr paqen<\/a><time datetime=\"2026-03-12T03:51:26+01:00\" class=\"wp-block-latest-posts__post-date\">March 12, 2026<\/time><\/li>\n<li><a class=\"wp-block-latest-posts__post-title\" href=\"https:\/\/neocatechumenaleiter.org\/sq\/kiko-arguello-dhe-vepra-e-tij-simfonike-ne-katedralen-e-toledos\/\">Kiko Arg\u00fcello dhe Vepra e tij Simfonike n\u00eb Katedralen e Toledos<\/a><time datetime=\"2026-02-20T04:00:50+01:00\" class=\"wp-block-latest-posts__post-date\">February 20, 2026<\/time><\/li>\n<li><a class=\"wp-block-latest-posts__post-title\" href=\"https:\/\/neocatechumenaleiter.org\/sq\/ecja-neokatekumenale-nje-kontribut-i-cmuar-per-jeten-e-kishes\/\">Ecja Neokatekumenale: \u201cnj\u00eb kontribut i \u00e7muar p\u00ebr jet\u00ebn e Kish\u00ebs\u201d<\/a><time datetime=\"2026-01-19T12:12:49+01:00\" class=\"wp-block-latest-posts__post-date\">January 19, 2026<\/time><\/li>\n<\/ul><\/div>\n\n\n\n<div class=\"wp-block-column is-vertically-aligned-top is-layout-flow wp-block-column-is-layout-flow\">\n<h5 class=\"wp-block-heading has-text-align-left wp-block-latest-posts__list\"><a href=\"http:\/\/carmenhernandez.org\/en\" target=\"_blank\" rel=\"noreferrer noopener\"><strong>carmenhernandez.org<\/strong><\/a><\/h5>\n\n\n\n<div style=\"height:10px\" aria-hidden=\"true\" class=\"wp-block-spacer\"><\/div>\n<\/div>\n\n\n\n<div class=\"wp-block-column is-vertically-aligned-top is-layout-flow wp-block-column-is-layout-flow\">\n<h5 class=\"wp-block-heading has-text-align-left wp-block-latest-posts__list\"><a href=\"https:\/\/neocatechumenaleiter.org\/sq\/kontaktoni\/\" data-type=\"page\" data-id=\"844\">Vizita dhe pelegrinazhet<\/a><\/h5>\n<\/div>\n<\/div>\n","protected":false},"excerpt":{"rendered":"<p>carmenhernandez.org Vizita dhe pelegrinazhet<\/p>\n","protected":false},"author":1,"featured_media":0,"parent":0,"menu_order":0,"comment_status":"closed","ping_status":"open","template":"","meta":{"footnotes":""},"class_list":["post-38220","page","type-page","status-publish","hentry"],"_links":{"self":[{"href":"https:\/\/neocatechumenaleiter.org\/sq\/wp-json\/wp\/v2\/pages\/38220","targetHints":{"allow":["GET"]}}],"collection":[{"href":"https:\/\/neocatechumenaleiter.org\/sq\/wp-json\/wp\/v2\/pages"}],"about":[{"href":"https:\/\/neocatechumenaleiter.org\/sq\/wp-json\/wp\/v2\/types\/page"}],"author":[{"embeddable":true,"href":"https:\/\/neocatechumenaleiter.org\/sq\/wp-json\/wp\/v2\/users\/1"}],"replies":[{"embeddable":true,"href":"https:\/\/neocatechumenaleiter.org\/sq\/wp-json\/wp\/v2\/comments?post=38220"}],"version-history":[{"count":24,"href":"https:\/\/neocatechumenaleiter.org\/sq\/wp-json\/wp\/v2\/pages\/38220\/revisions"}],"predecessor-version":[{"id":43818,"href":"https:\/\/neocatechumenaleiter.org\/sq\/wp-json\/wp\/v2\/pages\/38220\/revisions\/43818"}],"wp:attachment":[{"href":"https:\/\/neocatechumenaleiter.org\/sq\/wp-json\/wp\/v2\/media?parent=38220"}],"curies":[{"name":"wp","href":"https:\/\/api.w.org\/{rel}","templated":true}]}}