{"id":38242,"date":"2020-02-29T19:59:09","date_gmt":"2020-02-29T18:59:09","guid":{"rendered":"https:\/\/neocatechumenaleiter.org\/benedikti-xvi\/"},"modified":"2024-12-11T01:54:41","modified_gmt":"2024-12-11T00:54:41","slug":"benedikti-xvi","status":"publish","type":"page","link":"https:\/\/neocatechumenaleiter.org\/sq\/fjalimet-e-papeve\/benedikti-xvi\/","title":{"rendered":"Benedikti XVI"},"content":{"rendered":"\n<h1 class=\"has-text-align-center wp-block-heading\">Benedikti XVI<\/h1>\n\n<div style=\"height:21px\" aria-hidden=\"true\" class=\"wp-block-spacer\"><\/div>\n\n<h4 class=\"has-text-align-center wp-block-heading\">Biografi<\/h4>\n\n<div style=\"height:20px\" aria-hidden=\"true\" class=\"wp-block-spacer\"><\/div>\n\n<div class=\"wp-block-image is-style-default\"><figure class=\"alignleft size-medium\"><img loading=\"lazy\" decoding=\"async\" width=\"250\" height=\"300\" src=\"https:\/\/neocatechumenaleiter.org\/wp-content\/uploads\/2020\/02\/Camino_Neocatecumenal_Papa_Benedicto_XVI-250x300.jpg\" alt=\"Papa Emeritus Benedikti XVI\" class=\"wp-image-873\" srcset=\"https:\/\/neocatechumenaleiter.org\/wp-content\/uploads\/2020\/02\/Camino_Neocatecumenal_Papa_Benedicto_XVI-250x300.jpg 250w, https:\/\/neocatechumenaleiter.org\/wp-content\/uploads\/2020\/02\/Camino_Neocatecumenal_Papa_Benedicto_XVI.jpg 500w\" sizes=\"auto, (max-width: 250px) 100vw, 250px\" \/><\/figure><\/div>\n\n<p>Joseph Ratzinger lindi n\u00eb Marktl am Inn (Gjermani) m\u00eb 16 prill 1927.<\/p>\n\n<p>M\u00eb 29 qershor 1961 u shugurua meshtar n\u00eb Mynihu, Gjermani. N\u00eb vitin 1953 ai mori doktoratin n\u00eb teologji.<\/p>\n\n<p>M\u00eb 25 mars 1977, u emerua Arqipeshk\u00ebv e Mynihut dhe Freisingut (Gjermani) dhe tre muaj m\u00eb von\u00eb, m\u00eb 27 qershor, q\u00eb i krijuar Kardinali nga Paul VI.<\/p>\n\n<p>N\u00eb vitin 1981 u em\u00ebrua nga Gjon Pali II si prefekti i Kongregacionit p\u00ebr Doktrinen e Fes\u00eb; Kryetari i Komisionit Papnor Biblik dhe i Komisionit Papnor Teologjik Nd\u00ebrkombetar\u00eb. Kryetari i Komisionit p\u00ebr p\u00ebrgatitjen e Katekizmit t\u00eb Kish\u00ebs Katolike t\u00eb cil\u00ebn ia paraqiti Atit t\u00eb Shenjt\u00eb. M\u00eb 3 korrik 2015 mori doktoratin \u201chonoris causa\u201d.<\/p>\n\n<p>M\u00eb 19 prill 2005, q\u00eb i zgjedhur Pap\u00eb i Kish\u00ebs Katolike duke marr\u00eb emrin Benedikti XVI.<\/p>\n\n<p>M\u00eb 11 shkurt 2013 ai dha dor\u00ebheqjen nga Papa i Kish\u00ebs Katolike, duke u b\u00ebr\u00eb Papa Emeritus.<\/p>\n\n<div style=\"height:20px\" aria-hidden=\"true\" class=\"wp-block-spacer\"><\/div>\n\n<hr class=\"wp-block-separator\"\/>\n\n<div style=\"height:20px\" aria-hidden=\"true\" class=\"wp-block-spacer\"><\/div>\n\n<h3 class=\"has-text-align-center wp-block-heading\">Dokumentim<\/h3>\n\n<div style=\"height:20px\" aria-hidden=\"true\" class=\"wp-block-spacer\"><\/div>\n\n<section id=\"search-2\" class=\"widget widget_search\"><form role=\"search\" method=\"get\" class=\"search-form\" action=\"https:\/\/neocatechumenaleiter.org\/sq\">\r\n\t<label for=\"search-form-5e59be1dc1b02\">\r\n\t\t<span class=\"screen-reader-text\">K\u00ebrkoni:<\/span>\r\n        <input type=\"search\" id=\"search-form-5e59be1dc1b02\" class=\"search-field\" placeholder=\"K\u00ebrkoni \u2026\" value=\"\" name=\"s\"\/><\/label>\r\n\t<button type=\"submit\" class=\"search-submit\">\r\n    \t<span class=\"screen-reader-text\">K\u00ebrkoni<\/span>\r\n        <i class=\"icon-magnifier\"><\/i>\r\n    <\/button>\r\n<\/form>\r\n<\/section>\n<div style=\"height:20px\" aria-hidden=\"true\" class=\"wp-block-spacer\"><\/div>\n\n<div class=\"columna-papas\">\r\n    <h4 class=\"has-text-align-center\">Anno 2005<\/h4>\r\n    <div style=\"height:20px\" aria-hidden=\"true\" class=\"wp-block-spacer\"><\/div>\r\n    <a href=\"https:\/\/neocatechumenaleiter.org\/sq\/fjalimet-e-papeve\/benedikti-xvi\/takimi-privat-me-nismetaret-e-ecjes-neokatekumenale-19-xi-2005\/\"><h6 class=\"has-text-align-left\">Audienca private me Nism\u00ebtar\u00ebt e Ecjes Neokatekumenale 19-11-2005<\/h6><\/a>\r\n<\/div>\r\n<div class=\"columna-papas\" style=\"background: #f7f7f7;\">\r\n    <h4 class=\"has-text-align-center\">Anno 2006<\/h4>\r\n    <div style=\"height:20px\" aria-hidden=\"true\" class=\"wp-block-spacer\"><\/div>\r\n    <a href=\"https:\/\/neocatechumenaleiter.org\/sq\/fjalimet-e-papeve\/benedikti-xvi\/fjalimi-i-papes-benedikti-xvi-ecjes-neokatekumenale-12-i-2006\/\"><h6 class=\"has-text-align-left\">Ligjerat\u00eb Ecjes Neokatechumenale 12 janar 2006<\/h6><\/a>\r\n    <hr class=\"wp-block-separator\"\/><a href=\"https:\/\/neocatechumenaleiter.org\/it\/discorsi-dei-papi\/benedetto-xvi\/benedetto-xvivi-allangelus-un-cammino-di-riscoperta-della-fede-29-x-2006\/\"><h6 class=\"has-text-align-left\">Angelus n\u00eb sheshin e Sh\u00ebn Pjetrit, 29 tetor 2006<\/h6><\/a>\r\n    <hr class=\"wp-block-separator\"\/><a href=\"https:\/\/neocatechumenaleiter.org\/it\/discorsi-dei-papi\/benedetto-xvi\/convivenza-di-vescovi-dellasia-e-dellaustralia-domus-galilaeae-18-xi-2006\/\"><h6 class=\"has-text-align-left\">Bashk\u00ebjetesa me Ip\u00ebshkvinj nga Azia dhe Australia n\u00eb Domus Galilaeae 18-Xi-2006<\/h6><\/a>\r\n<\/div>\n\n<div style=\"height:20px\" aria-hidden=\"true\" class=\"wp-block-spacer\"><\/div>\n\n<div class=\"columna-papas\">\r\n    <h4 class=\"has-text-align-center\">Anno 2007<\/h4>\r\n    <div style=\"height:20px\" aria-hidden=\"true\" class=\"wp-block-spacer\"><\/div>\r\n    <a href=\"https:\/\/neocatechumenaleiter.org\/it\/discorsi-dei-papi\/benedetto-xvi\/incontro-di-benedetto-xvi-con-i-parroci-e-il-clero-della-diocesi-di-roma-22-ii-2007\/\"><h6 class=\"has-text-align-left\">Takimi me famullitar\u00ebt dhe klerik\u00ebt e Rom\u00ebs 22 shkurt 2007<\/h6><\/a>\r\n    <hr class=\"wp-block-separator\"\/><a href=\"https:\/\/neocatechumenaleiter.org\/it\/discorsi-dei-papi\/benedetto-xvi\/udienza-privata-di-benedetto-xvi-agli-iniziatori-del-cammino-neocatecumenale-26-v-2007\/\"><h6 class=\"has-text-align-left\">Audienca private me Nism\u00ebtar\u00ebt e Ecjes 26 maj 2007<\/h6><\/a>\r\n<\/div>\r\n<div class=\"columna-papas\" style=\"background: #f7f7f7;\">\r\n    <h4 class=\"has-text-align-center\">Anno 2008<\/h4>\r\n    <div style=\"height:20px\" aria-hidden=\"true\" class=\"wp-block-spacer\"><\/div>\r\n    <a href=\"https:\/\/neocatechumenaleiter.org\/it\/discorsi-dei-papi\/benedetto-xvi\/convivenza-di-oltre-200-vescovi-e-9-cardinali-delleuropa-presso-la-domus-galilaeae-24-iii-2008\/\"><h6 class=\"has-text-align-left\">Bashk\u00ebjetesa me Ip\u00ebshkvinj t\u00eb Evrop\u00ebs n\u00eb Domus Galilaeae 24-III-2008<\/h6><\/a>\r\n<\/div>\n\n<div style=\"height:20px\" aria-hidden=\"true\" class=\"wp-block-spacer\"><\/div>\n\n<div class=\"columna-papas\">\r\n    <h4 class=\"has-text-align-center\">Anno 2009<\/h4>\r\n    <div style=\"height:20px\" aria-hidden=\"true\" class=\"wp-block-spacer\"><\/div>\r\n    <a href=\"https:\/\/neocatechumenaleiter.org\/it\/discorsi-dei-papi\/benedetto-xvi\/discorso-del-santo-padre-benedetto-xvi-nella-ricorrenza-dei-quarantanni-dagli-inizi-del-cammino-neocatecumenale-a-roma-10-i-2009\/\"><h6 class=\"has-text-align-left\">Ligjerat\u00eb me rastin e dyzet viteve t\u00eb fillimit t\u00eb Ecjes 10 janar 2009<\/h6><\/a>\r\n<\/div>\r\n<div class=\"columna-papas\" style=\"background: #f7f7f7;\">\r\n    <h4 class=\"has-text-align-center\">Anno 2010<\/h4>\r\n    <div style=\"height:20px\" aria-hidden=\"true\" class=\"wp-block-spacer\"><\/div>\r\n    <a href=\"https:\/\/neocatechumenaleiter.org\/it\/discorsi-dei-papi\/benedetto-xvi\/udienza-privata-di-benedetto-xvi-agli-iniziatori-del-cammino-neocatecumenale-13-xi-2010\/\"><h6 class=\"has-text-align-left\">Audienca me nism\u00ebtar\u00ebt e Ecjes Neokatekumenale 13-XI-2010<\/h6><\/a>\r\n<\/div>\n\n<div style=\"height:20px\" aria-hidden=\"true\" class=\"wp-block-spacer\"><\/div>\n\n<div class=\"columna-papas\">\r\n    <h4 class=\"has-text-align-center\">Anno 2011<\/h4>\r\n    <div style=\"height:20px\" aria-hidden=\"true\" class=\"wp-block-spacer\"><\/div>\r\n    <a href=\"https:\/\/neocatechumenaleiter.org\/it\/discorsi-dei-papi\/benedetto-xvi\/udienza-al-cammino-neocatecumenale-ed-invio-di-oltre-200-famiglie-in-missione-e-di-13-missio-ad-gentes-17-i-2011\/\"><h6 class=\"has-text-align-left\">Audienca me rastin e d\u00ebrgimit t\u00eb familjeve n\u00eb &#8220;Missio ad gentes&#8221; 17 janar 2011<\/h6><\/a>\r\n    <hr class=\"wp-block-separator\"\/><a href=\"https:\/\/neocatechumenaleiter.org\/it\/discorsi-dei-papi\/benedetto-xvi\/regina-coeli-in-occasione-della-visita-pastorale-ad-aquileia-e-venezia-8-v-2011\/\"><h6 class=\"has-text-align-left\">\u00abRegina Coeli\u00bb &#8211; Vizit\u00eb n\u00eb Aquileia dhe Venecia 8 maj 2011<\/h6><\/a>\r\n<\/div>\r\n<div class=\"columna-papas\" style=\"background: #f7f7f7;\">\r\n    <h4 class=\"has-text-align-center\">Anno 2012<\/h4>\r\n    <div style=\"height:20px\" aria-hidden=\"true\" class=\"wp-block-spacer\"><\/div>\r\n    <a href=\"https:\/\/neocatechumenaleiter.org\/it\/discorsi-dei-papi\/benedetto-xvi\/udienza-ed-invio-di-15-missio-ad-gentes-20-i-2012\/\"><h6 class=\"has-text-align-left\">Ligjerat\u00eb me rastin e d\u00ebrgimit t\u00eb familjeve n\u00eb &#8220;Misio ad gentes&#8221; 20 janar 2012<\/h6><\/a>\r\n<\/div>\n","protected":false},"excerpt":{"rendered":"<p>Benedikti XVI Biografi Joseph Ratzinger lindi n\u00eb Marktl am Inn (Gjermani) m\u00eb 16 prill 1927. M\u00eb 29 qershor 1961 u shugurua meshtar n\u00eb Mynihu, Gjermani. N\u00eb vitin 1953 ai mori doktoratin n\u00eb teologji. M\u00eb 25 mars 1977, u emerua Arqipeshk\u00ebv e Mynihut dhe Freisingut (Gjermani) dhe tre muaj m\u00eb von\u00eb, m\u00eb 27 qershor, q\u00eb i krijuar Kardinali nga Paul VI. N\u00eb vitin 1981 u em\u00ebrua nga Gjon Pali II si<\/p>\n<div class=\"read-more\"><a class=\"btn read-more-btn\" href=\"https:\/\/neocatechumenaleiter.org\/sq\/fjalimet-e-papeve\/benedikti-xvi\/\">Lexoni m\u00eb shum\u00eb<\/a><\/div>\n","protected":false},"author":2,"featured_media":0,"parent":38289,"menu_order":2,"comment_status":"closed","ping_status":"closed","template":"","meta":{"footnotes":""},"class_list":["post-38242","page","type-page","status-publish","hentry"],"_links":{"self":[{"href":"https:\/\/neocatechumenaleiter.org\/sq\/wp-json\/wp\/v2\/pages\/38242","targetHints":{"allow":["GET"]}}],"collection":[{"href":"https:\/\/neocatechumenaleiter.org\/sq\/wp-json\/wp\/v2\/pages"}],"about":[{"href":"https:\/\/neocatechumenaleiter.org\/sq\/wp-json\/wp\/v2\/types\/page"}],"author":[{"embeddable":true,"href":"https:\/\/neocatechumenaleiter.org\/sq\/wp-json\/wp\/v2\/users\/2"}],"replies":[{"embeddable":true,"href":"https:\/\/neocatechumenaleiter.org\/sq\/wp-json\/wp\/v2\/comments?post=38242"}],"version-history":[{"count":7,"href":"https:\/\/neocatechumenaleiter.org\/sq\/wp-json\/wp\/v2\/pages\/38242\/revisions"}],"predecessor-version":[{"id":39496,"href":"https:\/\/neocatechumenaleiter.org\/sq\/wp-json\/wp\/v2\/pages\/38242\/revisions\/39496"}],"up":[{"embeddable":true,"href":"https:\/\/neocatechumenaleiter.org\/sq\/wp-json\/wp\/v2\/pages\/38289"}],"wp:attachment":[{"href":"https:\/\/neocatechumenaleiter.org\/sq\/wp-json\/wp\/v2\/media?parent=38242"}],"curies":[{"name":"wp","href":"https:\/\/api.w.org\/{rel}","templated":true}]}}