{"id":38281,"date":"2020-02-27T19:31:11","date_gmt":"2020-02-27T18:31:11","guid":{"rendered":"https:\/\/neocatechumenaleiter.org\/kontaktoni\/"},"modified":"2024-11-19T20:41:16","modified_gmt":"2024-11-19T19:41:16","slug":"kontaktoni","status":"publish","type":"page","link":"https:\/\/neocatechumenaleiter.org\/sq\/kontaktoni\/","title":{"rendered":"Kontaktoni"},"content":{"rendered":"\n<h2 class=\"wp-block-heading has-text-align-center\">Na kontaktoni<\/h2>\n\n<div style=\"height:20px\" aria-hidden=\"true\" class=\"wp-block-spacer\"><\/div>\n\n<h5 class=\"wp-block-heading has-text-align-center\">Mund t\u00eb p\u00ebrdorni informacionin e m\u00ebposht\u00ebm p\u00ebr t\u00eb kontaktuar Qendr\u00ebn Neokatechumenal t\u00eb Lezh\u00ebs &#8211; Shqip\u00ebria<\/h5>\n\n<div class=\"datacontacto\">\r\n    <div class=\"container\">\r\n        <div class=\"datatel columna\">\r\n            <a href=\"tel:+390668134502\">\r\n                <span class=\"icon-phone\"><\/span>\r\n \t\t\t\t+355 697634603<\/a>\r\n        <\/div>\r\n        <div class=\"datadir columna\">\r\n            <a href=\"https:\/\/maps.app.goo.gl\/RbPxaP6z2Pd591br9\" target=\"_blank\" rel=\"noopener noreferrer\">                \r\n\t\t\t\t<span class=\"icon-map\"><\/span>\r\n\t\t\t\tRruga Carmen Hern\u00e1ndez, 6<br\/>4501 Lezh\u00eb &#8211; Albania<\/a>\r\n        <\/div>\r\n        <div class=\"datamail columna\">\r\n            <a href=\"mailto:srmlezhe@gmail.com\">\r\n                <span class=\"icon-envelope\"><\/span>\r\n \t\t\t\tsrmlezhe@gmail.com<\/a>\r\n        <\/div>\r\n    <\/div>\r\n<\/div>\n\n<div style=\"height:20px\" aria-hidden=\"true\" class=\"wp-block-spacer\"><\/div>\n\n<hr class=\"wp-block-separator has-css-opacity\"\/>\n\n<div style=\"height:30px\" aria-hidden=\"true\" class=\"wp-block-spacer\"><\/div>\n\n<h5 class=\"wp-block-heading has-text-align-center\">Vizita dhe pelegrinazhe<\/h5>\n\n<div style=\"height:20px\" aria-hidden=\"true\" class=\"wp-block-spacer\"><\/div>\n\n<h6 class=\"wp-block-heading has-text-align-center has-text-color\" style=\"color:#737373\">Kur na kontaktoni, tregoni t\u00eb dh\u00ebnat e m\u00ebposhtme: Famullia, komuniteti, numri i v\u00ebllez\u00ebrve, personi i kontaktit, telefoni, data e vizit\u00ebs, etj.<\/h6>\n\n<div style=\"height:30px\" aria-hidden=\"true\" class=\"wp-block-spacer\"><\/div>\n\n<div class=\"wp-block-columns are-vertically-aligned-center has-white-background-color has-background is-layout-flex wp-container-core-columns-is-layout-9d6595d7 wp-block-columns-is-layout-flex\">\n<div class=\"wp-block-column is-vertically-aligned-center is-layout-flow wp-block-column-is-layout-flow\">\n<h5 class=\"wp-block-heading has-text-align-center\"><strong>Centro neocatecumenale Madrid<\/strong><\/h5>\n<\/div>\n\n\n\n<div class=\"wp-block-column is-vertically-aligned-center is-layout-flow wp-block-column-is-layout-flow\">\n<div style=\"height:20px\" aria-hidden=\"true\" class=\"wp-block-spacer\"><\/div>\n\n\n\n<h6 class=\"wp-block-heading has-text-align-center contactar_visitas\"><a rel=\"noreferrer noopener\" href=\"mailto:visitas@cnc.madrid\" target=\"_blank\"><strong>visitas@cnc.madrid<\/strong><\/a><\/h6>\n\n\n\n<div style=\"height:20px\" aria-hidden=\"true\" class=\"wp-block-spacer\"><\/div>\n<\/div>\n\n\n\n<div class=\"wp-block-column is-vertically-aligned-center is-layout-flow wp-block-column-is-layout-flow\">\n<h6 class=\"wp-block-heading has-text-align-center\"><\/h6>\n<\/div>\n<\/div>\n\n<div style=\"height:30px\" aria-hidden=\"true\" class=\"wp-block-spacer\"><\/div>\n\n<div class=\"wp-block-columns are-vertically-aligned-center has-background is-layout-flex wp-container-core-columns-is-layout-9d6595d7 wp-block-columns-is-layout-flex\" style=\"background-color:#f5f5f5\">\n<div class=\"wp-block-column is-vertically-aligned-center is-layout-flow wp-block-column-is-layout-flow\">\n<h5 class=\"wp-block-heading has-text-align-center\"><strong>Varri i Carmen Hernandez<\/strong><\/h5>\n<\/div>\n\n\n\n<div class=\"wp-block-column is-vertically-aligned-center is-layout-flow wp-block-column-is-layout-flow\">\n<div style=\"height:20px\" aria-hidden=\"true\" class=\"wp-block-spacer\"><\/div>\n\n\n\n<h6 class=\"wp-block-heading has-text-align-center contactar_visitas\"><a href=\"mailto:visitas@carmenhernandez.info\"><strong>visitas@carmenhernandez.info<\/strong><\/a><\/h6>\n\n\n\n<div style=\"height:20px\" aria-hidden=\"true\" class=\"wp-block-spacer\"><\/div>\n<\/div>\n\n\n\n<div class=\"wp-block-column is-vertically-aligned-center is-layout-flow wp-block-column-is-layout-flow\">\n<h6 class=\"wp-block-heading has-text-align-center contactar_visitas\"><a rel=\"noreferrer noopener\" href=\"http:\/\/carmenhernandez.org\/it\/contact\" target=\"_blank\">Falenderimet dhe hiret e marra<\/a><\/h6>\n<\/div>\n<\/div>\n\n<div style=\"height:20px\" aria-hidden=\"true\" class=\"wp-block-spacer\"><\/div>\n\n<div class=\"wp-block-columns are-vertically-aligned-center has-white-background-color has-background is-layout-flex wp-container-core-columns-is-layout-9d6595d7 wp-block-columns-is-layout-flex\">\n<div class=\"wp-block-column is-vertically-aligned-center is-layout-flow wp-block-column-is-layout-flow\">\n<h5 class=\"wp-block-heading has-text-align-center\"><strong>Tudela dhe Javier (qytete spanjolle)<\/strong><\/h5>\n<\/div>\n\n\n\n<div class=\"wp-block-column is-vertically-aligned-center is-layout-flow wp-block-column-is-layout-flow\">\n<div style=\"height:20px\" aria-hidden=\"true\" class=\"wp-block-spacer\"><\/div>\n\n\n\n<h6 class=\"wp-block-heading has-text-align-center contactar_visitas\"><strong><a rel=\"noreferrer noopener\" href=\"mailto:pamplona.tudela.cn@gmail.com\" target=\"_blank\">pamplona.tudela.cn@gmail.com<\/a><\/strong><\/h6>\n\n\n\n<div style=\"height:20px\" aria-hidden=\"true\" class=\"wp-block-spacer\"><\/div>\n<\/div>\n\n\n\n<div class=\"wp-block-column is-vertically-aligned-center is-layout-flow wp-block-column-is-layout-flow\">\n<h6 class=\"wp-block-heading has-text-align-center contactar_visitas\"><a href=\"https:\/\/carmenhernandez.org\/it\/carmen-hernandez-soria-e-navarra-spagna\/\" target=\"_blank\" rel=\"noreferrer noopener\">Informacione t\u00eb tjera<\/a><\/h6>\n<\/div>\n<\/div>\n\n<div style=\"height:30px\" aria-hidden=\"true\" class=\"wp-block-spacer\"><\/div>\n\n<div class=\"wp-block-columns are-vertically-aligned-center has-background is-layout-flex wp-container-core-columns-is-layout-9d6595d7 wp-block-columns-is-layout-flex\" style=\"background-color:#f5f5f5\">\n<div class=\"wp-block-column is-vertically-aligned-center is-layout-flow wp-block-column-is-layout-flow\">\n<h5 class=\"wp-block-heading has-text-align-center\"><strong>Olvega (qytet spanjoll)<\/strong><\/h5>\n<\/div>\n\n\n\n<div class=\"wp-block-column is-vertically-aligned-center is-layout-flow wp-block-column-is-layout-flow\">\n<div style=\"height:20px\" aria-hidden=\"true\" class=\"wp-block-spacer\"><\/div>\n\n\n\n<h6 class=\"wp-block-heading has-text-align-center contactar_visitas\"><a rel=\"noreferrer noopener\" href=\"mailto:carmen.hernandez.olvega@gmail.com\" target=\"_blank\">carmen.hernandez.olvega@gmail.com<\/a><\/h6>\n\n\n\n<div style=\"height:20px\" aria-hidden=\"true\" class=\"wp-block-spacer\"><\/div>\n<\/div>\n\n\n\n<div class=\"wp-block-column is-vertically-aligned-center is-layout-flow wp-block-column-is-layout-flow\">\n<h6 class=\"wp-block-heading has-text-align-center contactar_visitas\"><a href=\"https:\/\/carmenhernandez.org\/it\/carmen-hernandez-soria-e-navarra-spagna\/\" target=\"_blank\" rel=\"noreferrer noopener\">Informacione t\u00eb tjera<\/a><\/h6>\n<\/div>\n<\/div>\n\n<div style=\"height:30px\" aria-hidden=\"true\" class=\"wp-block-spacer\"><\/div>\n\n<div class=\"wp-block-columns are-vertically-aligned-center has-white-background-color has-background is-layout-flex wp-container-core-columns-is-layout-9d6595d7 wp-block-columns-is-layout-flex\">\n<div class=\"wp-block-column is-vertically-aligned-center is-layout-flow wp-block-column-is-layout-flow\">\n<h5 class=\"wp-block-heading has-text-align-center\"><strong>Barcellona (qytet spanjoll)<\/strong><\/h5>\n<\/div>\n\n\n\n<div class=\"wp-block-column is-vertically-aligned-center is-layout-flow wp-block-column-is-layout-flow\">\n<h6 class=\"wp-block-heading has-text-align-center contactar_visitas\"><a rel=\"noreferrer noopener\" href=\"mailto:f.xaviervila@gmail.com\" target=\"_blank\">f.xaviervila@gmail.com<\/a><a href=\"mailto:franciscopelufo@gmail.com\" target=\"_blank\" rel=\"noreferrer noopener\">franciscopelufo@gmail.com<\/a><\/h6>\n<\/div>\n\n\n\n<div class=\"wp-block-column is-vertically-aligned-center is-layout-flow wp-block-column-is-layout-flow\">\n<h6 class=\"wp-block-heading has-text-align-center contactar_visitas\"><a href=\"https:\/\/carmenhernandez.org\/it\/carmen-hernandez-barcellona-spagna\/\" target=\"_blank\" rel=\"noreferrer noopener\">Informacione t\u00eb tjera<\/a><\/h6>\n<\/div>\n<\/div>\n\n<div style=\"height:30px\" aria-hidden=\"true\" class=\"wp-block-spacer\"><\/div>\n\n<div class=\"wp-block-columns are-vertically-aligned-center has-background is-layout-flex wp-container-core-columns-is-layout-9d6595d7 wp-block-columns-is-layout-flex\" style=\"background-color:#f5f5f5\">\n<div class=\"wp-block-column is-vertically-aligned-center is-layout-flow wp-block-column-is-layout-flow\">\n<h5 class=\"wp-block-heading has-text-align-center\"><strong>Zaragoza<\/strong> <strong>(qytet spanjoll)<\/strong><\/h5>\n<\/div>\n\n\n\n<div class=\"wp-block-column is-vertically-aligned-center is-layout-flow wp-block-column-is-layout-flow\">\n<div style=\"height:20px\" aria-hidden=\"true\" class=\"wp-block-spacer\"><\/div>\n\n\n\n<h6 class=\"wp-block-heading has-text-align-center contactar_visitas\"><a rel=\"noreferrer noopener\" href=\"mailto:peregrinacioneszaragoza.cn@gmail.com\" target=\"_blank\">peregrinacioneszaragoza.cn@gmail.com<\/a><\/h6>\n\n\n\n<div style=\"height:20px\" aria-hidden=\"true\" class=\"wp-block-spacer\"><\/div>\n<\/div>\n\n\n\n<div class=\"wp-block-column is-vertically-aligned-center is-layout-flow wp-block-column-is-layout-flow\">\n<h6 class=\"wp-block-heading has-text-align-center contactar_visitas has-background\" style=\"background-color:#f5f5f5\"><a href=\"https:\/\/neocatechumenaleiter.org\/it\/pellegrinaggi-a-zaragoza-spagna\/\" data-type=\"post\" data-id=\"32512\">Informacione t\u00eb tjera<\/a><\/h6>\n<\/div>\n<\/div>\n\n<div style=\"height:30px\" aria-hidden=\"true\" class=\"wp-block-spacer\"><\/div>\n\n<div class=\"wp-block-columns are-vertically-aligned-center has-white-background-color has-background is-layout-flex wp-container-core-columns-is-layout-9d6595d7 wp-block-columns-is-layout-flex\">\n<div class=\"wp-block-column is-vertically-aligned-center is-layout-flow wp-block-column-is-layout-flow\">\n<h5 class=\"wp-block-heading has-text-align-center\"><strong>Barbastro (qytet spanjoll)<\/strong><\/h5>\n<\/div>\n\n\n\n<div class=\"wp-block-column is-vertically-aligned-center is-layout-flow wp-block-column-is-layout-flow\">\n<div style=\"height:20px\" aria-hidden=\"true\" class=\"wp-block-spacer\"><\/div>\n\n\n\n<h6 class=\"wp-block-heading has-text-align-center contactar_visitas\"><a href=\"mailto:peregrinacionesbarbastro.cn@gmail.com\" target=\"_blank\" rel=\"noreferrer noopener\">peregrinacionesbarbastro.cn@gmail.com<\/a><\/h6>\n\n\n\n<div style=\"height:20px\" aria-hidden=\"true\" class=\"wp-block-spacer\"><\/div>\n<\/div>\n\n\n\n<div class=\"wp-block-column is-vertically-aligned-center is-layout-flow wp-block-column-is-layout-flow\">\n<h6 class=\"wp-block-heading has-text-align-center contactar_visitas\"><a href=\"https:\/\/neocatechumenaleiter.org\/it\/pellegrinaggi-a-barbastro-huesca-spagna\/\" data-type=\"post\" data-id=\"31933\">Informacione t\u00eb tjera<\/a><\/h6>\n<\/div>\n<\/div>\n\n<div style=\"height:30px\" aria-hidden=\"true\" class=\"wp-block-spacer\"><\/div>\n\n<div class=\"wp-block-columns are-vertically-aligned-center has-background is-layout-flex wp-container-core-columns-is-layout-9d6595d7 wp-block-columns-is-layout-flex\" style=\"background-color:#f5f5f5\">\n<div class=\"wp-block-column is-vertically-aligned-center is-layout-flow wp-block-column-is-layout-flow\">\n<h5 class=\"wp-block-heading has-text-align-center\"><strong>Farlete (qytet spanjoll)<\/strong><\/h5>\n<\/div>\n\n\n\n<div class=\"wp-block-column is-vertically-aligned-center is-layout-flow wp-block-column-is-layout-flow\">\n<div style=\"height:20px\" aria-hidden=\"true\" class=\"wp-block-spacer\"><\/div>\n\n\n\n<h6 class=\"wp-block-heading has-text-align-center contactar_visitas\"><a href=\"mailto:peregrinacionesfarlete.cn@gmail.com\" target=\"_blank\" rel=\"noreferrer noopener\">peregrinacionesfarlete.cn@gmail.com<\/a><\/h6>\n\n\n\n<div style=\"height:20px\" aria-hidden=\"true\" class=\"wp-block-spacer\"><\/div>\n<\/div>\n\n\n\n<div class=\"wp-block-column is-vertically-aligned-center is-layout-flow wp-block-column-is-layout-flow\">\n<h6 class=\"wp-block-heading has-text-align-center contactar_visitas\"><a href=\"https:\/\/neocatechumenaleiter.org\/it\/pellegrinaggi-a-farlete-zaragoza-spagna\/\" rel=\"noreferrer noopener\">Informacione t\u00eb tjera<\/a><\/h6>\n<\/div>\n<\/div>\n\n<div style=\"height:30px\" aria-hidden=\"true\" class=\"wp-block-spacer\"><\/div>\n\n<div class=\"wp-block-columns are-vertically-aligned-center has-white-background-color has-background is-layout-flex wp-container-core-columns-is-layout-9d6595d7 wp-block-columns-is-layout-flex\">\n<div class=\"wp-block-column is-vertically-aligned-center has-white-background-color has-background is-layout-flow wp-block-column-is-layout-flow\">\n<h5 class=\"wp-block-heading has-text-align-center\"><strong>Fuentes (qytet spanjoll)<\/strong><\/h5>\n<\/div>\n\n\n\n<div class=\"wp-block-column is-vertically-aligned-center is-layout-flow wp-block-column-is-layout-flow\">\n<div style=\"height:20px\" aria-hidden=\"true\" class=\"wp-block-spacer\"><\/div>\n\n\n\n<h6 class=\"wp-block-heading has-text-align-center contactar_visitas\"><a href=\"mailto:fuentesdecarbonero@gmail.com\" target=\"_blank\" rel=\"noreferrer noopener\">fuentesdecarbonero@gmail.com<\/a><\/h6>\n\n\n\n<div style=\"height:20px\" aria-hidden=\"true\" class=\"wp-block-spacer\"><\/div>\n<\/div>\n\n\n\n<div class=\"wp-block-column is-vertically-aligned-center is-layout-flow wp-block-column-is-layout-flow\">\n<h6 class=\"wp-block-heading has-text-align-center contactar_visitas\"><a href=\"https:\/\/neocatechumenaleiter.org\/it\/pellegrinaggi-a-fuentes-de-carbonero-el-mayor-segovia-spagna\/\" data-type=\"post\" data-id=\"30082\">Informacione t\u00eb tjera<\/a><\/h6>\n<\/div>\n<\/div>\n\n<div style=\"height:30px\" aria-hidden=\"true\" class=\"wp-block-spacer\"><\/div>\n\n<div class=\"wp-block-columns are-vertically-aligned-center has-background is-layout-flex wp-container-core-columns-is-layout-9d6595d7 wp-block-columns-is-layout-flex\" style=\"background-color:#f5f5f5\">\n<div class=\"wp-block-column is-vertically-aligned-center is-layout-flow wp-block-column-is-layout-flow\">\n<h5 class=\"wp-block-heading has-text-align-center\"><strong>Valencia (qytet spanjoll)<\/strong><\/h5>\n<\/div>\n\n\n\n<div class=\"wp-block-column is-vertically-aligned-center is-layout-flow wp-block-column-is-layout-flow\">\n<div style=\"height:20px\" aria-hidden=\"true\" class=\"wp-block-spacer\"><\/div>\n\n\n\n<h6 class=\"wp-block-heading has-text-align-center contactar_visitas\"><a href=\"mailto:carmenhernandezvalencia1956@gmail.com\" target=\"_blank\" rel=\"noreferrer noopener\">carmenhernandezvalencia1956@gmail.com<\/a><\/h6>\n\n\n\n<div style=\"height:20px\" aria-hidden=\"true\" class=\"wp-block-spacer\"><\/div>\n<\/div>\n\n\n\n<div class=\"wp-block-column is-vertically-aligned-center is-layout-flow wp-block-column-is-layout-flow\">\n<h6 class=\"wp-block-heading has-text-align-center contactar_visitas\"><a href=\"https:\/\/carmenhernandez.org\/it\/carmen-hernandez-valencia-espana\/\" target=\"_blank\" rel=\"noreferrer noopener\">Informacione t\u00eb tjera<\/a><\/h6>\n<\/div>\n<\/div>\n\n<div style=\"height:20px\" aria-hidden=\"true\" class=\"wp-block-spacer\"><\/div>\n\n<hr class=\"wp-block-separator has-css-opacity is-style-wide\"\/>\n\n<div style=\"height:20px\" aria-hidden=\"true\" class=\"wp-block-spacer\"><\/div>\n\n<h5 class=\"wp-block-heading has-text-align-center\"><a href=\"https:\/\/neocatechumenaleiter.org\/it\/avviso-legale\/\" data-type=\"page\" data-id=\"3\">Privacy Policy<\/a><\/h5>\n","protected":false},"excerpt":{"rendered":"<p>Na kontaktoni Mund t\u00eb p\u00ebrdorni informacionin e m\u00ebposht\u00ebm p\u00ebr t\u00eb kontaktuar Qendr\u00ebn Neokatechumenal t\u00eb Lezh\u00ebs &#8211; Shqip\u00ebria +355 697634603 Rruga Carmen Hern\u00e1ndez, 64501 Lezh\u00eb &#8211; Albania srmlezhe@gmail.com Vizita dhe pelegrinazhe Kur na kontaktoni, tregoni t\u00eb dh\u00ebnat e m\u00ebposhtme: Famullia, komuniteti, numri i v\u00ebllez\u00ebrve, personi i kontaktit, telefoni, data e vizit\u00ebs, etj. Centro neocatecumenale Madrid visitas@cnc.madrid Varri i Carmen Hernandez visitas@carmenhernandez.info Falenderimet dhe hiret e marra Tudela dhe Javier (qytete spanjolle)<\/p>\n<div class=\"read-more\"><a class=\"btn read-more-btn\" href=\"https:\/\/neocatechumenaleiter.org\/sq\/kontaktoni\/\">Lexoni m\u00eb shum\u00eb<\/a><\/div>\n","protected":false},"author":2,"featured_media":0,"parent":0,"menu_order":0,"comment_status":"closed","ping_status":"closed","template":"","meta":{"footnotes":""},"class_list":["post-38281","page","type-page","status-publish","hentry"],"_links":{"self":[{"href":"https:\/\/neocatechumenaleiter.org\/sq\/wp-json\/wp\/v2\/pages\/38281","targetHints":{"allow":["GET"]}}],"collection":[{"href":"https:\/\/neocatechumenaleiter.org\/sq\/wp-json\/wp\/v2\/pages"}],"about":[{"href":"https:\/\/neocatechumenaleiter.org\/sq\/wp-json\/wp\/v2\/types\/page"}],"author":[{"embeddable":true,"href":"https:\/\/neocatechumenaleiter.org\/sq\/wp-json\/wp\/v2\/users\/2"}],"replies":[{"embeddable":true,"href":"https:\/\/neocatechumenaleiter.org\/sq\/wp-json\/wp\/v2\/comments?post=38281"}],"version-history":[{"count":5,"href":"https:\/\/neocatechumenaleiter.org\/sq\/wp-json\/wp\/v2\/pages\/38281\/revisions"}],"predecessor-version":[{"id":38358,"href":"https:\/\/neocatechumenaleiter.org\/sq\/wp-json\/wp\/v2\/pages\/38281\/revisions\/38358"}],"wp:attachment":[{"href":"https:\/\/neocatechumenaleiter.org\/sq\/wp-json\/wp\/v2\/media?parent=38281"}],"curies":[{"name":"wp","href":"https:\/\/api.w.org\/{rel}","templated":true}]}}