{"id":38285,"date":"2020-03-07T23:17:45","date_gmt":"2020-03-07T22:17:45","guid":{"rendered":"https:\/\/neocatechumenaleiter.org\/gabim_ne_e-mailin\/"},"modified":"2024-11-18T16:18:08","modified_gmt":"2024-11-18T15:18:08","slug":"gabim_ne_e-mailin","status":"publish","type":"page","link":"https:\/\/neocatechumenaleiter.org\/sq\/gabim_ne_e-mailin\/","title":{"rendered":"Gabim_n\u00eb_e-mailin"},"content":{"rendered":"\n<h2 class=\"has-text-align-center wp-block-heading\">Ka ndodhur nj\u00eb gabim i papritur<\/h2>\n\n<div style=\"height:20px\" aria-hidden=\"true\" class=\"wp-block-spacer\"><\/div>\n\n<h5 class=\"has-text-align-center wp-block-heading\">Kthehuni p\u00ebrs\u00ebri dhe provoni ta d\u00ebrgoni mesazhin p\u00ebrs\u00ebri pas disa minutash<\/h5>\n","protected":false},"excerpt":{"rendered":"<p>Ka ndodhur nj\u00eb gabim i papritur Kthehuni p\u00ebrs\u00ebri dhe provoni ta d\u00ebrgoni mesazhin p\u00ebrs\u00ebri pas disa minutash<\/p>\n","protected":false},"author":2,"featured_media":0,"parent":0,"menu_order":0,"comment_status":"closed","ping_status":"closed","template":"","meta":{"footnotes":""},"class_list":["post-38285","page","type-page","status-publish","hentry"],"_links":{"self":[{"href":"https:\/\/neocatechumenaleiter.org\/sq\/wp-json\/wp\/v2\/pages\/38285","targetHints":{"allow":["GET"]}}],"collection":[{"href":"https:\/\/neocatechumenaleiter.org\/sq\/wp-json\/wp\/v2\/pages"}],"about":[{"href":"https:\/\/neocatechumenaleiter.org\/sq\/wp-json\/wp\/v2\/types\/page"}],"author":[{"embeddable":true,"href":"https:\/\/neocatechumenaleiter.org\/sq\/wp-json\/wp\/v2\/users\/2"}],"replies":[{"embeddable":true,"href":"https:\/\/neocatechumenaleiter.org\/sq\/wp-json\/wp\/v2\/comments?post=38285"}],"version-history":[{"count":1,"href":"https:\/\/neocatechumenaleiter.org\/sq\/wp-json\/wp\/v2\/pages\/38285\/revisions"}],"predecessor-version":[{"id":38286,"href":"https:\/\/neocatechumenaleiter.org\/sq\/wp-json\/wp\/v2\/pages\/38285\/revisions\/38286"}],"wp:attachment":[{"href":"https:\/\/neocatechumenaleiter.org\/sq\/wp-json\/wp\/v2\/media?parent=38285"}],"curies":[{"name":"wp","href":"https:\/\/api.w.org\/{rel}","templated":true}]}}