{"id":38287,"date":"2020-03-07T23:19:09","date_gmt":"2020-03-07T22:19:09","guid":{"rendered":"https:\/\/neocatechumenaleiter.org\/posta_ok\/"},"modified":"2024-11-18T16:19:20","modified_gmt":"2024-11-18T15:19:20","slug":"posta_ok","status":"publish","type":"page","link":"https:\/\/neocatechumenaleiter.org\/sq\/posta_ok\/","title":{"rendered":"Posta_OK"},"content":{"rendered":"\n<h2 class=\"has-text-align-center wp-block-heading\">Mesazhi juaj u d\u00ebrgua me sukses<\/h2>\n\n<div style=\"height:20px\" aria-hidden=\"true\" class=\"wp-block-spacer\"><\/div>\n\n<h5 class=\"has-text-align-center wp-block-heading\">Do t&#8217;i p\u00ebrgjigjemi adres\u00ebs s\u00eb post\u00ebs elektronike t\u00eb dh\u00ebn\u00eb n\u00eb formular, n\u00ebse \u00ebsht\u00eb e nevojshme.<\/h5>\n","protected":false},"excerpt":{"rendered":"<p>Mesazhi juaj u d\u00ebrgua me sukses Do t&#8217;i p\u00ebrgjigjemi adres\u00ebs s\u00eb post\u00ebs elektronike t\u00eb dh\u00ebn\u00eb n\u00eb formular, n\u00ebse \u00ebsht\u00eb e nevojshme.<\/p>\n","protected":false},"author":2,"featured_media":0,"parent":0,"menu_order":0,"comment_status":"closed","ping_status":"closed","template":"","meta":{"footnotes":""},"class_list":["post-38287","page","type-page","status-publish","hentry"],"_links":{"self":[{"href":"https:\/\/neocatechumenaleiter.org\/sq\/wp-json\/wp\/v2\/pages\/38287","targetHints":{"allow":["GET"]}}],"collection":[{"href":"https:\/\/neocatechumenaleiter.org\/sq\/wp-json\/wp\/v2\/pages"}],"about":[{"href":"https:\/\/neocatechumenaleiter.org\/sq\/wp-json\/wp\/v2\/types\/page"}],"author":[{"embeddable":true,"href":"https:\/\/neocatechumenaleiter.org\/sq\/wp-json\/wp\/v2\/users\/2"}],"replies":[{"embeddable":true,"href":"https:\/\/neocatechumenaleiter.org\/sq\/wp-json\/wp\/v2\/comments?post=38287"}],"version-history":[{"count":1,"href":"https:\/\/neocatechumenaleiter.org\/sq\/wp-json\/wp\/v2\/pages\/38287\/revisions"}],"predecessor-version":[{"id":38288,"href":"https:\/\/neocatechumenaleiter.org\/sq\/wp-json\/wp\/v2\/pages\/38287\/revisions\/38288"}],"wp:attachment":[{"href":"https:\/\/neocatechumenaleiter.org\/sq\/wp-json\/wp\/v2\/media?parent=38287"}],"curies":[{"name":"wp","href":"https:\/\/api.w.org\/{rel}","templated":true}]}}