{"id":38289,"date":"2020-02-27T23:27:17","date_gmt":"2020-02-27T22:27:17","guid":{"rendered":"https:\/\/neocatechumenaleiter.org\/fjalimet-e-papeve\/"},"modified":"2024-11-18T16:47:17","modified_gmt":"2024-11-18T15:47:17","slug":"fjalimet-e-papeve","status":"publish","type":"page","link":"https:\/\/neocatechumenaleiter.org\/sq\/fjalimet-e-papeve\/","title":{"rendered":"Fjalimet e Pap\u00ebve"},"content":{"rendered":"\n<h1 class=\"has-text-align-center wp-block-heading\">Fjalimet e Pap\u00ebve<\/h1>\n\n<h4 class=\"has-text-align-center wp-block-heading\">Ecja Neokatekumenale n\u00eb fjal\u00ebt e pap\u00ebve: fjalime, takime, nxitje, njohje, miratime &#8230;<\/h4>\n\n<div style=\"height:20px\" aria-hidden=\"true\" class=\"wp-block-spacer\"><\/div>\n\n<p>Sh\u00ebn Pali VI (4 gusht 1976): &#8220;Koha jon\u00eb ka nevoj t\u00eb merremi me rind\u00ebrtimin e kish\u00ebs, pothuajse, nga ana psikologjike dhe baritore, sikurse t\u00eb fillonte p\u00ebrs\u00ebri, nga fillimi mund t\u00eb themi, t\u00eb rigjenerohet&#8221;.<\/p>\n\n<p>Apostujt e par\u00eb, n\u00eb grupe t\u00eb vogla ungjillizimi, udh\u00ebtuan n\u00ebp\u00ebr sinagogat duke shpallur lajmin e mir\u00eb: Zoti e ngjalli sh\u00ebrb\u00ebtorin e tij Jezusin, at\u00eb q\u00eb ne e kemi mohuar duke k\u00ebrkuar hirin p\u00ebr nj\u00eb vrastar\u00eb; Ai q\u00eb vdiq pa rezistenc\u00eb, pa i rezistuar t\u00eb keqes, duke dashur armiqt\u00eb e tij, duke i shfaj\u00ebsuar, (&#8220;fali ata sepse nuk din\u00eb se \u00e7far\u00eb b\u00ebjn\u00eb&#8221;); Ai q\u00eb i ofroi t\u00eb keqen q\u00eb i b\u00ebnin atij \u2013 tortura dhe kryq\u00ebzimi \u2013 duke d\u00ebftuar se dashuria e tij ishte m\u00eb e madhe se vdekja dhe se ai i donte edhe n\u00ebse ata i hiqnin jet\u00ebn: Zoti e ngjalli nga vdekja dhe sot Ai \u00ebsht\u00eb i gjall\u00eb, p\u00ebr t\u00eb falur k\u00ebt\u00eb dhe \u00e7do mekat tjet\u00ebr. (Kiko Arg\u00fcello)<\/p>\n\n<figure class=\"wp-block-gallery columns-4 is-cropped\"><ul class=\"blocks-gallery-grid\"><li class=\"blocks-gallery-item\">\r\n        \t<figure><a href=\"https:\/\/neocatechumenaleiter.org\/sq\/fjalimet-e-papeve\/shen-pali-vi\/\"><img loading=\"lazy\" decoding=\"async\" width=\"500\" height=\"600\" src=\"https:\/\/neocatechumenaleiter.org\/wp-content\/uploads\/2020\/02\/Camino_Neocatecumenal_S_Pablo_VI.jpg\" alt=\"\" data-id=\"891\" data-full-url=\"https:\/\/neocatechumenaleiter.org\/wp-content\/uploads\/2020\/02\/Camino_Neocatecumenal_S_Pablo_VI.jpg\" data-link=\"https:\/\/neocatechumenaleiter.org\/it\/discorsi-dei-papi\/s-paolo-vi\/\" class=\"wp-image-894\" srcset=\"https:\/\/neocatechumenaleiter.org\/wp-content\/uploads\/2020\/02\/Camino_Neocatecumenal_S_Pablo_VI.jpg 500w, https:\/\/neocatechumenaleiter.org\/wp-content\/uploads\/2020\/02\/Camino_Neocatecumenal_S_Pablo_VI-250x300.jpg 250w\" sizes=\"auto, (max-width: 500px) 100vw, 500px\" \/><figcaption class=\"blocks-gallery-item__caption\">Sh\u00ebn Pali VI<\/figcaption><\/a>\r\n            <\/figure><\/li>\r\n        <li class=\"blocks-gallery-item\">\r\n        \t<figure><a href=\"https:\/\/neocatechumenaleiter.org\/sq\/fjalimet-e-papeve\/shen-gjon-pali-ii\/\"><img loading=\"lazy\" decoding=\"async\" width=\"500\" height=\"600\" src=\"https:\/\/neocatechumenaleiter.org\/wp-content\/uploads\/2020\/02\/Camino_Neocatecumenal_S_Juan_Pablo_II.jpg\" alt=\"\" data-id=\"885\" data-full-url=\"https:\/\/neocatechumenaleiter.org\/wp-content\/uploads\/2020\/02\/Camino_Neocatecumenal_S_Juan_Pablo_II.jpg\" data-link=\"https:\/\/neocatechumenaleiter.org\/it\/discorsi-dei-papi\/s-giovanni-paolo-ii\/\" class=\"wp-image-888\" srcset=\"https:\/\/neocatechumenaleiter.org\/wp-content\/uploads\/2020\/02\/Camino_Neocatecumenal_S_Juan_Pablo_II.jpg 500w, https:\/\/neocatechumenaleiter.org\/wp-content\/uploads\/2020\/02\/Camino_Neocatecumenal_S_Juan_Pablo_II-250x300.jpg 250w\" sizes=\"auto, (max-width: 500px) 100vw, 500px\" \/><figcaption class=\"blocks-gallery-item__caption\">Sh\u00ebn Gjon Pali II<\/figcaption><\/a>\r\n          \t<\/figure><\/li>\r\n        <li class=\"blocks-gallery-item\">\r\n        \t<figure><a href=\"https:\/\/neocatechumenaleiter.org\/sq\/fjalimet-e-papeve\/benedikti-xvi\/\"><img loading=\"lazy\" decoding=\"async\" width=\"500\" height=\"600\" src=\"https:\/\/neocatechumenaleiter.org\/wp-content\/uploads\/2020\/02\/Camino_Neocatecumenal_Papa_Benedicto_XVI.jpg\" alt=\"\" data-id=\"873\" data-full-url=\"https:\/\/neocatechumenaleiter.org\/wp-content\/uploads\/2020\/02\/Camino_Neocatecumenal_Papa_Benedicto_XVI.jpg\" data-link=\"https:\/\/neocatechumenaleiter.org\/it\/discorsi-dei-papi\/benedetto-xvi\/\" class=\"wp-image-876\" srcset=\"https:\/\/neocatechumenaleiter.org\/wp-content\/uploads\/2020\/02\/Camino_Neocatecumenal_Papa_Benedicto_XVI.jpg 500w, https:\/\/neocatechumenaleiter.org\/wp-content\/uploads\/2020\/02\/Camino_Neocatecumenal_Papa_Benedicto_XVI-250x300.jpg 250w\" sizes=\"auto, (max-width: 500px) 100vw, 500px\" \/><figcaption class=\"blocks-gallery-item__caption\">Benedikti XVI<\/figcaption><\/a>\r\n            <\/figure><\/li>\r\n        <li class=\"blocks-gallery-item\">\r\n        \t<figure><a href=\"https:\/\/neocatechumenaleiter.org\/sq\/fjalimet-e-papeve\/francesku\/\"><img loading=\"lazy\" decoding=\"async\" width=\"500\" height=\"600\" src=\"https:\/\/neocatechumenaleiter.org\/wp-content\/uploads\/2020\/02\/Camino_Neocatecumenal_Papa_Francisco.jpg\" alt=\"\" data-id=\"879\" data-full-url=\"https:\/\/neocatechumenaleiter.org\/wp-content\/uploads\/2020\/02\/Camino_Neocatecumenal_Papa_Francisco.jpg\" data-link=\"https:\/\/neocatechumenaleiter.org\/it\/discorsi-dei-papi\/francesco\/\" class=\"wp-image-882\" srcset=\"https:\/\/neocatechumenaleiter.org\/wp-content\/uploads\/2020\/02\/Camino_Neocatecumenal_Papa_Francisco.jpg 500w, https:\/\/neocatechumenaleiter.org\/wp-content\/uploads\/2020\/02\/Camino_Neocatecumenal_Papa_Francisco-250x300.jpg 250w\" sizes=\"auto, (max-width: 500px) 100vw, 500px\" \/><figcaption class=\"blocks-gallery-item__caption\">Fran\u00e7esku<\/figcaption><\/a>\r\n            <\/figure><\/li>\r\n    <\/ul><\/figure>","protected":false},"excerpt":{"rendered":"<p>Fjalimet e Pap\u00ebve Ecja Neokatekumenale n\u00eb fjal\u00ebt e pap\u00ebve: fjalime, takime, nxitje, njohje, miratime &#8230; Sh\u00ebn Pali VI (4 gusht 1976): &#8220;Koha jon\u00eb ka nevoj t\u00eb merremi me rind\u00ebrtimin e kish\u00ebs, pothuajse, nga ana psikologjike dhe baritore, sikurse t\u00eb fillonte p\u00ebrs\u00ebri, nga fillimi mund t\u00eb themi, t\u00eb rigjenerohet&#8221;. Apostujt e par\u00eb, n\u00eb grupe t\u00eb vogla ungjillizimi, udh\u00ebtuan n\u00ebp\u00ebr sinagogat duke shpallur lajmin e mir\u00eb: Zoti e ngjalli sh\u00ebrb\u00ebtorin e tij<\/p>\n<div class=\"read-more\"><a class=\"btn read-more-btn\" href=\"https:\/\/neocatechumenaleiter.org\/sq\/fjalimet-e-papeve\/\">Lexoni m\u00eb shum\u00eb<\/a><\/div>\n","protected":false},"author":2,"featured_media":0,"parent":0,"menu_order":0,"comment_status":"closed","ping_status":"closed","template":"","meta":{"footnotes":""},"class_list":["post-38289","page","type-page","status-publish","hentry"],"_links":{"self":[{"href":"https:\/\/neocatechumenaleiter.org\/sq\/wp-json\/wp\/v2\/pages\/38289","targetHints":{"allow":["GET"]}}],"collection":[{"href":"https:\/\/neocatechumenaleiter.org\/sq\/wp-json\/wp\/v2\/pages"}],"about":[{"href":"https:\/\/neocatechumenaleiter.org\/sq\/wp-json\/wp\/v2\/types\/page"}],"author":[{"embeddable":true,"href":"https:\/\/neocatechumenaleiter.org\/sq\/wp-json\/wp\/v2\/users\/2"}],"replies":[{"embeddable":true,"href":"https:\/\/neocatechumenaleiter.org\/sq\/wp-json\/wp\/v2\/comments?post=38289"}],"version-history":[{"count":1,"href":"https:\/\/neocatechumenaleiter.org\/sq\/wp-json\/wp\/v2\/pages\/38289\/revisions"}],"predecessor-version":[{"id":38298,"href":"https:\/\/neocatechumenaleiter.org\/sq\/wp-json\/wp\/v2\/pages\/38289\/revisions\/38298"}],"wp:attachment":[{"href":"https:\/\/neocatechumenaleiter.org\/sq\/wp-json\/wp\/v2\/media?parent=38289"}],"curies":[{"name":"wp","href":"https:\/\/api.w.org\/{rel}","templated":true}]}}