{"id":38429,"date":"2020-02-28T05:58:40","date_gmt":"2020-02-28T04:58:40","guid":{"rendered":"https:\/\/neocatechumenaleiter.org\/fjalimet-e-papeve\/shen-pali-vi\/"},"modified":"2024-11-21T17:52:29","modified_gmt":"2024-11-21T16:52:29","slug":"shen-pali-vi","status":"publish","type":"page","link":"https:\/\/neocatechumenaleiter.org\/sq\/fjalimet-e-papeve\/shen-pali-vi\/","title":{"rendered":"Sh\u00ebn Pali VI"},"content":{"rendered":"\n<h1 class=\"has-text-align-center wp-block-heading\">Sh\u00ebn Pali VI<\/h1>\n\n<div style=\"height:20px\" aria-hidden=\"true\" class=\"wp-block-spacer\"><\/div>\n\n<h4 class=\"has-text-align-center wp-block-heading\">Biografi<\/h4>\n\n<div style=\"height:20px\" aria-hidden=\"true\" class=\"wp-block-spacer\"><\/div>\n\n<div class=\"wp-block-image is-style-default\"><figure class=\"alignleft size-medium is-resized\"><img loading=\"lazy\" decoding=\"async\" src=\"https:\/\/neocatechumenaleiter.org\/wp-content\/uploads\/2020\/02\/Camino_Neocatecumenal_S_Pablo_VI-250x300.jpg\" alt=\"\" class=\"wp-image-891\" width=\"250\" height=\"300\" srcset=\"https:\/\/neocatechumenaleiter.org\/wp-content\/uploads\/2020\/02\/Camino_Neocatecumenal_S_Pablo_VI-250x300.jpg 250w, https:\/\/neocatechumenaleiter.org\/wp-content\/uploads\/2020\/02\/Camino_Neocatecumenal_S_Pablo_VI.jpg 500w\" sizes=\"auto, (max-width: 250px) 100vw, 250px\" \/><\/figure><\/div>\n\n<p>Giovanni Battista Enrico Antonio Maria Montini, lindi n\u00eb Lombardia (Itali) m\u00eb 26 shtator 1897.<\/p>\n\n<p>M\u00eb 29 maj 1920, u shugurua prift.<\/p>\n\n<p>N\u00eb vitin 1954 u em\u00ebrua Ip\u00ebshk\u00ebv dhe n\u00eb vitin 1958 u em\u00ebrua Kardinal nga Sh\u00ebn Gjon XXIII.<\/p>\n\n<p>M\u00eb 21 qershor 1963, u zgjodh Pap\u00eb i Kish\u00ebs Katolike, duke marr\u00eb emrin Pali VI.<\/p>\n\n<p>N\u00eb vitin 1965, krijoi Sinodin e ip\u00ebshk\u00ebve dhe t\u00eb At\u00ebve e Concilit.<\/p>\n\n<p>Mbrojt\u00ebs i jet\u00ebs dhe i familjes me enciklik\u00ebn e tij <em>Humanae Vitae,<\/em> q\u00eb shkroi n\u00eb vitin 1968. E mbylli Concilin e dyt\u00eb t\u00eb Vatikanit.<\/p>\n\n<p>Pali VI vdiq n\u00eb Castelgandolfo m\u00eb 6 gusht 1978 pas nj\u00eb papati 15-vje\u00e7ar.<\/p>\n\n<p>Lumnimi i tij u shpall\u00eb m\u00eb 19 tetor 2014 dhe u sh\u00ebnt\u00ebrimi i tij m\u00eb 14 tetor 2018 nga Papa Fran\u00e7esku.<\/p>\n\n<div style=\"height:20px\" aria-hidden=\"true\" class=\"wp-block-spacer\"><\/div>\n\n<hr class=\"wp-block-separator\" \/>\n\n<div style=\"height:20px\" aria-hidden=\"true\" class=\"wp-block-spacer\"><\/div>\n\n<h3 class=\"has-text-align-center wp-block-heading\">Dokumentim<\/h3>\n\n<div style=\"height:20px\" aria-hidden=\"true\" class=\"wp-block-spacer\"><\/div>\n\n<div class=\"columna-papas\">\r\n    <h4 class=\"has-text-align-center\">Anno 1974<\/h4>\r\n    <div style=\"height:20px\" aria-hidden=\"true\" class=\"wp-block-spacer\"><\/div>\r\n    <a href=\"https:\/\/neocatechumenaleiter.org\/it\/discorsi-dei-papi\/s-paolo-vi\/udienza-generale-8-v-1974\/\"><h6 class=\"has-text-align-center\">Audienca e p\u00ebrgjithshme 8-V-1974<\/h6><\/a>\r\n<\/div>\r\n<div class=\"columna-papas\" style=\"background: #f7f7f7\">\r\n    <h4 class=\"has-text-align-center\">Anno 1977<\/h4>\r\n    <div style=\"height:20px\" aria-hidden=\"true\" class=\"wp-block-spacer\"><\/div>\r\n    <a href=\"https:\/\/neocatechumenaleiter.org\/it\/discorsi-dei-papi\/s-paolo-vi\/udienza-generale-12-i-1977\/\"><h6 class=\"has-text-align-center\">Fjalimi n\u00eb audienc\u00ebn e p\u00ebrgjithshme 12-I-1977<\/h6><\/a>\r\n<\/div>\n","protected":false},"excerpt":{"rendered":"<p>Sh\u00ebn Pali VI Biografi Giovanni Battista Enrico Antonio Maria Montini, lindi n\u00eb Lombardia (Itali) m\u00eb 26 shtator 1897. M\u00eb 29 maj 1920, u shugurua prift. N\u00eb vitin 1954 u em\u00ebrua Ip\u00ebshk\u00ebv dhe n\u00eb vitin 1958 u em\u00ebrua Kardinal nga Sh\u00ebn Gjon XXIII. M\u00eb 21 qershor 1963, u zgjodh Pap\u00eb i Kish\u00ebs Katolike, duke marr\u00eb emrin Pali VI. N\u00eb vitin 1965, krijoi Sinodin e ip\u00ebshk\u00ebve dhe t\u00eb At\u00ebve e Concilit. Mbrojt\u00ebs<\/p>\n<div class=\"read-more\"><a class=\"btn read-more-btn\" href=\"https:\/\/neocatechumenaleiter.org\/sq\/fjalimet-e-papeve\/shen-pali-vi\/\">Lexoni m\u00eb shum\u00eb<\/a><\/div>\n","protected":false},"author":2,"featured_media":0,"parent":38289,"menu_order":0,"comment_status":"closed","ping_status":"closed","template":"","meta":{"footnotes":""},"class_list":["post-38429","page","type-page","status-publish","hentry"],"_links":{"self":[{"href":"https:\/\/neocatechumenaleiter.org\/sq\/wp-json\/wp\/v2\/pages\/38429","targetHints":{"allow":["GET"]}}],"collection":[{"href":"https:\/\/neocatechumenaleiter.org\/sq\/wp-json\/wp\/v2\/pages"}],"about":[{"href":"https:\/\/neocatechumenaleiter.org\/sq\/wp-json\/wp\/v2\/types\/page"}],"author":[{"embeddable":true,"href":"https:\/\/neocatechumenaleiter.org\/sq\/wp-json\/wp\/v2\/users\/2"}],"replies":[{"embeddable":true,"href":"https:\/\/neocatechumenaleiter.org\/sq\/wp-json\/wp\/v2\/comments?post=38429"}],"version-history":[{"count":1,"href":"https:\/\/neocatechumenaleiter.org\/sq\/wp-json\/wp\/v2\/pages\/38429\/revisions"}],"predecessor-version":[{"id":38430,"href":"https:\/\/neocatechumenaleiter.org\/sq\/wp-json\/wp\/v2\/pages\/38429\/revisions\/38430"}],"up":[{"embeddable":true,"href":"https:\/\/neocatechumenaleiter.org\/sq\/wp-json\/wp\/v2\/pages\/38289"}],"wp:attachment":[{"href":"https:\/\/neocatechumenaleiter.org\/sq\/wp-json\/wp\/v2\/media?parent=38429"}],"curies":[{"name":"wp","href":"https:\/\/api.w.org\/{rel}","templated":true}]}}