{"id":38515,"date":"2020-02-29T02:02:56","date_gmt":"2020-02-29T01:02:56","guid":{"rendered":"https:\/\/neocatechumenaleiter.org\/fjalimet-e-papeve\/francesku\/"},"modified":"2024-12-11T01:50:24","modified_gmt":"2024-12-11T00:50:24","slug":"francesku","status":"publish","type":"page","link":"https:\/\/neocatechumenaleiter.org\/sq\/fjalimet-e-papeve\/francesku\/","title":{"rendered":"Fran\u00e7esku"},"content":{"rendered":"\n<h1 class=\"has-text-align-center wp-block-heading\">Fran\u00e7esku<\/h1>\n\n<div style=\"height:21px\" aria-hidden=\"true\" class=\"wp-block-spacer\"><\/div>\n\n<h4 class=\"has-text-align-center wp-block-heading\">Biografi<\/h4>\n\n<div style=\"height:20px\" aria-hidden=\"true\" class=\"wp-block-spacer\"><\/div>\n\n<div style=\"height:20px\" aria-hidden=\"true\" class=\"wp-block-spacer\"><\/div>\n\n<div class=\"wp-block-image is-style-default\"><figure class=\"alignleft size-medium\"><img loading=\"lazy\" decoding=\"async\" width=\"250\" height=\"300\" src=\"https:\/\/neocatechumenaleiter.org\/wp-content\/uploads\/2020\/02\/Camino_Neocatecumenal_Papa_Francisco-250x300.jpg\" alt=\"Papa Fran&#xE7;esku\" class=\"wp-image-879\" srcset=\"https:\/\/neocatechumenaleiter.org\/wp-content\/uploads\/2020\/02\/Camino_Neocatecumenal_Papa_Francisco-250x300.jpg 250w, https:\/\/neocatechumenaleiter.org\/wp-content\/uploads\/2020\/02\/Camino_Neocatecumenal_Papa_Francisco.jpg 500w\" sizes=\"auto, (max-width: 250px) 100vw, 250px\" \/><\/figure><\/div>\n\n<p>Jorge Mario Bergoglio lindi n\u00eb Buenos Aires (Argjentin\u00eb) m\u00eb 17 dhjetor 1936.<\/p>\n\n<p>M\u00eb 13 dhjetor 1969 mori shugurimin meshtarak nga duart e arkipeshkvit Ram\u00f3n Jos\u00e9 Castellano.<\/p>\n\n<p>N\u00eb vitin 1998 u em\u00ebrua Arkipeshk\u00ebv i Buenos Airesit dhe n\u00eb vitin 2001 Gjon Pali II e em\u00ebroi Kardinal.<\/p>\n\n<p>N\u00eb vitin 2002 refuzoi em\u00ebrimin si president i Konferenc\u00ebs Ipeshkvnore t\u00eb Argjentin\u00ebs, por tre vite m\u00eb von\u00eb q\u00eb i zgjedhur dhe m\u00eb pas u rizgjodh p\u00ebr nj\u00eb tjet\u00ebr mandat trevje\u00e7ar n\u00eb vitin 2008.<\/p>\n\n<p>N\u00eb vitin 2005 mori pjes\u00eb n\u00eb konklav\u00ebn ku u zgjodh Benedikti XVI.<\/p>\n\n<p>M\u00eb 13 mars 2013 u zgjodh pasardh\u00ebs i Benediktit XVI. \u00cbsht\u00eb Papa i par\u00eb Amerikan dhe i pari me gjuh\u00eb amtare spanjolle. Mbrojt\u00ebs i jet\u00ebs nga ngjizja deri n\u00eb vdekjen natyrore.<\/p>\n\n<div style=\"height:20px\" aria-hidden=\"true\" class=\"wp-block-spacer\"><\/div>\n\n<hr class=\"wp-block-separator\"\/>\n\n<div style=\"height:20px\" aria-hidden=\"true\" class=\"wp-block-spacer\"><\/div>\n\n<h3 class=\"has-text-align-center wp-block-heading\">Dokumentim<\/h3>\n\n<div style=\"height:20px\" aria-hidden=\"true\" class=\"wp-block-spacer\"><\/div>\n\n<section id=\"search-2\" class=\"widget widget_search\"><form role=\"search\" method=\"get\" class=\"search-form\" action=\"https:\/\/neocatechumenaleiter.org\/sq\/\">\r\n\t<label for=\"search-form-5e59be1dc1b02\">\r\n\t\t<span class=\"screen-reader-text\">K\u00ebrkoni:<\/span>\r\n        <input type=\"search\" id=\"search-form-5e59be1dc1b02\" class=\"search-field\" placeholder=\"K\u00ebrkoni \u2026\" value=\"\" name=\"s\"\/><\/label>\r\n\t<button type=\"submit\" class=\"search-submit\">\r\n    \t<span class=\"screen-reader-text\">K\u00ebrkoni<\/span>\r\n        <i class=\"icon-magnifier\"><\/i>\r\n    <\/button>\r\n<\/form>\r\n<\/section>\n<div style=\"height:20px\" aria-hidden=\"true\" class=\"wp-block-spacer\"><\/div>\n\n<div class=\"columna-papas\">\r\n    <h4 class=\"has-text-align-center\">Viti 2013<\/h4>\r\n    <div style=\"height:20px\" aria-hidden=\"true\" class=\"wp-block-spacer\"><\/div>\r\n    <a href=\"https:\/\/neocatechumenaleiter.org\/it\/discorsi-dei-papi\/francesco\/angelus-saluto-alle-comunita-neocatecumenali-di-roma-in-missione-nelle-piazze-7-iv-2013\/\">\r\n        <h6 class=\"has-text-align-left\">\u00abRegina Coeli\u00bb p\u00ebrsh\u00ebndetje Bashk\u00ebsive Neokatekumenale t\u00eb Rom\u00ebs n\u00eb mision n\u00eb sheshe, 7-IV-2013<\/h6>\r\n    <\/a>\r\n<\/div>\r\n<div class=\"columna-papas\" style=\"background: #f7f7f7;\">\r\n    <h4 class=\"has-text-align-center\">Viti 2014<\/h4>\r\n    <div style=\"height:20px\" aria-hidden=\"true\" class=\"wp-block-spacer\"><\/div>\r\n    <a href=\"https:\/\/neocatechumenaleiter.org\/it\/discorsi-dei-papi\/francesco\/discorso-alle-comunita-del-cammino-neocatecumenale-1-ii-2014\/\">\r\n        <h6 class=\"has-text-align-left\">Fjalimi p\u00ebr Bashk\u00ebsit\u00eb e Edjes Neokatekumenale, 1-II-2014<\/h6>\r\n    <\/a>\r\n    <hr class=\"wp-block-separator\"\/><a href=\"https:\/\/neocatechumenaleiter.org\/it\/discorsi-dei-papi\/francesco\/regina-coeli-papa-francisco-11-v-2014\/\">\r\n        <h6 class=\"has-text-align-left\">\u00abRegina Coeli\u00bb nga Papa Fran\u00e7esku p\u00ebr misionin n\u00eb sheshe, 11-V-2014<\/h6>\r\n    <\/a>\r\n<\/div>\r\n\n<div style=\"height:20px\" aria-hidden=\"true\" class=\"wp-block-spacer\"><\/div>\n\n<div class=\"columna-papas\">\r\n    <h4 class=\"has-text-align-center\">Viti 2015<\/h4>\r\n    <div style=\"height:20px\" aria-hidden=\"true\" class=\"wp-block-spacer\"><\/div>\r\n    <a href=\"https:\/\/neocatechumenaleiter.org\/it\/discorsi-dei-papi\/francesco\/udienza-al-cammino-neocatecumenale-6-iii-2015\/\">\r\n        <h6 class=\"has-text-align-left\">Audienc\u00eb p\u00ebr Ecjen Neokatekumenale, 6-III-2015<\/h6>\r\n    <\/a>\r\n<\/div>\r\n<div class=\"columna-papas\" style=\"background: #f7f7f7;\">\r\n    <h4 class=\"has-text-align-center\">Viti 2016<\/h4>\r\n    <div style=\"height:20px\" aria-hidden=\"true\" class=\"wp-block-spacer\"><\/div>\r\n    <a href=\"https:\/\/neocatechumenaleiter.org\/it\/discorsi-dei-papi\/francesco\/udienza-al-cammino-neocatecumenale-18-iii-2016\/\">\r\n        <h6 class=\"has-text-align-left\">Audienc\u00eb p\u00ebr Ecjen Neokatekumenale, 18-III-2016<\/h6>\r\n    <\/a>\r\n<\/div>\r\n\n<div style=\"height:20px\" aria-hidden=\"true\" class=\"wp-block-spacer\"><\/div>\n\n<div class=\"columna-papas\">\r\n    <h4 class=\"has-text-align-center\">Viti 2017<\/h4>\r\n    <div style=\"height:20px\" aria-hidden=\"true\" class=\"wp-block-spacer\"><\/div>\r\n    <a href=\"https:\/\/neocatechumenaleiter.org\/it\/discorsi-dei-papi\/francesco\/visita-alla-parrocchia-di-san-pier-damiani-21-v-2017\/\">\r\n        <h6 class=\"has-text-align-left\">Vizit\u00eb n\u00eb famullin\u00eb e Sh\u00ebn Pier Damianit, 21-V-2017<\/h6>\r\n    <\/a>\r\n<\/div>\r\n<div class=\"columna-papas\" style=\"background: #f7f7f7;\">\r\n    <h4 class=\"has-text-align-center\">Viti 2018<\/h4>\r\n    <div style=\"height:20px\" aria-hidden=\"true\" class=\"wp-block-spacer\"><\/div>\r\n    <a href=\"https:\/\/neocatechumenaleiter.org\/it\/discorsi-dei-papi\/francesco\/discorso-del-santo-padre-ai-50-anni-del-cammino-neocatecumenale-5-v-2018\/\">\r\n        <h6 class=\"has-text-align-left\">Fjalimi i Atit t\u00eb Shenjt\u00eb p\u00ebr 50-vjetorin e Ecjes Neokatekumenale, 5-V-2018<\/h6>\r\n    <\/a>\r\n    <hr class=\"wp-block-separator\"\/><a href=\"https:\/\/neocatechumenaleiter.org\/it\/discorsi-dei-papi\/francesco\/regina-coeli-in-piazza-san-pietro-grazie-per-il-vostro-lavoro-di-evangelizzazione-6-v-2018\/\">\r\n        <h6 class=\"has-text-align-left\">\u00abRegina Coeli\u00bb Papa Fran\u00e7esku, 6-V-2018<\/h6>\r\n    <\/a>\r\n<\/div>\r\n","protected":false},"excerpt":{"rendered":"<p>Fran\u00e7esku Biografi Jorge Mario Bergoglio lindi n\u00eb Buenos Aires (Argjentin\u00eb) m\u00eb 17 dhjetor 1936. M\u00eb 13 dhjetor 1969 mori shugurimin meshtarak nga duart e arkipeshkvit Ram\u00f3n Jos\u00e9 Castellano. N\u00eb vitin 1998 u em\u00ebrua Arkipeshk\u00ebv i Buenos Airesit dhe n\u00eb vitin 2001 Gjon Pali II e em\u00ebroi Kardinal. N\u00eb vitin 2002 refuzoi em\u00ebrimin si president i Konferenc\u00ebs Ipeshkvnore t\u00eb Argjentin\u00ebs, por tre vite m\u00eb von\u00eb q\u00eb i zgjedhur dhe m\u00eb pas<\/p>\n<div class=\"read-more\"><a class=\"btn read-more-btn\" href=\"https:\/\/neocatechumenaleiter.org\/sq\/fjalimet-e-papeve\/francesku\/\">Lexoni m\u00eb shum\u00eb<\/a><\/div>\n","protected":false},"author":2,"featured_media":0,"parent":38289,"menu_order":3,"comment_status":"closed","ping_status":"closed","template":"","meta":{"footnotes":""},"class_list":["post-38515","page","type-page","status-publish","hentry"],"_links":{"self":[{"href":"https:\/\/neocatechumenaleiter.org\/sq\/wp-json\/wp\/v2\/pages\/38515","targetHints":{"allow":["GET"]}}],"collection":[{"href":"https:\/\/neocatechumenaleiter.org\/sq\/wp-json\/wp\/v2\/pages"}],"about":[{"href":"https:\/\/neocatechumenaleiter.org\/sq\/wp-json\/wp\/v2\/types\/page"}],"author":[{"embeddable":true,"href":"https:\/\/neocatechumenaleiter.org\/sq\/wp-json\/wp\/v2\/users\/2"}],"replies":[{"embeddable":true,"href":"https:\/\/neocatechumenaleiter.org\/sq\/wp-json\/wp\/v2\/comments?post=38515"}],"version-history":[{"count":3,"href":"https:\/\/neocatechumenaleiter.org\/sq\/wp-json\/wp\/v2\/pages\/38515\/revisions"}],"predecessor-version":[{"id":39492,"href":"https:\/\/neocatechumenaleiter.org\/sq\/wp-json\/wp\/v2\/pages\/38515\/revisions\/39492"}],"up":[{"embeddable":true,"href":"https:\/\/neocatechumenaleiter.org\/sq\/wp-json\/wp\/v2\/pages\/38289"}],"wp:attachment":[{"href":"https:\/\/neocatechumenaleiter.org\/sq\/wp-json\/wp\/v2\/media?parent=38515"}],"curies":[{"name":"wp","href":"https:\/\/api.w.org\/{rel}","templated":true}]}}