{"id":38517,"date":"2020-02-25T03:14:42","date_gmt":"2020-02-25T02:14:42","guid":{"rendered":"https:\/\/neocatechumenaleiter.org\/histori\/kiko-arguello\/"},"modified":"2024-11-28T11:59:47","modified_gmt":"2024-11-28T10:59:47","slug":"kiko-arguello","status":"publish","type":"page","link":"https:\/\/neocatechumenaleiter.org\/sq\/histori\/kiko-arguello\/","title":{"rendered":"Kiko Arg\u00fcello"},"content":{"rendered":"\n<h1 class=\"wp-block-heading\"><strong>Kiko Arg\u00fcello<\/strong><\/h1>\n\n<div class=\"wp-block-image is-style-circle-mask\"><figure class=\"alignleft size-medium\"><img loading=\"lazy\" decoding=\"async\" width=\"245\" height=\"300\" src=\"https:\/\/neocatechumenaleiter.org\/wp-content\/uploads\/2020\/02\/Camino_Neocatecumenal_Kiko_Arguello-245x300.jpg\" alt=\"Kiko Arg&#xFC;ello\" class=\"wp-image-220\" \/><\/figure><\/div>\n\n<p>Francisco Jos\u00e9 G\u00f3mez de Arg\u00fcello Wirtz lindi n\u00eb Le\u00f3n m\u00eb 9 janar 1939. Studioi Arte t\u00eb Bukura n\u00eb Akademin\u00eb e San Fernando n\u00eb Madrid dhe n\u00eb vitin 1959 mori \u00c7mimin Komb\u00ebtar t\u00eb Jasht\u00ebzakonsh\u00ebm p\u00ebr Piktur\u00eb. Pas nj\u00eb krize t\u00eb thell\u00eb ekzistenciale, p\u00ebrjetoi nj\u00eb kthim t\u00eb thell\u00eb q\u00eb e \u00e7oi ta p\u00ebrkushtoj\u00eb jet\u00ebn e tij ndaj Jezu Krishtit dhe Kish\u00ebs.<\/p>\n\n<p>&#8220;N\u00eb vitin 1960, s\u00eb bashku me skulptorin Coomontes dhe mjeshtrin e vitrazheve (xhamave t\u00eb ngjyrosura) Mu\u00f1oz de Pablos, themeloi grupin e k\u00ebrkimit dhe zhvillimit t\u00eb Artit t\u00eb Shenjt\u00eb &#8216;Gremio 62&#8217;. Organizoi ekspozita n\u00eb Madrid (Biblioteka Komb\u00ebtare) dhe, n\u00eb vitin 1964, i em\u00ebruar nga Ministria e Kultur\u00ebs, p\u00ebrfaq\u00ebsoi Spanj\u00ebn n\u00eb Ekspozit\u00ebn Universale t\u00eb Artit t\u00eb Shenjt\u00eb n\u00eb Royan (Franc\u00eb). N\u00eb Holand\u00eb (1965), ekspozoi disa nga veprat e tij (Galeria \u201cNouvelles images\u201d).<\/p>\n\n<p>I bindur se Krishti \u00ebsht\u00eb i pranish\u00ebm n\u00eb vuajtjet e t\u00eb pafajshm\u00ebve dhe t\u00eb fundeve t\u00eb bot\u00ebs, n\u00eb vitin 1964 ai shkoi t\u00eb jetoj\u00eb n\u00eb mes t\u00eb varf\u00ebrve dhe zhvendoset n\u00eb nj\u00eb barak\u00eb n\u00eb Palomeras Altas, n\u00eb periferi t\u00eb Madridit. Atje njeh Carmen Hernandez dhe t\u00eb dy, t\u00eb frym\u00ebzuar nga ambienti i t\u00eb varf\u00ebrve, gjejn\u00eb nj\u00eb form\u00eb t\u00eb re predikimi, nj\u00eb sintez\u00eb kerygmatiko-kateketike, q\u00eb \u00e7on n\u00eb formimin e nj\u00eb bashk\u00ebsie t\u00eb vog\u00ebl t\u00eb krishter\u00eb. Kjo bashk\u00ebsi, n\u00eb t\u00eb cil\u00ebn b\u00ebhet i duksh\u00ebm dashuria e Krishtit t\u00eb kryq\u00ebzuar, b\u00ebhet nj\u00eb &#8220;far\u00eb&#8221; q\u00eb, fal\u00eb arkipeshkvit t\u00eb at\u00ebhersh\u00ebm t\u00eb Madridit, Mons. Casimiro Morcillo, mbillet n\u00eb famullit\u00eb e Madridit dhe m\u00eb pas n\u00eb ato t\u00eb Rom\u00ebs dhe t\u00eb kombeve t\u00eb tjera.<\/p>\n\n<p>Pas kthimit t\u00eb tij, ai e v\u00eb artin e tij n\u00eb sh\u00ebrbim t\u00eb Kish\u00ebs. Konkretisht, p\u00ebrmes piktur\u00ebs, muzik\u00ebs, arkitektur\u00ebs dhe skulptur\u00ebs; k\u00ebto dy t\u00eb fundit p\u00ebr t\u00eb promovuar nj\u00eb &#8220;estetik\u00eb t\u00eb re&#8221; q\u00eb t\u2019i \u00e7oj\u00eb njer\u00ebzit drejt besimit.<\/p>\n\n<p>Si piktor, ai ka realizuar vepra t\u00eb r\u00ebnd\u00ebsishme n\u00eb mbar\u00eb bot\u00ebn. N\u00eb Spanj\u00eb, ve\u00e7an\u00ebrisht n\u00eb Madrid \u2013 spikat kurora misterike e Katedrales \u2013 dhe n\u00eb Murcia. N\u00eb Itali ka pikturuar s\u00eb fundmi nj\u00eb afresk t\u00eb madh n\u00eb Seminarin Redemptoris Mater t\u00eb Rom\u00ebs. Ka vepra t\u00eb tij n\u00eb famulli t\u00eb ndryshme t\u00eb Rom\u00ebs, si ajo e Martir\u00ebve Kanadez\u00eb, dhe n\u00eb qytete t\u00eb tjera si Piacenza dhe Perugia. Nj\u00eb shembull tjet\u00ebr \u00ebsht\u00eb afresku i madh i Gjykimit t\u00eb Fundit n\u00eb Domus Galilaeae (Izrael), nj\u00eb qend\u00ebr e vendosur n\u00eb Malin e Lumturive, e cila, sipas d\u00ebshir\u00ebs s\u00eb shprehur t\u00eb Sh\u00ebn Gjon Palit II, sh\u00ebrben gjithashtu p\u00ebr t\u00eb nd\u00ebrtuar ura me popullin hebre.<\/p>\n\n<p>Si arkitekt, ai ka zhvilluar nj\u00eb model t\u00eb ri t\u00eb famullis\u00eb dhe seminarit, t\u00eb bazuar n\u00eb estetik\u00ebn e re, ku p\u00ebrfshihen edhe vitrazhe (xhamat me ngjyra) t\u00eb krijuara prej tij. Ka shembuj t\u00eb till\u00eb n\u00eb Spanj\u00eb, Itali, Nikaragua, Shtetet e Bashkuara t\u00eb Amerik\u00ebs, Finland\u00eb, Republik\u00ebn Dominikane dhe disa vende t\u00eb Azis\u00eb dhe Afrik\u00ebs. N\u00eb k\u00ebt\u00eb drejtim, vepra m\u00eb dometh\u00ebn\u00ebse \u00ebsht\u00eb Domus Galilaeae.<\/p>\n\n<p>Gjat\u00eb k\u00ebtyre viteve, Kiko Arg\u00fcello ka zhvilluar p\u00ebr Ecjen Neokatekumenale veprat t\u00eb ndryshme n\u00eb fush\u00ebn muzikore. Q\u00eb kur shkoi t\u00eb jetonte n\u00eb barak\u00ebn e Palomeras Altas me nj\u00eb Bib\u00ebl dhe nj\u00eb kitar\u00eb, ai ka kompozuar m\u00eb shum\u00eb se 300 k\u00ebng\u00eb q\u00eb p\u00ebrb\u00ebjn\u00eb t\u00eb ashtuquajtur\u00ebn &#8220;RISUCIT\u00d2 (U NGJALL), k\u00ebng\u00eb p\u00ebr bashk\u00ebsit\u00eb neokatekumenale&#8221;. Disa prej tyre k\u00ebndohen sot n\u00eb shum\u00eb famulli n\u00eb mbar\u00eb bot\u00ebn dhe jan\u00eb k\u00ebnduar n\u00eb shum\u00eb raste n\u00eb prani t\u00eb Pap\u00ebve t\u00eb ndrysh\u00ebm. P\u00ebr k\u00ebto, Kiko ka kompozuar shoq\u00ebrime muzikore duke p\u00ebrdorur nj\u00eb num\u00ebr t\u00eb madh instrumentesh.<\/p>\n\n<p>N\u00eb vitin 2010, Arg\u00fcello formoi Orkestr\u00ebn Simfonike t\u00eb Ecjes Neokatekumenale dhe kompozoi vepr\u00ebn \u201cVuajtja e t\u00eb pafajshm\u00ebve\u201d, e cila p\u00ebrshkruan p\u00ebrmes muzik\u00ebs dhimbjen e Virgj\u00ebres pran\u00eb k\u00ebmb\u00ebve t\u00eb kryqit. Pas interpretimit t\u00eb saj n\u00eb Izrael, p\u00ebrpara autoriteteve t\u00eb ndryshme dhe 200 ipeshkvijve, hebrenjt\u00eb, t\u00eb thell\u00ebsisht t\u00eb prekur, pranuan se ndiheshin t\u00eb kuptuar dhe t\u00eb dashur nga Kisha p\u00ebrball\u00eb dhimbjes s\u00eb Shoah-ut (Holokaustit). Q\u00eb nga ajo koh\u00eb, kjo simfoni \u00ebsht\u00eb b\u00ebr\u00eb nj\u00eb ur\u00eb dialogu midis popullit hebre dhe Kish\u00ebs Katolike. Pas kompozimit t\u00eb saj, ajo \u00ebsht\u00eb interpretuar n\u00eb vende t\u00eb ndryshme, si Vatikani \u2013 n\u00eb nj\u00eb rast n\u00eb pranin\u00eb e Benediktit XVI \u2013 Jeruzalemi, Betlehemi, Madridi, Parisi, Tokio, Nju Jorku, \u00c7ikago, Bostoni, Dyseldorfi dhe Aushvici, nd\u00ebr t\u00eb tjera.<\/p>\n\n<p>Kiko Arg\u00fcello \u00ebsht\u00eb gjithashtu autor i dy librave: n\u00eb vitin 2012 botoi \u201cKERIGMA, n\u00eb baraka mes t\u00eb varf\u00ebrve\u201d dhe n\u00eb vitin 2016 \u201cSh\u00ebnime. 1988-2014\u201d.<\/p>\n","protected":false},"excerpt":{"rendered":"<p>Kiko Arg\u00fcello Francisco Jos\u00e9 G\u00f3mez de Arg\u00fcello Wirtz lindi n\u00eb Le\u00f3n m\u00eb 9 janar 1939. Studioi Arte t\u00eb Bukura n\u00eb Akademin\u00eb e San Fernando n\u00eb Madrid dhe n\u00eb vitin 1959 mori \u00c7mimin Komb\u00ebtar t\u00eb Jasht\u00ebzakonsh\u00ebm p\u00ebr Piktur\u00eb. Pas nj\u00eb krize t\u00eb thell\u00eb ekzistenciale, p\u00ebrjetoi nj\u00eb kthim t\u00eb thell\u00eb q\u00eb e \u00e7oi ta p\u00ebrkushtoj\u00eb jet\u00ebn e tij ndaj Jezu Krishtit dhe Kish\u00ebs. &#8220;N\u00eb vitin 1960, s\u00eb bashku me skulptorin Coomontes dhe<\/p>\n<div class=\"read-more\"><a class=\"btn read-more-btn\" href=\"https:\/\/neocatechumenaleiter.org\/sq\/histori\/kiko-arguello\/\">Lexoni m\u00eb shum\u00eb<\/a><\/div>\n","protected":false},"author":2,"featured_media":0,"parent":38255,"menu_order":0,"comment_status":"closed","ping_status":"closed","template":"","meta":{"footnotes":""},"class_list":["post-38517","page","type-page","status-publish","hentry"],"_links":{"self":[{"href":"https:\/\/neocatechumenaleiter.org\/sq\/wp-json\/wp\/v2\/pages\/38517","targetHints":{"allow":["GET"]}}],"collection":[{"href":"https:\/\/neocatechumenaleiter.org\/sq\/wp-json\/wp\/v2\/pages"}],"about":[{"href":"https:\/\/neocatechumenaleiter.org\/sq\/wp-json\/wp\/v2\/types\/page"}],"author":[{"embeddable":true,"href":"https:\/\/neocatechumenaleiter.org\/sq\/wp-json\/wp\/v2\/users\/2"}],"replies":[{"embeddable":true,"href":"https:\/\/neocatechumenaleiter.org\/sq\/wp-json\/wp\/v2\/comments?post=38517"}],"version-history":[{"count":1,"href":"https:\/\/neocatechumenaleiter.org\/sq\/wp-json\/wp\/v2\/pages\/38517\/revisions"}],"predecessor-version":[{"id":38518,"href":"https:\/\/neocatechumenaleiter.org\/sq\/wp-json\/wp\/v2\/pages\/38517\/revisions\/38518"}],"up":[{"embeddable":true,"href":"https:\/\/neocatechumenaleiter.org\/sq\/wp-json\/wp\/v2\/pages\/38255"}],"wp:attachment":[{"href":"https:\/\/neocatechumenaleiter.org\/sq\/wp-json\/wp\/v2\/media?parent=38517"}],"curies":[{"name":"wp","href":"https:\/\/api.w.org\/{rel}","templated":true}]}}