{"id":38519,"date":"2020-02-25T03:16:52","date_gmt":"2020-02-25T02:16:52","guid":{"rendered":"https:\/\/neocatechumenaleiter.org\/histori\/carmen-hernandez\/"},"modified":"2024-11-28T14:54:45","modified_gmt":"2024-11-28T13:54:45","slug":"carmen-hernandez","status":"publish","type":"page","link":"https:\/\/neocatechumenaleiter.org\/sq\/histori\/carmen-hernandez\/","title":{"rendered":"Carmen Hern\u00e1ndez"},"content":{"rendered":"\n<h1 class=\"wp-block-heading\"><strong>Carmen Hern\u00e1ndez<\/strong><\/h1>\n\n<div class=\"wp-block-image is-style-default\"><figure class=\"alignleft size-medium\"><img loading=\"lazy\" decoding=\"async\" width=\"245\" height=\"300\" src=\"https:\/\/neocatechumenaleiter.org\/wp-content\/uploads\/2020\/02\/Camino_Neocatecumenal_Carmen_Hernandez_psg-245x300.jpg\" alt=\"Carmen Hern&#xE1;ndez\" class=\"wp-image-225\" srcset=\"https:\/\/neocatechumenaleiter.org\/wp-content\/uploads\/2020\/02\/Camino_Neocatecumenal_Carmen_Hernandez_psg-245x300.jpg 245w, https:\/\/neocatechumenaleiter.org\/wp-content\/uploads\/2020\/02\/Camino_Neocatecumenal_Carmen_Hernandez_psg.jpg 327w\" sizes=\"auto, (max-width: 245px) 100vw, 245px\" \/><\/figure><\/div>\n\n<h4 class=\"wp-block-heading\">24 n\u00ebntor 1930, \u2020 Madrid, 19 korrik 2016<\/h4>\n\n<p>Carmen, s\u00eb bashku me Kikon, ishte iniciatore e Ecjes. Ajo lindi n\u00eb \u00d3lvega (Soria, Spanj\u00eb) m\u00eb 24 n\u00ebntor 1930, si f\u00ebmija e pest\u00eb nga n\u00ebnt\u00eb v\u00ebllez\u00ebr e motra \u2013 kat\u00ebr djem dhe pes\u00eb vajza \u2013 dhe kaloi f\u00ebmij\u00ebrin\u00eb e saj n\u00eb Tudela (Navarra, Spanj\u00eb).<\/p>\n\n<p>N\u00eb Tudela, ajo studioi n\u00eb Shkoll\u00ebn e Shoq\u00ebris\u00eb s\u00eb Maris\u00eb dhe pati kontakte me Shoq\u00ebrin\u00eb e Jezusit (Jezuit\u00ebt). E frym\u00ebzuar nga shpirti misionar i Sh\u00ebn Fran\u00e7esk Saverit, q\u00eb n\u00eb mosh\u00eb shum\u00eb t\u00eb re ndjeu thirrjen p\u00ebr t\u00eb shkuar si misionare n\u00eb Indi. Me d\u00ebshir\u00ebn e babait t\u00eb saj, n\u00eb vitin 1948 filloi t\u00eb studioj\u00eb Kimi n\u00eb Madrid, ku u diplomua me rezultate maksimale n\u00eb vitin 1954.<\/p>\n\n<p>P\u00ebr nj\u00eb periudh\u00eb t\u00eb caktuar, ajo punoi me t\u00eb atin n\u00eb industrin\u00eb ushqimore, n\u00eb nj\u00eb fabrik\u00eb q\u00eb familja e saj menaxhonte n\u00eb And\u00fajar (Ja\u00e9n), por vendosi ta linte pun\u00ebn p\u00ebr t&#8217;u transferuar n\u00eb Javier (Navarra), ku u b\u00eb pjes\u00eb e nj\u00eb instituti t\u00eb ri misionar: Misionaret e Krishtit Jezus. Pas noviciatit, ajo studioi Teologji n\u00eb sht\u00ebpin\u00eb e formimit teologjik p\u00ebr rregulltar\u00ebt n\u00eb Valencia. N\u00eb vitin 1960, ajo u caktua p\u00ebr mision n\u00eb Indi. P\u00ebr k\u00ebt\u00eb mision duhej t\u00eb p\u00ebrgatitej n\u00eb Lond\u00ebr (n\u00eb at\u00eb koh\u00eb India ishte pjes\u00eb e Commonwealth-it), ku q\u00ebndroi p\u00ebr nj\u00eb vit. Gjat\u00eb k\u00ebsaj kohe, pati nj\u00eb ndryshim n\u00eb ekipin drejtues t\u00eb Misionareve t\u00eb Krishtit Jezus, i cili kufizoi hapjen e tyre ndaj misionit; prandaj, Carmen u kthye nga Londra n\u00eb Barcelon\u00eb. Atje njohu atin Pedro Farnes Scherer, i cili sapo kishte p\u00ebrfunduar studimet n\u00eb Institutin e Liturgjis\u00eb n\u00eb Paris, pak para Koncilit II t\u00eb Vatikanit, dhe q\u00eb m\u00eb von\u00eb mori pjes\u00eb aktivisht n\u00eb <em>Consilium<\/em> p\u00ebr zbatimin e tij.<\/p>\n\n<p>N\u00eb m\u00ebsimet e tij, At Farn\u00e9s prezantonte burimet pashkvnore t\u00eb Eukaristis\u00eb dhe nj\u00eb ekleziologji t\u00eb rinovuar q\u00eb e paraqiste Kish\u00ebn si drit\u00eb t\u00eb kombeve. Kontakti i gjall\u00eb i Carmenit me autor\u00ebt e k\u00ebtij rinovimi konciliar do t\u00eb kishte nj\u00eb ndikim t\u00eb madh, m\u00eb von\u00eb, n\u00eb formimin e katekisteve t\u00eb Ecjes Neokatekumenale.<\/p>\n\n<p>Nd\u00ebrmjet viteve 1963 dhe 1964, Carmen kaloi nj\u00eb vit duke p\u00ebrshkuar Tok\u00ebn e Shenjt\u00eb me Bibl\u00ebn e saj, duke vizituar vendet e shenjta. Pas kthimit t\u00eb saj n\u00eb Madrid, filloi t\u00eb punoj\u00eb n\u00eb barakat e periferis\u00eb, duke menduar t\u00eb shkonte si misionare n\u00eb Bolivi me laik\u00eb t\u00eb tjer\u00eb beqar\u00eb. Megjithat\u00eb, atje njohu Kiko Arg\u00fcellon, i cili jetonte n\u00eb barakat e Palomeras Altas, dhe vendosi t\u00eb q\u00ebndronte n\u00eb t\u00eb nj\u00ebjt\u00ebn zon\u00eb. Mes t\u00eb varf\u00ebrve, t\u00eb dy zbuluan forc\u00ebn e Misterit Pashkvor dhe t\u00eb predikimit t\u00eb Kerigm\u00ebs (Lajmi i Mir\u00eb i Krishtit t\u00eb vdekur dhe t\u00eb ngjallur) dhe pan\u00eb lindjen e bashk\u00ebsis\u00eb s\u00eb par\u00eb. Fal\u00eb miratimit t\u00eb k\u00ebtij realiteti t\u00eb ri nga arkipeshkvi i at\u00ebhersh\u00ebm i Madridit, Mons. Casimiro Morcillo, Carmen bashk\u00ebpunoi me Kikon duke e \u00e7uar k\u00ebt\u00eb vep\u00ebr t\u00eb rinovimit t\u00eb Kish\u00ebs n\u00eb famulli \u2013 fillimisht n\u00eb Madrid, m\u00eb pas n\u00eb Rom\u00eb dhe q\u00eb nga at\u00ebher\u00eb n\u00eb qytete dhe kombe t\u00eb tjera.<\/p>\n\n<p>Carmen Hern\u00e1ndez vdiq m\u00eb 19 korrik 2016 n\u00eb Madrid. Gjat\u00eb funeralit t\u00eb saj, i udh\u00ebhequr nga Kardinali i Madridit, Mons. Carlos Osoro Sierra, dhe ku mor\u00ebn pjes\u00eb mij\u00ebra njer\u00ebz, At Mario Pezzi theksoi se me Ecjen \u00ebsht\u00eb \u201chera e par\u00eb n\u00eb histori q\u00eb nj\u00eb realitet kishtar themelohet nga nj\u00eb burr\u00eb dhe nj\u00eb grua, t\u00eb cil\u00ebt kan\u00eb bashk\u00ebpunuar vazhdimisht dhe kan\u00eb q\u00ebndruar s\u00eb bashku p\u00ebr m\u00eb shum\u00eb se 50 vjet.\u201d Papa d\u00ebrgoi nj\u00eb mesazh n\u00eb t\u00eb cilin shprehet se e priti \u201cme emocion\u201d lajmin p\u00ebr vdekjen e Carmen dhe vuri n\u00eb dukje tek ajo \u201cnj\u00eb p\u00ebrvoj\u00eb t\u00eb gjat\u00eb t\u00eb sh\u00ebnuar nga dashuria e saj p\u00ebr Jezusin dhe nga nj\u00eb entuziaz\u00ebm i madh misionar\u201d. \u201cI fal\u00ebnderoj Zotit p\u00ebr d\u00ebshmin\u00eb e k\u00ebsaj gruaje, e shtyr\u00eb nga nj\u00eb dashuri e sinqert\u00eb p\u00ebr Kish\u00ebn, q\u00eb e ka shpenzuar jet\u00ebn e saj n\u00eb shpalljen e Lajmit t\u00eb Mir\u00eb kudo, madje edhe n\u00eb vendet m\u00eb t\u00eb larg\u00ebta, pa harruar njer\u00ebzit m\u00eb t\u00eb p\u00ebrjashtuar,\u201d shkroi gjithashtu Papa Fran\u00e7esku.<\/p>\n","protected":false},"excerpt":{"rendered":"<p>Carmen Hern\u00e1ndez 24 n\u00ebntor 1930, \u2020 Madrid, 19 korrik 2016 Carmen, s\u00eb bashku me Kikon, ishte iniciatore e Ecjes. Ajo lindi n\u00eb \u00d3lvega (Soria, Spanj\u00eb) m\u00eb 24 n\u00ebntor 1930, si f\u00ebmija e pest\u00eb nga n\u00ebnt\u00eb v\u00ebllez\u00ebr e motra \u2013 kat\u00ebr djem dhe pes\u00eb vajza \u2013 dhe kaloi f\u00ebmij\u00ebrin\u00eb e saj n\u00eb Tudela (Navarra, Spanj\u00eb). N\u00eb Tudela, ajo studioi n\u00eb Shkoll\u00ebn e Shoq\u00ebris\u00eb s\u00eb Maris\u00eb dhe pati kontakte me Shoq\u00ebrin\u00eb e<\/p>\n<div class=\"read-more\"><a class=\"btn read-more-btn\" href=\"https:\/\/neocatechumenaleiter.org\/sq\/histori\/carmen-hernandez\/\">Lexoni m\u00eb shum\u00eb<\/a><\/div>\n","protected":false},"author":2,"featured_media":0,"parent":38255,"menu_order":0,"comment_status":"closed","ping_status":"closed","template":"","meta":{"footnotes":""},"class_list":["post-38519","page","type-page","status-publish","hentry"],"_links":{"self":[{"href":"https:\/\/neocatechumenaleiter.org\/sq\/wp-json\/wp\/v2\/pages\/38519","targetHints":{"allow":["GET"]}}],"collection":[{"href":"https:\/\/neocatechumenaleiter.org\/sq\/wp-json\/wp\/v2\/pages"}],"about":[{"href":"https:\/\/neocatechumenaleiter.org\/sq\/wp-json\/wp\/v2\/types\/page"}],"author":[{"embeddable":true,"href":"https:\/\/neocatechumenaleiter.org\/sq\/wp-json\/wp\/v2\/users\/2"}],"replies":[{"embeddable":true,"href":"https:\/\/neocatechumenaleiter.org\/sq\/wp-json\/wp\/v2\/comments?post=38519"}],"version-history":[{"count":1,"href":"https:\/\/neocatechumenaleiter.org\/sq\/wp-json\/wp\/v2\/pages\/38519\/revisions"}],"predecessor-version":[{"id":38520,"href":"https:\/\/neocatechumenaleiter.org\/sq\/wp-json\/wp\/v2\/pages\/38519\/revisions\/38520"}],"up":[{"embeddable":true,"href":"https:\/\/neocatechumenaleiter.org\/sq\/wp-json\/wp\/v2\/pages\/38255"}],"wp:attachment":[{"href":"https:\/\/neocatechumenaleiter.org\/sq\/wp-json\/wp\/v2\/media?parent=38519"}],"curies":[{"name":"wp","href":"https:\/\/api.w.org\/{rel}","templated":true}]}}