{"id":38521,"date":"2020-02-25T03:18:03","date_gmt":"2020-02-25T02:18:03","guid":{"rendered":"https:\/\/neocatechumenaleiter.org\/histori\/mario-pezzi\/"},"modified":"2024-11-28T15:19:26","modified_gmt":"2024-11-28T14:19:26","slug":"mario-pezzi","status":"publish","type":"page","link":"https:\/\/neocatechumenaleiter.org\/sq\/histori\/mario-pezzi\/","title":{"rendered":"Mario Pezzi"},"content":{"rendered":"\n<h1 class=\"wp-block-heading\"><strong>Mario Pezzi<\/strong><\/h1>\n\n<div class=\"wp-block-image is-style-circle-mask\"><figure class=\"alignleft size-medium\"><img loading=\"lazy\" decoding=\"async\" width=\"245\" height=\"300\" src=\"https:\/\/neocatechumenaleiter.org\/wp-content\/uploads\/2020\/02\/Camino_Neocatecumenal_Mario_Pezzi-245x300.jpg\" alt=\"Mario Pezzi\" class=\"wp-image-230\" srcset=\"https:\/\/neocatechumenaleiter.org\/wp-content\/uploads\/2020\/02\/Camino_Neocatecumenal_Mario_Pezzi-245x300.jpg 245w, https:\/\/neocatechumenaleiter.org\/wp-content\/uploads\/2020\/02\/Camino_Neocatecumenal_Mario_Pezzi-837x1024.jpg 837w, https:\/\/neocatechumenaleiter.org\/wp-content\/uploads\/2020\/02\/Camino_Neocatecumenal_Mario_Pezzi-768x940.jpg 768w, https:\/\/neocatechumenaleiter.org\/wp-content\/uploads\/2020\/02\/Camino_Neocatecumenal_Mario_Pezzi.jpg 994w\" sizes=\"auto, (max-width: 245px) 100vw, 245px\" \/><\/figure><\/div>\n\n<p>Mario Pezzi lindi n\u00eb Gottolengo (Brescia, Itali), m\u00eb 19 shtator 1942, i treti nga pes\u00eb v\u00ebllez\u00ebr. Ai hyri n\u00eb seminarin e Misionar\u00ebve Kombonian\u00eb n\u00eb mosh\u00ebn 10-vje\u00e7are. Pas Noviciatit, Superior\u00ebt e d\u00ebrguan t\u00eb studionte n\u00eb Rom\u00eb n\u00eb &#8220;Scolasticato&#8221; Nd\u00ebrkomb\u00ebtare, ku studioi Teologji n\u00eb Universitetin Papnor Urbanian. Mori shugurimin meshtarak m\u00eb 19 mars 1969 dhe filloi doktoratur\u00ebn n\u00eb Teologji Dogmatike n\u00eb Universitetin Papnor Gregorian n\u00ebn drejtimin e Profesorit At Zoltan Alszeghy.<\/p>\n\n<p>N\u00eb t\u00eb nj\u00ebjtin vit ai njohu Kikon dhe Carmenin, iniciator\u00ebt e Ecjes Neokatekumenale, dhe d\u00ebgjoi katekezat e fundit n\u00eb famullin\u00eb e Lindjes s\u00eb Krishtit n\u00eb Rom\u00eb. N\u00eb janar t\u00eb vitit 1970, ai d\u00ebgjoi p\u00ebrs\u00ebri katekezat n\u00eb famullin\u00eb e Sh\u00ebn Gjonit t\u00eb Zotit, ku sh\u00ebrbente n\u00eb detyr\u00ebn e tij baritore, dhe u b\u00eb pjes\u00eb e bashk\u00ebsis\u00eb s\u00eb par\u00eb neokatekumenale t\u00eb k\u00ebsaj famullie. Duke par\u00eb te Ecjen nj\u00eb shpres\u00eb p\u00ebr katekumenatin n\u00eb misionet n\u00eb Afrik\u00eb, ve\u00e7an\u00ebrisht pas p\u00ebrvoj\u00ebs tragjike t\u00eb masakrave mes t\u00eb krishter\u00ebve n\u00eb Burundi, ai mori lejen e eproreve t\u00eb tij p\u00ebr t\u00eb b\u00ebr\u00eb nj\u00eb p\u00ebrvoj\u00eb si itinerant i Ecjes, me perspektiv\u00ebn e misionit n\u00eb Afrik\u00eb. N\u00eb shtator t\u00eb vitit 1970, nd\u00ebrpreu studimet e doktoratur\u00ebs dhe u d\u00ebrgua nga Kiko dhe Carmeni p\u00ebr t\u00eb hapur Ecjen n\u00eb dy dioqeza n\u00eb Brescia dhe Milano, dhe n\u00eb janar t\u00eb vitit 1971 n\u00eb famullin\u00eb e Sh\u00ebn Leonit n\u00eb Katania.<\/p>\n\n<p>N\u00eb qershor t\u00eb vitit 1971, ai u ftua nga Kiko dhe Carmeni p\u00ebr t\u00eb z\u00ebvend\u00ebsuar Don Francesco Cuppinin, meshtarin q\u00eb i kishte shoq\u00ebruar q\u00eb nga viti 1968, duke u b\u00ebr\u00eb k\u00ebshtu pjes\u00eb e ekipit t\u00eb tyre gjat\u00eb periudhave kur ata ungjillizonin n\u00eb Itali, ve\u00e7an\u00ebrisht n\u00eb Rom\u00eb, Firence dhe Ivrea. Kur ata ndodheshin n\u00eb Spanj\u00eb, Kikon dhe Carmenin i shoq\u00ebronte At Jes\u00fas Bl\u00e1zquez si meshtar, nd\u00ebrsa At Mario u d\u00ebrgua p\u00ebr t\u00eb ungjillizuar n\u00eb Lombardi dhe m\u00eb pas n\u00eb Portugali. N\u00eb dhjetor t\u00eb vitit 1981, me nj\u00eb let\u00ebr nga Eprori i P\u00ebrgjithsh\u00ebm i Kombonian\u00ebve, ai u d\u00ebrgua si kombonian itinerant p\u00ebr t\u00eb filluar Ecjen n\u00eb Khartoum (Sudan), zemra e misioneve komboniane, dhe m\u00eb pas, n\u00eb mars t\u00eb vitit 1982, n\u00eb Kampala (Uganda). Q\u00eb nga ato vite, ai realizoi disa udh\u00ebtime n\u00eb Afrik\u00eb: duke vizituar ipeshkvinj t\u00eb ndrysh\u00ebm n\u00eb Kenia, familjet n\u00eb mision t\u00eb Ecjes n\u00eb Bregun e Fildisht\u00eb, Kamerun, Zambi, dhe Seminar\u00ebt Redemptoris Mater n\u00eb Kitwe (Zambi), Douala (Kamerun), Dar es Salaam (Tanzani), Goma (Kongo) dhe Morondava (Madagaskar). Vizitoi gjithashtu disa ipeshkvinj fillimisht n\u00eb Angola dhe m\u00eb pas n\u00eb Mozambik p\u00ebr t\u00eb hapur Ecjen. Ai ka qen\u00eb gjithashtu n\u00eb Bangui (Republika Qendrore Afrikane) dhe n\u00eb Bujumbura (Burundi).<\/p>\n\n<p>Q\u00eb nga viti 1982, ai \u00ebsht\u00eb thirrur t\u00eb b\u00ebhet pjes\u00eb e ekipit p\u00ebrgjegj\u00ebs t\u00eb Ecjes Neokatekumenale, s\u00eb bashku me Kikon dhe Carmenin, me koh\u00eb t\u00eb plot\u00eb, duke i shoq\u00ebruar n\u00eb marr\u00ebdh\u00ebniet me Pap\u00ebt, Selin\u00eb e Shenjt\u00eb, ipeshkvijt\u00eb, n\u00eb kalimet, n\u00eb bashk\u00ebtesat bot\u00ebrore t\u00eb itinerant\u00ebve, n\u00eb udh\u00ebtime dhe takime nd\u00ebrkomb\u00ebtare, deri n\u00eb dit\u00ebt e sotme. N\u00eb vitin 1992, Drejtuesit e Rinjt\u00eb t\u00eb Kombonian\u00ebve e ftuan t\u00eb riintegrohej n\u00eb Institut ose t\u00eb incardinohej n\u00eb Dioqez\u00ebn e Rom\u00ebs. Pasi la Institutin, Kardinali Vikar, Monsinjor Camillo Ruini, e pranoi si Meshtar Katekist Itinerant.<\/p>\n\n<p>Me miratimin e Statuteve n\u00eb vitin 2002 ad experimentum dhe n\u00eb vitin 2008 n\u00eb m\u00ebnyr\u00eb p\u00ebrfundimtare, ai u em\u00ebrua nga Selia e Shenjt\u00eb si meshtar i Ekipit Nd\u00ebrkomb\u00ebtar, s\u00eb bashku me Kikon dhe Carmenin (para vdekjes s\u00eb saj).<\/p>\n","protected":false},"excerpt":{"rendered":"<p>Mario Pezzi Mario Pezzi lindi n\u00eb Gottolengo (Brescia, Itali), m\u00eb 19 shtator 1942, i treti nga pes\u00eb v\u00ebllez\u00ebr. Ai hyri n\u00eb seminarin e Misionar\u00ebve Kombonian\u00eb n\u00eb mosh\u00ebn 10-vje\u00e7are. Pas Noviciatit, Superior\u00ebt e d\u00ebrguan t\u00eb studionte n\u00eb Rom\u00eb n\u00eb &#8220;Scolasticato&#8221; Nd\u00ebrkomb\u00ebtare, ku studioi Teologji n\u00eb Universitetin Papnor Urbanian. Mori shugurimin meshtarak m\u00eb 19 mars 1969 dhe filloi doktoratur\u00ebn n\u00eb Teologji Dogmatike n\u00eb Universitetin Papnor Gregorian n\u00ebn drejtimin e Profesorit At Zoltan<\/p>\n<div class=\"read-more\"><a class=\"btn read-more-btn\" href=\"https:\/\/neocatechumenaleiter.org\/sq\/histori\/mario-pezzi\/\">Lexoni m\u00eb shum\u00eb<\/a><\/div>\n","protected":false},"author":2,"featured_media":0,"parent":38255,"menu_order":0,"comment_status":"closed","ping_status":"closed","template":"","meta":{"footnotes":""},"class_list":["post-38521","page","type-page","status-publish","hentry"],"_links":{"self":[{"href":"https:\/\/neocatechumenaleiter.org\/sq\/wp-json\/wp\/v2\/pages\/38521","targetHints":{"allow":["GET"]}}],"collection":[{"href":"https:\/\/neocatechumenaleiter.org\/sq\/wp-json\/wp\/v2\/pages"}],"about":[{"href":"https:\/\/neocatechumenaleiter.org\/sq\/wp-json\/wp\/v2\/types\/page"}],"author":[{"embeddable":true,"href":"https:\/\/neocatechumenaleiter.org\/sq\/wp-json\/wp\/v2\/users\/2"}],"replies":[{"embeddable":true,"href":"https:\/\/neocatechumenaleiter.org\/sq\/wp-json\/wp\/v2\/comments?post=38521"}],"version-history":[{"count":1,"href":"https:\/\/neocatechumenaleiter.org\/sq\/wp-json\/wp\/v2\/pages\/38521\/revisions"}],"predecessor-version":[{"id":38522,"href":"https:\/\/neocatechumenaleiter.org\/sq\/wp-json\/wp\/v2\/pages\/38521\/revisions\/38522"}],"up":[{"embeddable":true,"href":"https:\/\/neocatechumenaleiter.org\/sq\/wp-json\/wp\/v2\/pages\/38255"}],"wp:attachment":[{"href":"https:\/\/neocatechumenaleiter.org\/sq\/wp-json\/wp\/v2\/media?parent=38521"}],"curies":[{"name":"wp","href":"https:\/\/api.w.org\/{rel}","templated":true}]}}