{"id":38523,"date":"2020-02-25T03:20:35","date_gmt":"2020-02-25T02:20:35","guid":{"rendered":"https:\/\/neocatechumenaleiter.org\/histori\/maria-ascension\/"},"modified":"2026-03-12T16:51:39","modified_gmt":"2026-03-12T15:51:39","slug":"maria-ascension","status":"publish","type":"page","link":"https:\/\/neocatechumenaleiter.org\/sq\/histori\/maria-ascension\/","title":{"rendered":"Mar\u00eda Ascensi\u00f3n"},"content":{"rendered":"\n<h1 class=\"wp-block-heading\"><strong>Mar\u00eda Ascensi\u00f3n Romero<\/strong><\/h1>\n<div class=\"wp-block-image is-style-circle-mask\">\n<figure class=\"alignleft size-medium\"><img loading=\"lazy\" decoding=\"async\" width=\"245\" height=\"300\" src=\"https:\/\/neocatechumenaleiter.org\/wp-content\/uploads\/2020\/02\/Camino_Neocatecumenal_Maria_Ascension_Romero-245x300.jpg\" alt=\"Mar&#xED;a Ascensi&#xF3;n Romero\" class=\"wp-image-235\" srcset=\"https:\/\/neocatechumenaleiter.org\/wp-content\/uploads\/2020\/02\/Camino_Neocatecumenal_Maria_Ascension_Romero-245x300.jpg 245w, https:\/\/neocatechumenaleiter.org\/wp-content\/uploads\/2020\/02\/Camino_Neocatecumenal_Maria_Ascension_Romero-837x1024.jpg 837w, https:\/\/neocatechumenaleiter.org\/wp-content\/uploads\/2020\/02\/Camino_Neocatecumenal_Maria_Ascension_Romero-768x940.jpg 768w, https:\/\/neocatechumenaleiter.org\/wp-content\/uploads\/2020\/02\/Camino_Neocatecumenal_Maria_Ascension_Romero.jpg 994w\" sizes=\"auto, (max-width: 245px) 100vw, 245px\" \/><\/figure><\/div>\n<p>Mar\u00eda Ascensi\u00f3n Romero Ant\u00f3n u p\u00ebrfshi n\u00eb ekipin nd\u00ebrkomb\u00ebtar t\u00eb Ecjes Neokatekumenale n\u00eb janar t\u00eb vitit 2018, me k\u00ebrkes\u00eb t\u00eb Dikasterit p\u00ebr Laik\u00ebt, Familjen dhe Jet\u00ebn t\u00eb Selis\u00eb s\u00eb Shenjt\u00eb, si\u00e7 p\u00ebrcaktojn\u00eb Statutet e Ecjes.<\/p>\n\n<p>Mar\u00eda Ascensi\u00f3n lindi m\u00eb 27 maj 1960 n\u00eb Tudela, Navarra (Spanj\u00eb). Ajo \u00ebsht\u00eb e treta nga kat\u00ebr f\u00ebmij\u00eb dhe ka studiuar n\u00eb kolegjin e Shoq\u00ebris\u00eb s\u00eb Maris\u00eb (i nj\u00ebjti ku ishte formuar edhe Carmen Hern\u00e1ndez). M\u00eb pas, ajo u transferua n\u00eb Soria p\u00ebr t\u00eb studiuar p\u00ebr M\u00ebsuese dhe atje, n\u00eb mosh\u00ebn 19-vje\u00e7are, njohu Ecjen Neokatekumenale.<\/p>\n\n<p>Ajo ka ecur p\u00ebr shum\u00eb vite n\u00eb nj\u00eb Bashk\u00ebsi Neokatekumenale n\u00eb Tudela, deri kur u transferua n\u00eb Madrid p\u00ebr t\u00eb punuar si m\u00ebsuese dhe atje vazhdoi Ecjen n\u00eb famullin\u00eb e Sh\u00ebn Katerin\u00ebs s\u00eb Sien\u00ebs.<\/p>\n\n<p>N\u00eb DBR-n\u00eb e Santiago de Compostela me Sh\u00ebn Gjon Palin II, ajo ndjeu thirrjen p\u00ebr ungjillizim, t\u00eb cil\u00ebn e konfirmoi n\u00eb takimin thirror n\u00eb Zaragoza me iniciator\u00ebt e Ecjes.<\/p>\n\n<p>N\u00eb vitin 1991, ajo kreu misionin e saj t\u00eb par\u00eb itinerant n\u00eb dioqez\u00ebn e Ciudad Real (Spanj\u00eb). N\u00eb vitin 1992, ajo u nis p\u00ebr mision n\u00eb ish-BRSS, ku q\u00ebndroi p\u00ebr 25 vjet duke ungjillizuar n\u00eb vende t\u00eb ndryshme: Bjellorusi, Kazakistan dhe Rusi.<\/p>\n\n<p>M\u00eb 2 shkurt 2018, ajo u em\u00ebrua zyrtarisht an\u00ebtare e Ekipit Nd\u00ebrkomb\u00ebtar t\u00eb Ecjes Neokatekumenale.<\/p>\n","protected":false},"excerpt":{"rendered":"<p>Mar\u00eda Ascensi\u00f3n Romero Mar\u00eda Ascensi\u00f3n Romero Ant\u00f3n u p\u00ebrfshi n\u00eb ekipin nd\u00ebrkomb\u00ebtar t\u00eb Ecjes Neokatekumenale n\u00eb janar t\u00eb vitit 2018, me k\u00ebrkes\u00eb t\u00eb Dikasterit p\u00ebr Laik\u00ebt, Familjen dhe Jet\u00ebn t\u00eb Selis\u00eb s\u00eb Shenjt\u00eb, si\u00e7 p\u00ebrcaktojn\u00eb Statutet e Ecjes. Mar\u00eda Ascensi\u00f3n lindi m\u00eb 27 maj 1960 n\u00eb Tudela, Navarra (Spanj\u00eb). Ajo \u00ebsht\u00eb e treta nga kat\u00ebr f\u00ebmij\u00eb dhe ka studiuar n\u00eb kolegjin e Shoq\u00ebris\u00eb s\u00eb Maris\u00eb (i nj\u00ebjti ku ishte formuar<\/p>\n<div class=\"read-more\"><a class=\"btn read-more-btn\" href=\"https:\/\/neocatechumenaleiter.org\/sq\/histori\/maria-ascension\/\">Lexoni m\u00eb shum\u00eb<\/a><\/div>\n","protected":false},"author":2,"featured_media":0,"parent":38255,"menu_order":0,"comment_status":"closed","ping_status":"closed","template":"","meta":{"footnotes":""},"class_list":["post-38523","page","type-page","status-publish","hentry"],"_links":{"self":[{"href":"https:\/\/neocatechumenaleiter.org\/sq\/wp-json\/wp\/v2\/pages\/38523","targetHints":{"allow":["GET"]}}],"collection":[{"href":"https:\/\/neocatechumenaleiter.org\/sq\/wp-json\/wp\/v2\/pages"}],"about":[{"href":"https:\/\/neocatechumenaleiter.org\/sq\/wp-json\/wp\/v2\/types\/page"}],"author":[{"embeddable":true,"href":"https:\/\/neocatechumenaleiter.org\/sq\/wp-json\/wp\/v2\/users\/2"}],"replies":[{"embeddable":true,"href":"https:\/\/neocatechumenaleiter.org\/sq\/wp-json\/wp\/v2\/comments?post=38523"}],"version-history":[{"count":4,"href":"https:\/\/neocatechumenaleiter.org\/sq\/wp-json\/wp\/v2\/pages\/38523\/revisions"}],"predecessor-version":[{"id":48086,"href":"https:\/\/neocatechumenaleiter.org\/sq\/wp-json\/wp\/v2\/pages\/38523\/revisions\/48086"}],"up":[{"embeddable":true,"href":"https:\/\/neocatechumenaleiter.org\/sq\/wp-json\/wp\/v2\/pages\/38255"}],"wp:attachment":[{"href":"https:\/\/neocatechumenaleiter.org\/sq\/wp-json\/wp\/v2\/media?parent=38523"}],"curies":[{"name":"wp","href":"https:\/\/api.w.org\/{rel}","templated":true}]}}