{"id":38525,"date":"2023-10-10T09:32:15","date_gmt":"2023-10-10T08:32:15","guid":{"rendered":"https:\/\/neocatechumenaleiter.org\/libri-i-kengeve-u-ngjall\/"},"modified":"2025-11-26T02:53:14","modified_gmt":"2025-11-26T01:53:14","slug":"libri-i-kengeve-u-ngjall","status":"publish","type":"page","link":"https:\/\/neocatechumenaleiter.org\/sq\/libri-i-kengeve-u-ngjall\/","title":{"rendered":"Libri i k\u00ebng\u00ebve &#8211; U Ngjall"},"content":{"rendered":"<div class=\"wp-block-image\">\n<figure class=\"aligncenter size-full\"><a href=\"https:\/\/kenget.srmalbania.al\/\"><img loading=\"lazy\" decoding=\"async\" width=\"800\" height=\"600\" src=\"https:\/\/neocatechumenaleiter.org\/wp-content\/uploads\/2025\/03\/ecja-neokatekumenale-krishti-u-ngjall-kopertina-sq.png\" alt=\"Ecja Neokatekumenale Krishti u ngjall\" class=\"wp-image-38526\" srcset=\"https:\/\/neocatechumenaleiter.org\/wp-content\/uploads\/2025\/03\/ecja-neokatekumenale-krishti-u-ngjall-kopertina-sq.png 800w, https:\/\/neocatechumenaleiter.org\/wp-content\/uploads\/2025\/03\/ecja-neokatekumenale-krishti-u-ngjall-kopertina-sq-300x225.png 300w, https:\/\/neocatechumenaleiter.org\/wp-content\/uploads\/2025\/03\/ecja-neokatekumenale-krishti-u-ngjall-kopertina-sq-768x576.png 768w\" sizes=\"auto, (max-width: 800px) 100vw, 800px\" \/><\/a><\/figure>\n<\/div>\n\n\n<div style=\"height:30px\" aria-hidden=\"true\" class=\"wp-block-spacer\"><\/div>\n\n\n\n<h4 class=\"wp-block-heading has-text-align-center\"><strong>Libri i k\u00ebng\u00ebve &#8211; U Ngjall<\/strong><\/h4>\n\n\n\n<div style=\"height:20px\" aria-hidden=\"true\" class=\"wp-block-spacer\"><\/div>\n\n\n\n<p>N\u00eb Ecjen Neokatekumenale shohim sot t\u00eb shfaqet nj\u00eb sh\u00ebrbim i p\u00ebrulur dhe thelb\u00ebsor, si\u00e7 \u00ebsht\u00eb ai i K\u00ebng\u00ebtarit (Psalmistit).<\/p>\n\n\n\n<p>N\u00eb k\u00ebt\u00eb itinerar t\u00eb edukimit n\u00eb Besim, k\u00ebng\u00ebtari (psalmisti) ka misionin t\u00eb ndihmoj\u00eb n\u00eb krijimin e bashk\u00ebsis\u00eb liturgjike ose, edhe m\u00eb mir\u00eb, n\u00eb rikrijimin e saj; t\u00eb shnd\u00ebrroj\u00eb shum\u00eb her\u00eb nj\u00eb shum\u00ebsi n\u00eb nj\u00eb nj\u00ebsi adhurimi: \u201cMe nj\u00eb z\u00eb t\u00eb vet\u00ebm, me nj\u00eb zem\u00ebr t\u00eb vetme dhe nj\u00eb shpirt t\u00eb vet\u00ebm.\u201d<\/p>\n\n\n\n<p>Kulti shpirt\u00ebror q\u00eb shprehet n\u00eb veprimin liturgjik t\u00eb bashk\u00ebsis\u00eb. Kulti shpirt\u00ebror q\u00eb, n\u00eb ecjen ton\u00eb historike, \u00ebsht\u00eb burim i pashtersh\u00ebm i asaj q\u00eb \u00ebsht\u00eb thell\u00ebsisht e pafajshme: ndjenja e m\u00ebkatit ton\u00eb e ndri\u00e7uar nga dashuria e pashprehshme e dikujt q\u00eb na do k\u00ebshtu, q\u00eb na do edhe pse kemi qen\u00eb armiqt\u00eb e tij; burim i kthimit, burim i besimit.<\/p>\n\n\n\n<div style=\"height:30px\" aria-hidden=\"true\" class=\"wp-block-spacer\"><\/div>\n\n\n\n<hr class=\"wp-block-separator has-alpha-channel-opacity\"\/>\n\n\n\n<div style=\"height:30px\" aria-hidden=\"true\" class=\"wp-block-spacer\"><\/div>\n\n\n\n<h4 class=\"wp-block-heading has-text-align-center\"><strong>K\u00cbRKO K\u00cbNG\u00cb<\/strong><\/h4>\n\n\n\n<div style=\"height:30px\" aria-hidden=\"true\" class=\"wp-block-spacer\"><\/div>\n\n\n\n<section id=\"search-cantos\" class=\"widget widget_search\"><form role=\"search\" method=\"get\" class=\"search-form\" action=\"https:\/\/kenget.srmalbania.al\/\">\r\n\t<label for=\"search-form-cantos\">\r\n\t\t<span class=\"screen-reader-text\">K\u00ebrko K\u00ebng\u00eb:<\/span>\r\n        <input type=\"search\" id=\"search-form-cantos\" class=\"search-field\" placeholder=\"K\u00ebrko k\u00ebng\u00ebt sipas titullit ose fjal\u00ebs\u2026\" value=\"\" name=\"s\"\/><\/label>\r\n\t<button type=\"submit\" class=\"search-submit\">\r\n    \t<span class=\"screen-reader-text\">K\u00ebrko<\/span>\r\n        <i class=\"icon-magnifier\"><\/i>\r\n    <\/button>\r\n<\/form>\r\n<\/section>\n\n\n\n<div style=\"height:30px\" aria-hidden=\"true\" class=\"wp-block-spacer\"><\/div>\n\n\n\n<hr class=\"wp-block-separator has-alpha-channel-opacity\"\/>\n\n\n\n<div style=\"height:30px\" aria-hidden=\"true\" class=\"wp-block-spacer\"><\/div>\n\n\n\n<div class=\"wp-block-columns are-vertically-aligned-center is-layout-flex wp-container-core-columns-is-layout-9d6595d7 wp-block-columns-is-layout-flex\">\n<div class=\"wp-block-column is-vertically-aligned-center cantoral blanco is-layout-flow wp-block-column-is-layout-flow\">\n<div style=\"height:50px\" aria-hidden=\"true\" class=\"wp-block-spacer\"><\/div>\n\n\n\n<h3 class=\"wp-block-heading has-text-align-center\"><a href=\"https:\/\/kenget.srmalbania.al\/category\/kenget\/prekatekumenati\/\">Parakatekumenati<\/a><\/h3>\n\n\n\n<div style=\"height:50px\" aria-hidden=\"true\" class=\"wp-block-spacer\"><\/div>\n<\/div>\n\n\n\n<div class=\"wp-block-column is-vertically-aligned-center cantoral azul is-layout-flow wp-block-column-is-layout-flow\">\n<div style=\"height:50px\" aria-hidden=\"true\" class=\"wp-block-spacer\"><\/div>\n\n\n\n<h3 class=\"wp-block-heading has-text-align-center\"><a href=\"https:\/\/kenget.srmalbania.al\/category\/kenget\/katekumenati\/\">Katekumenati<\/a><\/h3>\n\n\n\n<div style=\"height:47px\" aria-hidden=\"true\" class=\"wp-block-spacer\"><\/div>\n<\/div>\n<\/div>\n\n\n\n<div class=\"wp-block-columns are-vertically-aligned-center is-layout-flex wp-container-core-columns-is-layout-9d6595d7 wp-block-columns-is-layout-flex\">\n<div class=\"wp-block-column is-vertically-aligned-center cantoral verde is-layout-flow wp-block-column-is-layout-flow\">\n<div style=\"height:50px\" aria-hidden=\"true\" class=\"wp-block-spacer\"><\/div>\n\n\n\n<h3 class=\"wp-block-heading has-text-align-center\"><a href=\"https:\/\/kenget.srmalbania.al\/category\/kenget\/zgjedhje\/\">Zgjedhja<\/a><\/h3>\n\n\n\n<div style=\"height:50px\" aria-hidden=\"true\" class=\"wp-block-spacer\"><\/div>\n<\/div>\n\n\n\n<div class=\"wp-block-column is-vertically-aligned-center cantoral amarillo is-layout-flow wp-block-column-is-layout-flow\">\n<div style=\"height:50px\" aria-hidden=\"true\" class=\"wp-block-spacer\"><\/div>\n\n\n\n<h3 class=\"wp-block-heading has-text-align-center\"><a href=\"https:\/\/kenget.srmalbania.al\/category\/kenget\/liturgjike\/\">Liturgjik<\/a><\/h3>\n\n\n\n<div style=\"height:50px\" aria-hidden=\"true\" class=\"wp-block-spacer\"><\/div>\n<\/div>\n<\/div>\n\n\n\n<hr class=\"wp-block-separator has-alpha-channel-opacity\"\/>\n\n\n\n<div style=\"height:30px\" aria-hidden=\"true\" class=\"wp-block-spacer\"><\/div>\n\n\n<div class=\"wp-block-image\">\n<figure class=\"aligncenter size-full\"><img loading=\"lazy\" decoding=\"async\" width=\"1024\" height=\"384\" src=\"https:\/\/neocatechumenaleiter.org\/wp-content\/uploads\/2025\/03\/ecja-neokatekumenale-krishti-u-ngjall-sq-1.jpg\" alt=\"Ecja Neokatekumenale Krishti u ngjall\" class=\"wp-image-39823\" srcset=\"https:\/\/neocatechumenaleiter.org\/wp-content\/uploads\/2025\/03\/ecja-neokatekumenale-krishti-u-ngjall-sq-1.jpg 1024w, https:\/\/neocatechumenaleiter.org\/wp-content\/uploads\/2025\/03\/ecja-neokatekumenale-krishti-u-ngjall-sq-1-300x113.jpg 300w, https:\/\/neocatechumenaleiter.org\/wp-content\/uploads\/2025\/03\/ecja-neokatekumenale-krishti-u-ngjall-sq-1-768x288.jpg 768w\" sizes=\"auto, (max-width: 1024px) 100vw, 1024px\" \/><\/figure>\n<\/div>","protected":false},"excerpt":{"rendered":"<p>Libri i k\u00ebng\u00ebve &#8211; U Ngjall N\u00eb Ecjen Neokatekumenale shohim sot t\u00eb shfaqet nj\u00eb sh\u00ebrbim i p\u00ebrulur dhe thelb\u00ebsor, si\u00e7 \u00ebsht\u00eb ai i K\u00ebng\u00ebtarit (Psalmistit). N\u00eb k\u00ebt\u00eb itinerar t\u00eb edukimit n\u00eb Besim, k\u00ebng\u00ebtari (psalmisti) ka misionin t\u00eb ndihmoj\u00eb n\u00eb krijimin e bashk\u00ebsis\u00eb liturgjike ose, edhe m\u00eb mir\u00eb, n\u00eb rikrijimin e saj; t\u00eb shnd\u00ebrroj\u00eb shum\u00eb her\u00eb nj\u00eb shum\u00ebsi n\u00eb nj\u00eb nj\u00ebsi adhurimi: \u201cMe nj\u00eb z\u00eb t\u00eb vet\u00ebm, me nj\u00eb zem\u00ebr t\u00eb<\/p>\n<div class=\"read-more\"><a class=\"btn read-more-btn\" href=\"https:\/\/neocatechumenaleiter.org\/sq\/libri-i-kengeve-u-ngjall\/\">Lexoni m\u00eb shum\u00eb<\/a><\/div>\n","protected":false},"author":2,"featured_media":0,"parent":0,"menu_order":0,"comment_status":"closed","ping_status":"closed","template":"","meta":{"footnotes":""},"class_list":["post-38525","page","type-page","status-publish","hentry"],"_links":{"self":[{"href":"https:\/\/neocatechumenaleiter.org\/sq\/wp-json\/wp\/v2\/pages\/38525","targetHints":{"allow":["GET"]}}],"collection":[{"href":"https:\/\/neocatechumenaleiter.org\/sq\/wp-json\/wp\/v2\/pages"}],"about":[{"href":"https:\/\/neocatechumenaleiter.org\/sq\/wp-json\/wp\/v2\/types\/page"}],"author":[{"embeddable":true,"href":"https:\/\/neocatechumenaleiter.org\/sq\/wp-json\/wp\/v2\/users\/2"}],"replies":[{"embeddable":true,"href":"https:\/\/neocatechumenaleiter.org\/sq\/wp-json\/wp\/v2\/comments?post=38525"}],"version-history":[{"count":12,"href":"https:\/\/neocatechumenaleiter.org\/sq\/wp-json\/wp\/v2\/pages\/38525\/revisions"}],"predecessor-version":[{"id":39855,"href":"https:\/\/neocatechumenaleiter.org\/sq\/wp-json\/wp\/v2\/pages\/38525\/revisions\/39855"}],"wp:attachment":[{"href":"https:\/\/neocatechumenaleiter.org\/sq\/wp-json\/wp\/v2\/media?parent=38525"}],"curies":[{"name":"wp","href":"https:\/\/api.w.org\/{rel}","templated":true}]}}