{"id":40277,"date":"2020-03-22T01:01:52","date_gmt":"2020-03-22T00:01:52","guid":{"rendered":"https:\/\/neocatechumenaleiter.org\/fjalimet-e-papeve\/benedikti-xvi\/takimi-privat-me-nismetaret-e-ecjes-neokatekumenale-19-xi-2005\/"},"modified":"2025-04-03T16:56:27","modified_gmt":"2025-04-03T15:56:27","slug":"takimi-privat-me-nismetaret-e-ecjes-neokatekumenale-19-xi-2005","status":"publish","type":"page","link":"https:\/\/neocatechumenaleiter.org\/sq\/fjalimet-e-papeve\/benedikti-xvi\/takimi-privat-me-nismetaret-e-ecjes-neokatekumenale-19-xi-2005\/","title":{"rendered":"Takimi privat me nismetar\u00ebt e Ecjes Neokatekumenale 19-XI-2005"},"content":{"rendered":"\n<h1 class=\"has-text-align-center wp-block-heading\">Takimi privat me nismetar\u00ebt e Ecjes Neokatekumenale 19-XI-2005<\/h1>\n\n<div style=\"height:20px\" aria-hidden=\"true\" class=\"wp-block-spacer\"><\/div>\n\n<h4 class=\"has-text-align-center wp-block-heading\">Benedikti XVI<\/h4>\n\n<div style=\"height:20px\" aria-hidden=\"true\" class=\"wp-block-spacer\"><\/div>\n\n<p>Qyteti i Vatikanit, 19 n\u00ebntor 2005<\/p>\n\n<p><p class=\"\" data-start=\"48\" data-end=\"179\"><em>M\u00eb 19 n\u00ebntor 2005, Ati i Shenjt\u00eb, Benedikti XVI, priti p\u00ebr her\u00eb t\u00eb par\u00eb nismetar\u00ebt e Ecjes Neokatekumenale n\u00eb nj\u00eb takim privat.<\/em><\/p>&#013;\n<p class=\"\" data-start=\"181\" data-end=\"228\"><em>Kiko e ka p\u00ebrshkruar k\u00ebt\u00eb takim n\u00eb k\u00ebt\u00eb m\u00ebnyr\u00eb:<\/em><\/p><\/p>\n\n<p>&#8220;Ka qen\u00eb nj\u00eb takim i mrekulluesh\u00ebm. K\u00ebrkuam nj\u00eb takim me Pap\u00ebn, duke e ditur q\u00eb \u00ebsht\u00eb shum\u00eb e v\u00ebshtir\u00eb, dhe na u dha. M\u00eb majin e kaluar, b\u00ebm\u00eb nj\u00eb bashk\u00ebtes\u00eb me familjet dhe d\u00ebrguam 200. K\u00ebrkuam nga Papa Benedikti XVI n\u00ebse mund t\u00eb b\u00ebnte, ashtu si\u00e7 b\u00ebri Gjon Pali II duke d\u00ebrguar m\u00eb shum\u00eb se 400 familje n\u00eb mbar\u00eb bot\u00ebn, q\u00eb t\u2019u dor\u00ebzonte k\u00ebtyre familjeve t\u00eb reja kryqin dhe t\u00eb b\u00ebnte nj\u00eb foto me to p\u00ebr t\u00eb treguar, atje ku do t\u00eb shkojn\u00eb, se jan\u00eb katolik\u00eb, sepse do t\u00eb shkojn\u00eb n\u00eb mjedise shum\u00eb t\u00eb v\u00ebshtira t\u00eb Amerik\u00ebs dhe t\u00eb Europ\u00ebs s\u00eb Veriut. Na komunikuan se m\u00eb 12 janar Papa \u00ebsht\u00eb i g\u00ebzuar t\u2019i d\u00ebrgoj\u00eb k\u00ebto 200 familje n\u00eb t\u00eb gjith\u00eb bot\u00ebn. Ky \u00ebsht\u00eb nj\u00eb takim shum\u00eb i r\u00ebnd\u00ebsish\u00ebm! Do t\u00eb jet\u00eb hera e par\u00eb q\u00eb Papa Benedikti XVI do t\u00eb thot\u00eb nj\u00eb fjal\u00eb p\u00ebr Ecjen Neokatekumenale para gjith\u00eb Kish\u00ebs. T\u00eb gjith\u00eb po presin.<\/p>\n\n<p>Takimi privat q\u00eb kemi pasur m\u00eb 19 n\u00ebntor ka qen\u00eb i mrekulluesh\u00ebm: un\u00eb fola pak p\u00ebr planin e ungjillizimit q\u00eb kishim paraqitur tek Gjon Pali II, me nj\u00eb Implantatio Ecclesiae me familje n\u00eb mision, pak si\u00e7 b\u00ebnte Sh\u00ebn Benedikti; i tregova Pap\u00ebs nj\u00eb hart\u00eb ku duken 27 seminar\u00ebt e Europ\u00ebs dhe ku jan\u00eb familjet n\u00eb mision\u2026 Mir\u00eb, kur mbet\u00ebn vet\u00ebm 5 minuta deri n\u00eb fund t\u00eb takimit, Papa tha: \u201cMir\u00eb, tani flasim p\u00ebr liturgjin\u00eb. Dje bisedova me Kardinalin Arinze dhe ra dakord p\u00ebr disa gj\u00ebra.\u201d Na tha se mund t\u00eb b\u00ebjm\u00eb disa monizione t\u00eb shkurtra p\u00ebr leximet, disa rezonanca p\u00ebr Fjal\u00ebn: 3 ose 4, q\u00eb natyrisht nuk mund t\u00eb z\u00ebvend\u00ebsojn\u00eb homelin\u00eb. Paqja mbetet atje ku e b\u00ebjm\u00eb; dhe p\u00ebr Kungimin n\u00ebn dy lloje, mund t\u00eb vazhdojm\u00eb p\u00ebr nj\u00eb koh\u00eb ta b\u00ebjm\u00eb ashtu si\u00e7 e kemi b\u00ebr\u00eb deri tani, pastaj do t\u00eb shihet&#8230;&#8221;<\/p>\n\n<div class=\"wp-block-image is-style-default\"><figure class=\"aligncenter size-large\"><img loading=\"lazy\" decoding=\"async\" width=\"614\" height=\"406\" src=\"https:\/\/neocatechumenaleiter.org\/wp-content\/uploads\/2020\/02\/Camino_Neocatecumenal_Benedicto_XVI_Kiko_Carmen_Mario_audiencia.jpg\" alt=\"\" class=\"wp-image-1096\" srcset=\"https:\/\/neocatechumenaleiter.org\/wp-content\/uploads\/2020\/02\/Camino_Neocatecumenal_Benedicto_XVI_Kiko_Carmen_Mario_audiencia.jpg 614w, https:\/\/neocatechumenaleiter.org\/wp-content\/uploads\/2020\/02\/Camino_Neocatecumenal_Benedicto_XVI_Kiko_Carmen_Mario_audiencia-300x198.jpg 300w\" sizes=\"auto, (max-width: 614px) 100vw, 614px\" \/><\/figure><\/div>\n","protected":false},"excerpt":{"rendered":"<p>Takimi privat me nismetar\u00ebt e Ecjes Neokatekumenale 19-XI-2005 Benedikti XVI Qyteti i Vatikanit, 19 n\u00ebntor 2005 M\u00eb 19 n\u00ebntor 2005, Ati i Shenjt\u00eb, Benedikti XVI, priti p\u00ebr her\u00eb t\u00eb par\u00eb nismetar\u00ebt e Ecjes Neokatekumenale n\u00eb nj\u00eb takim privat. &#013; Kiko e ka p\u00ebrshkruar k\u00ebt\u00eb takim n\u00eb k\u00ebt\u00eb m\u00ebnyr\u00eb: &#8220;Ka qen\u00eb nj\u00eb takim i mrekulluesh\u00ebm. K\u00ebrkuam nj\u00eb takim me Pap\u00ebn, duke e ditur q\u00eb \u00ebsht\u00eb shum\u00eb e v\u00ebshtir\u00eb, dhe na u<\/p>\n<div class=\"read-more\"><a class=\"btn read-more-btn\" href=\"https:\/\/neocatechumenaleiter.org\/sq\/fjalimet-e-papeve\/benedikti-xvi\/takimi-privat-me-nismetaret-e-ecjes-neokatekumenale-19-xi-2005\/\">Lexoni m\u00eb shum\u00eb<\/a><\/div>\n","protected":false},"author":2,"featured_media":0,"parent":38242,"menu_order":0,"comment_status":"closed","ping_status":"closed","template":"","meta":{"footnotes":""},"class_list":["post-40277","page","type-page","status-publish","hentry"],"_links":{"self":[{"href":"https:\/\/neocatechumenaleiter.org\/sq\/wp-json\/wp\/v2\/pages\/40277","targetHints":{"allow":["GET"]}}],"collection":[{"href":"https:\/\/neocatechumenaleiter.org\/sq\/wp-json\/wp\/v2\/pages"}],"about":[{"href":"https:\/\/neocatechumenaleiter.org\/sq\/wp-json\/wp\/v2\/types\/page"}],"author":[{"embeddable":true,"href":"https:\/\/neocatechumenaleiter.org\/sq\/wp-json\/wp\/v2\/users\/2"}],"replies":[{"embeddable":true,"href":"https:\/\/neocatechumenaleiter.org\/sq\/wp-json\/wp\/v2\/comments?post=40277"}],"version-history":[{"count":1,"href":"https:\/\/neocatechumenaleiter.org\/sq\/wp-json\/wp\/v2\/pages\/40277\/revisions"}],"predecessor-version":[{"id":40279,"href":"https:\/\/neocatechumenaleiter.org\/sq\/wp-json\/wp\/v2\/pages\/40277\/revisions\/40279"}],"up":[{"embeddable":true,"href":"https:\/\/neocatechumenaleiter.org\/sq\/wp-json\/wp\/v2\/pages\/38242"}],"wp:attachment":[{"href":"https:\/\/neocatechumenaleiter.org\/sq\/wp-json\/wp\/v2\/media?parent=40277"}],"curies":[{"name":"wp","href":"https:\/\/api.w.org\/{rel}","templated":true}]}}