{"id":40280,"date":"2020-03-22T19:52:18","date_gmt":"2020-03-22T18:52:18","guid":{"rendered":"https:\/\/neocatechumenaleiter.org\/fjalimet-e-papeve\/benedikti-xvi\/fjalimi-i-papes-benedikti-xvi-ecjes-neokatekumenale-12-i-2006\/"},"modified":"2025-04-03T17:32:02","modified_gmt":"2025-04-03T16:32:02","slug":"fjalimi-i-papes-benedikti-xvi-ecjes-neokatekumenale-12-i-2006","status":"publish","type":"page","link":"https:\/\/neocatechumenaleiter.org\/sq\/fjalimet-e-papeve\/benedikti-xvi\/fjalimi-i-papes-benedikti-xvi-ecjes-neokatekumenale-12-i-2006\/","title":{"rendered":"Fjalimi i Pap\u00ebs Benedikti XVI Ecjes Neokatekumenale 12-I-2006"},"content":{"rendered":"\n<h1 class=\"has-text-align-center wp-block-heading\">Fjalimi i Pap\u00ebs Benedikti XVI Ecjes Neokatekumenale 12-I-2006<\/h1>\n\n<div style=\"height:20px\" aria-hidden=\"true\" class=\"wp-block-spacer\"><\/div>\n\n<h4 class=\"has-text-align-center wp-block-heading\">Benedikti XVI<\/h4>\n\n<div style=\"height:20px\" aria-hidden=\"true\" class=\"wp-block-spacer\"><\/div>\n\n<p>Qyteti i Vatikanit \u2013 Aula Paolo VI, 12 janar 2006<\/p>\n\n<p><strong>&#8220;Fal\u00eb pranimit besnik ndaj \u00e7do udh\u00ebzimi t\u00eb Kish\u00ebs, ju do t\u00eb b\u00ebni edhe m\u00eb t\u00eb efektsh\u00ebm apostollatin tuaj&#8221;<\/strong>: <em>kjo \u00ebsht\u00eb nxitja q\u00eb Benedikti XVI i drejtoi Ecjes Neokatekumenale gjat\u00eb takimit q\u00eb u zhvillua n\u00eb m\u00ebngjesin e t\u00eb enjtes, m\u00eb 12 janar, n\u00eb Aul\u00ebn Paolo VI. <\/em>&#013;\n&#013;\n<em>Ky \u00ebsht\u00eb teksti i ligjerat\u00ebs t\u00eb mbajtur nga A<\/em>ti i Shenjt\u00eb:<\/p>\n\n<p><p class=\"\" data-start=\"48\" data-end=\"82\"><em>T\u00eb nderuar v\u00ebllez\u00ebr dhe motra!<\/em><\/p>&#013;\n<p class=\"\" data-start=\"84\" data-end=\"760\">Faleminderit nga zemra p\u00ebr k\u00ebt\u00eb vizit\u00ebn tuaj, q\u00eb m\u00eb ofron mund\u00ebsin\u00eb t\u00eb d\u00ebrgoj nj\u00eb p\u00ebrsh\u00ebndetje t\u00eb ve\u00e7ant\u00eb edhe p\u00ebr an\u00ebtar\u00ebt e tjer\u00eb t\u00eb Ecjes Neokatekumenale t\u00eb shp\u00ebrndar\u00eb n\u00eb shum\u00eb pjes\u00eb t\u00eb bot\u00ebs. I drejtoj mendimet e mia secilit t\u00eb t\u00eb pranishm\u00ebve, duke filluar nga Kardinal\u00ebt t\u00eb nderuar, ipeshkvijt\u00eb dhe prift\u00ebrinjt\u00eb. P\u00ebrsh\u00ebndes p\u00ebrgjegj\u00ebsit e Ecjes Neokatekumenale: Zot\u00ebri Kiko Arg\u00fcello, t\u00eb cilit i fal\u00ebnderoj p\u00ebr fjal\u00ebt q\u00eb m\u00eb drejtoi n\u00eb em\u00ebr tuaj, Zonja Carmen Hern\u00e1ndez dhe Ati Mario Pezzi. P\u00ebrsh\u00ebndes seminarist\u00ebt, t\u00eb rinjt\u00eb dhe sidomos familjet q\u00eb po p\u00ebrgatiten t\u00eb marrin nj\u00eb \u201cd\u00ebrgim\u201d t\u00eb ve\u00e7ant\u00eb misionar p\u00ebr t\u00eb shkuar n\u00eb kombet t\u00eb ndryshe, ve\u00e7an\u00ebrisht n\u00eb Amerik\u00ebn Latine.<\/p><\/p>\n\n<div class=\"wp-block-image is-style-default\"><figure class=\"alignleft size-large\"><img loading=\"lazy\" decoding=\"async\" width=\"400\" height=\"266\" src=\"https:\/\/neocatechumenaleiter.org\/wp-content\/uploads\/2020\/02\/Camino_Neocatecumenal_Audiencia_Papa_Benedicto_XVI_2006.jpg\" alt=\"\" class=\"wp-image-1107\" srcset=\"https:\/\/neocatechumenaleiter.org\/wp-content\/uploads\/2020\/02\/Camino_Neocatecumenal_Audiencia_Papa_Benedicto_XVI_2006.jpg 400w, https:\/\/neocatechumenaleiter.org\/wp-content\/uploads\/2020\/02\/Camino_Neocatecumenal_Audiencia_Papa_Benedicto_XVI_2006-300x200.jpg 300w\" sizes=\"auto, (max-width: 400px) 100vw, 400px\" \/><\/figure><\/div>\n\n<p>Ky \u00ebsht\u00eb nj\u00eb detyr\u00eb q\u00eb vendoset n\u00eb kuadrin e ungjillizimit t\u00eb ri, ku familja luan nj\u00eb rol shum\u00eb t\u00eb r\u00ebnd\u00ebsish\u00ebm. Ju k\u00ebrkuat q\u00eb k\u00ebt\u00eb ta jepte Pasardh\u00ebsi i Sh\u00ebn Pjetrit, ashtu si\u00e7 ndodhi me Prejardh\u00ebsin tim t\u00eb nderuar Sh\u00ebn Gjon Pali II, m\u00eb 12 dhjetor 1994, sepse veprimi juaj apostolik synon t\u00eb vendoset n\u00eb zem\u00ebr t\u00eb Kish\u00ebs, n\u00eb p\u00ebrputhje t\u00eb plot\u00eb me drejtimet e saj dhe n\u00eb bashk\u00ebveprim me Kishat lokale n\u00eb t\u00eb cilat do t\u00eb veproni, duke vler\u00ebsuar plot\u00ebsisht pasurin\u00eb e karizmave q\u00eb Zoti ka zgjuar p\u00ebrmes nism\u00ebtar\u00ebve t\u00eb Ecjes. Familje t\u00eb dashura, kryqi q\u00eb do t\u00eb merrni do t\u00eb jet\u00eb shoqeruesi juaj i paz\u00ebvend\u00ebsuesh\u00ebm n\u00eb k\u00ebt\u00eb rrug\u00eb, nd\u00ebrsa do t\u00eb shpallni me veprimin tuaj misionar q\u00eb vet\u00ebm n\u00eb Jezu Krishtin, t\u00eb vdekur dhe t\u00eb ngjallur, ka shp\u00ebtim. P\u00ebr T\u00eb do t\u00eb jeni d\u00ebshmitar\u00eb t\u00eb but\u00eb dhe t\u00eb g\u00ebzuar, duke ecur me thjesht\u00ebsi dhe varf\u00ebri n\u00ebp\u00ebr rrug\u00ebt e \u00e7do kontinenti, t\u00eb mb\u00ebshtetur nga lutja e pand\u00ebrprer\u00eb dhe d\u00ebgjimi i fjal\u00ebs s\u00eb Zotit, dhe t\u00eb ushqyer nga pjes\u00ebmarrja n\u00eb jet\u00ebn liturgjike t\u00eb Kishave lokale n\u00eb t\u00eb cilat jeni d\u00ebrguar.<\/p>\n\n<p>R\u00ebnd\u00ebsia e liturgjis\u00eb dhe, n\u00eb ve\u00e7anti, e Mesh\u00ebs s\u00eb Shenjte n\u00eb ungjillizim \u00ebsht\u00eb theksuar shpesh nga Prejardh\u00ebsit e mi, dhe p\u00ebrvoja juaj e gjat\u00eb mund t\u00eb konfirmoj\u00eb se si centraliteti i misterit t\u00eb Krishtit i kremtuar n\u00eb ritet liturgjike, p\u00ebrb\u00ebn nj\u00eb udh\u00eb t\u00eb privilegjuar dhe t\u00eb domosdoshme p\u00ebr t\u00eb nd\u00ebrtuar bashk\u00ebsit\u00eb t\u00eb krishter t\u00eb gjalla dhe t\u00eb q\u00ebndrueshme. Pikerisht p\u00ebr t\u00eb ndihmuar Ecjen Neokatekumenale q\u00eb t\u00eb b\u00ebj\u00eb m\u00eb efektive veprimin e saj ungjill\u00ebzues n\u00eb bashk\u00ebpunim me gjith\u00eb Popullin e Zotit, nga pak se Kongregata p\u00ebr Kultin Hyjnor dhe Disiplin\u00ebn e Sakramenteve ka dh\u00ebn\u00eb n\u00eb emrin tim disa rregulla t\u00ebt lidhur me kremtimin e Mesh\u00ebs, pas periudh\u00ebs s\u00eb eksperienc\u00ebs q\u00eb kishte dh\u00ebn\u00eb Sh\u00ebrb\u00ebtori i Zotit Sh\u00ebn Gjon Pali II. Jam i sigurt se k\u00ebto rregulla, q\u00eb p\u00ebrs\u00ebrisin at\u00eb q\u00eb \u00ebsht\u00eb parashikuar n\u00eb librat liturgjik\u00eb t\u00eb miratuar nga Kisha, do t\u00eb rispektohen me kujdes nga ana juaj. Fal\u00eb pranimit besnik i \u00e7do drejtim t\u00eb Kish\u00ebs, ju do t\u00eb b\u00ebni edhe m\u00eb efektiv apostullatin tuaj, duke e b\u00ebr\u00eb n\u00eb p\u00ebrputhje dhe bashk\u00ebveprim t\u00eb plot\u00eb me Pap\u00ebn dhe Barinjt\u00eb e \u00e7do Dioqez\u00eb. K\u00ebshtu Zoti do t\u00eb vazhdoj\u00eb t\u2019ju bekoj\u00eb me fryte t\u00eb shumta baritore.<\/p>\n\n<div class=\"wp-block-image is-style-default\"><figure class=\"alignright size-large\"><img loading=\"lazy\" decoding=\"async\" width=\"400\" height=\"256\" src=\"https:\/\/neocatechumenaleiter.org\/wp-content\/uploads\/2020\/02\/Camino_Neocatecumenal_Audiencia_Papa_Benedicto_XVI_2006_familias-en-mision.jpg\" alt=\"\" class=\"wp-image-1114\" srcset=\"https:\/\/neocatechumenaleiter.org\/wp-content\/uploads\/2020\/02\/Camino_Neocatecumenal_Audiencia_Papa_Benedicto_XVI_2006_familias-en-mision.jpg 400w, https:\/\/neocatechumenaleiter.org\/wp-content\/uploads\/2020\/02\/Camino_Neocatecumenal_Audiencia_Papa_Benedicto_XVI_2006_familias-en-mision-300x192.jpg 300w\" sizes=\"auto, (max-width: 400px) 100vw, 400px\" \/><\/figure><\/div>\n\n<p>N\u00eb fakt, n\u00eb k\u00ebto vitet q\u00eb kaluan, shum\u00eb keni pas mund\u00ebsi t\u00eb kryeni, dhe shum\u00eb thirrje p\u00ebr meshtari dhe jet\u00eb t\u00eb shenjt\u00eb jan\u00eb lindur brenda bashk\u00ebsive tuaja. Sot, megjithat\u00eb, v\u00ebmendja jon\u00eb \u00ebsht\u00eb ve\u00e7an\u00ebrisht tek familjet. Mbi 200 prej tyre jan\u00eb duke u d\u00ebrguar n\u00eb mision; jan\u00eb familje q\u00eb nisen pa shum\u00eb mb\u00ebshtetje njer\u00ebzore, por duke besuar n\u00eb ndihm\u00ebn e Provanis\u00eb Hyjnore.<\/p>\n\n<p><p class=\"\" data-start=\"2604\" data-end=\"3467\">Familje t\u00eb dashura, ju mund t\u00eb d\u00ebshmoni me historin\u00eb tuaj se Zoti nuk i l\u00eb pas dore ata q\u00eb i besojn\u00eb Atij. Vazhdoni t\u00eb shpallni ungjillin e jet\u00ebs. Kudo q\u00eb ju \u00e7on misioni juaj, lejoni q\u00eb t\u00eb ndri\u00e7oheni nga fjala ngush\u00eblluese e Jezu Krishtit: \u201cK\u00ebrkoni m\u00eb par\u00eb mbret\u00ebrin\u00eb e Zotit dhe drejt\u00ebsin\u00eb e tij, dhe k\u00ebto gj\u00ebra do t\u2019ju jepen si shtes\u00eb\u201d, dhe prap: \u201cMos u shqet\u00ebsoni pra p\u00ebr nes\u00ebr, sepse nes\u00ebr do t\u00eb ket\u00eb shqet\u00ebsime t\u00eb tijat\u201d (Mt 6, 33-34). N\u00eb nj\u00eb bot\u00eb q\u00eb k\u00ebrkon siguri njer\u00ebzore dhe siguri t\u00eb p\u00ebrkohshme, tregoni q\u00eb Krishti \u00ebsht\u00eb shk\u00ebmbi i fort\u00eb mbi t\u00eb cilin mund t\u00eb nd\u00ebrtohet nd\u00ebrtimi i jet\u00ebs s\u00eb vet dhe q\u00eb besimi tek Ai nuk \u00ebsht\u00eb kurr\u00eb i kot\u00eb. Familja e Shenjt\u00eb e Nazaretit ju mbrojft\u00eb dhe sh\u00ebrbeft\u00eb si shembull p\u00ebr ju. Un\u00eb e siguroj lutjen time p\u00ebr ju dhe p\u00ebr t\u00eb gjith\u00eb an\u00ebtar\u00ebt e Ecjes Neokatekumenale, nd\u00ebrsa me dashuri jap \u00e7do t\u00eb p\u00ebrditshmit Bekimin tim Apostolik.<\/p>&#013;\n<p class=\"\" data-start=\"3469\" data-end=\"3515\">(*) Cfr L\u2019\u00abOsservatore Romano\u00bb, 13 janar 2006.<\/p><\/p>\n","protected":false},"excerpt":{"rendered":"<p>Fjalimi i Pap\u00ebs Benedikti XVI Ecjes Neokatekumenale 12-I-2006 Benedikti XVI Qyteti i Vatikanit \u2013 Aula Paolo VI, 12 janar 2006 &#8220;Fal\u00eb pranimit besnik ndaj \u00e7do udh\u00ebzimi t\u00eb Kish\u00ebs, ju do t\u00eb b\u00ebni edhe m\u00eb t\u00eb efektsh\u00ebm apostollatin tuaj&#8221;: kjo \u00ebsht\u00eb nxitja q\u00eb Benedikti XVI i drejtoi Ecjes Neokatekumenale gjat\u00eb takimit q\u00eb u zhvillua n\u00eb m\u00ebngjesin e t\u00eb enjtes, m\u00eb 12 janar, n\u00eb Aul\u00ebn Paolo VI. &#013; &#013; Ky \u00ebsht\u00eb teksti<\/p>\n<div class=\"read-more\"><a class=\"btn read-more-btn\" href=\"https:\/\/neocatechumenaleiter.org\/sq\/fjalimet-e-papeve\/benedikti-xvi\/fjalimi-i-papes-benedikti-xvi-ecjes-neokatekumenale-12-i-2006\/\">Lexoni m\u00eb shum\u00eb<\/a><\/div>\n","protected":false},"author":2,"featured_media":0,"parent":38242,"menu_order":1,"comment_status":"closed","ping_status":"closed","template":"","meta":{"footnotes":""},"class_list":["post-40280","page","type-page","status-publish","hentry"],"_links":{"self":[{"href":"https:\/\/neocatechumenaleiter.org\/sq\/wp-json\/wp\/v2\/pages\/40280","targetHints":{"allow":["GET"]}}],"collection":[{"href":"https:\/\/neocatechumenaleiter.org\/sq\/wp-json\/wp\/v2\/pages"}],"about":[{"href":"https:\/\/neocatechumenaleiter.org\/sq\/wp-json\/wp\/v2\/types\/page"}],"author":[{"embeddable":true,"href":"https:\/\/neocatechumenaleiter.org\/sq\/wp-json\/wp\/v2\/users\/2"}],"replies":[{"embeddable":true,"href":"https:\/\/neocatechumenaleiter.org\/sq\/wp-json\/wp\/v2\/comments?post=40280"}],"version-history":[{"count":1,"href":"https:\/\/neocatechumenaleiter.org\/sq\/wp-json\/wp\/v2\/pages\/40280\/revisions"}],"predecessor-version":[{"id":40283,"href":"https:\/\/neocatechumenaleiter.org\/sq\/wp-json\/wp\/v2\/pages\/40280\/revisions\/40283"}],"up":[{"embeddable":true,"href":"https:\/\/neocatechumenaleiter.org\/sq\/wp-json\/wp\/v2\/pages\/38242"}],"wp:attachment":[{"href":"https:\/\/neocatechumenaleiter.org\/sq\/wp-json\/wp\/v2\/media?parent=40280"}],"curies":[{"name":"wp","href":"https:\/\/api.w.org\/{rel}","templated":true}]}}