{"id":29971,"date":"2020-02-29T05:28:32","date_gmt":"2020-02-29T04:28:32","guid":{"rendered":"https:\/\/neocatechumenaleiter.org\/sok\/"},"modified":"2023-12-11T01:32:24","modified_gmt":"2023-12-11T00:32:24","slug":"sok","status":"publish","type":"page","link":"https:\/\/neocatechumenaleiter.org\/sv\/sok\/","title":{"rendered":"S\u00f6k"},"content":{"rendered":"\n<h4 class=\"wp-block-heading has-text-align-center\">Skriv texten f\u00f6r att s\u00f6ka<\/h4>\n\n<div style=\"height:20px\" aria-hidden=\"true\" class=\"wp-block-spacer\"><\/div>\n\n<section id=\"search-2\" class=\"widget widget_search\"><form role=\"search\" method=\"get\" class=\"search-form\" action=\"https:\/\/neocatechumenaleiter.org\/sv\">\r\n\t\t<label for=\"search-form-5e59e7fe802ae\">\r\n\t\t\t<span class=\"screen-reader-text\">S\u00f6k:<\/span>\r\n\t\t\t<input type=\"search\" id=\"search-form-5e59e7fe802ae\" class=\"search-field\" placeholder=\"S\u00f6k \u2026\" value=\"\" name=\"s\" autofocus=\"\"\/><\/label>\r\n\t\t<button type=\"submit\" class=\"search-submit\">\r\n\t\t\t<span class=\"screen-reader-text\">S\u00f6k<\/span>\r\n\t\t\t<i class=\"icon-magnifier\"><\/i>\r\n\t\t<\/button>\r\n\t<\/form>\r\n<\/section>","protected":false},"excerpt":{"rendered":"<p>Skriv texten f\u00f6r att s\u00f6ka S\u00f6k: S\u00f6k<\/p>\n","protected":false},"author":2,"featured_media":0,"parent":0,"menu_order":0,"comment_status":"closed","ping_status":"closed","template":"","meta":{"footnotes":""},"class_list":["post-29971","page","type-page","status-publish","hentry"],"_links":{"self":[{"href":"https:\/\/neocatechumenaleiter.org\/sv\/wp-json\/wp\/v2\/pages\/29971","targetHints":{"allow":["GET"]}}],"collection":[{"href":"https:\/\/neocatechumenaleiter.org\/sv\/wp-json\/wp\/v2\/pages"}],"about":[{"href":"https:\/\/neocatechumenaleiter.org\/sv\/wp-json\/wp\/v2\/types\/page"}],"author":[{"embeddable":true,"href":"https:\/\/neocatechumenaleiter.org\/sv\/wp-json\/wp\/v2\/users\/2"}],"replies":[{"embeddable":true,"href":"https:\/\/neocatechumenaleiter.org\/sv\/wp-json\/wp\/v2\/comments?post=29971"}],"version-history":[{"count":2,"href":"https:\/\/neocatechumenaleiter.org\/sv\/wp-json\/wp\/v2\/pages\/29971\/revisions"}],"predecessor-version":[{"id":36634,"href":"https:\/\/neocatechumenaleiter.org\/sv\/wp-json\/wp\/v2\/pages\/29971\/revisions\/36634"}],"wp:attachment":[{"href":"https:\/\/neocatechumenaleiter.org\/sv\/wp-json\/wp\/v2\/media?parent=29971"}],"curies":[{"name":"wp","href":"https:\/\/api.w.org\/{rel}","templated":true}]}}