{"id":33686,"date":"2020-02-25T03:14:42","date_gmt":"2020-02-25T02:14:42","guid":{"rendered":"https:\/\/neocatechumenaleiter.org\/historia\/kiko-arguello\/"},"modified":"2023-03-15T17:43:22","modified_gmt":"2023-03-15T16:43:22","slug":"kiko-arguello","status":"publish","type":"page","link":"https:\/\/neocatechumenaleiter.org\/sv\/historia\/kiko-arguello\/","title":{"rendered":"Kiko Arg\u00fcello"},"content":{"rendered":"\n<h1 class=\"wp-block-heading\"><strong>Kiko Arg\u00fcello<\/strong><\/h1>\n\n<div class=\"wp-block-image is-style-circle-mask\"><figure class=\"alignleft size-medium\"><img loading=\"lazy\" decoding=\"async\" width=\"245\" height=\"300\" src=\"https:\/\/neocatechumenaleiter.org\/wp-content\/uploads\/2020\/02\/Camino_Neocatecumenal_Kiko_Arguello-245x300.jpg\" alt=\"Kiko Arg&#xFC;ello\" class=\"wp-image-220\" \/><\/figure><\/div>\n\n<p>Francisco Jos\u00e9 G\u00f3mez de Arg\u00fcello Wirtz f\u00f6ddes i Leon den 9:e januari 1939. Han studerade konst vid konstakademin San Fernando i Madrid och 1959 tilldelades han det extraordin\u00e4ra nationella priset f\u00f6r m\u00e5leri. Efter en djup existentiell kris genomgick han en allvarlig omv\u00e4ndelse som fick honom att viga sitt liv \u00e5t Jesus Kristus och kyrkan.<\/p>\n\n<p>\u00c5r 1960 grundade han tillsammans med skulpt\u00f6ren Coomontes och glasm\u00e4staren Mu\u00f1oz de Pablos forsknings- och utvecklings-gruppen \u201dGremio 62\u201d f\u00f6r sakral konst. Han st\u00e4llde ut i Madrid (Nationalbiblioteket) och \u00e5r 1964 representerade han Spanien, utsedd av kulturministeriet, p\u00e5 v\u00e4rldsutst\u00e4llningen f\u00f6r sakral konst i Royan (Frankrike). 1965 st\u00e4ller han ut n\u00e5gra av sina verk i Holland (galleriet \u201dNouvelles Images\u201d).<\/p>\n\n<p>\u00d6vertygad om att Kristus \u00e4r n\u00e4rvarande i de oskyldigas och de fattigastes lidande flyttade han 1964 till en barack i Palomeras Altas i utkanten av Madrid f\u00f6r att leva bland de fattiga. D\u00e4r tr\u00e4ffade han Carmen Hern\u00e1ndez och de b\u00e5da, genom inflytandet av de fattigas mis\u00e4ra milj\u00f6, hittade en form av f\u00f6rkunnelse, en kerygmatisk-katechetisk syntes, som ledde till att en liten kristen kommunitet bildades. Denna kommunitet, d\u00e4r k\u00e4rleken till den korsf\u00e4ste Kristus uppenbarades, blev ett \u201dfr\u00f6\u201d som tack vare den d\u00e5varande \u00e4rkebiskopen i Madrid Monsignor Casimiro Morcillo planterades i Madrids f\u00f6rsamlingar och senare i Rom och i andra l\u00e4nder.<\/p>\n\n<p>Efter sin omv\u00e4ndelse st\u00e4llde han sin konst till kyrkans tj\u00e4nst. S\u00e4rskilt genom m\u00e5leri, musik, arkitektur och skulptur; de tv\u00e5 sistn\u00e4mnda f\u00f6r att fr\u00e4mja en \u201dny estetik \u201d som kan leda m\u00e4nniskor till tron.<\/p>\n\n<p>Som m\u00e5lare har han skapat viktiga verk \u00f6ver hela v\u00e4rlden. I Spanien, s\u00e4rskilt i Madrid \u2013 det mest framst\u00e5ende \u00e4r den mystiska kronan i Katedralen \u2013 och i Murcia. I Italien m\u00e5lade han nyligen en stor v\u00e4ggm\u00e5lning i seminariet Redemtoris Mater i Rom. Det finns verk av honom i f\u00f6rsamlingar i Rom, till exempel i M\u00e1rtires Canadienses och i st\u00e4derna Piacenza och Perugia. Ett annat exempel \u00e4r den stora v\u00e4ggm\u00e5lningen \u201dDen yttersta domen\u201d i Domus Galilea (Israel), ett centrum bel\u00e4get pa Saligprisernas berg och som p\u00e5 Johannes Paulus II:s uttryckliga \u00f6nskan ocks\u00e5 ska tj\u00e4na till att skapa ett n\u00e4rmande till det judiska folket.<\/p>\n\n<p>Som arkitekt har han utvecklat en ny modell f\u00f6r f\u00f6rsamling och seminarier som bygger p\u00e5 den \u201dnya estetiken\u201d och d\u00e4r det osks\u00e5 ing\u00e5r glasm\u00e5lningar som han skapat. Det finns exempel i Spanien, Italien, Nicaragua, USA, Finland, Dominikanska Republiken och vissa l\u00e4nder i Asien och Afrika. I detta sammanhang \u00e4r Domus Galilea s\u00e4rskilt anm\u00e4rkningsv\u00e4rt.<\/p>\n\n<p>Under dessa \u00e5r, alltsedan han begav sig till barackerna i Palomeras Altas med sin bibel och en gitarr, har han utvecklat en musikalisk form f\u00f6r den Neokatekumenala Vandringen genom att ha komponerat mer \u00e4n 300 s\u00e5nger som finns samlade i den s\u00e5 kallade \u201dHAN \u00c4R UPPST\u00c5NDEN, s\u00e5nger f\u00f6r de Neokatekumenala kommuniteterna\u201d. N\u00e5gra av dem framf\u00f6rs nu i m\u00e5nga f\u00f6rsamlingar \u00f6ver hela v\u00e4rlden och andra har sjungits vid m\u00e5nga tillf\u00e4llen inf\u00f6r olika p\u00e5var. F\u00f6r sina s\u00e5nger har Kiko utarbetat musikaliska acompanjemang med ett stort antal instrument.<\/p>\n\n<p>\u00c5r 2010 startade Arg\u00fcello den Neokatekumenala Vandringens symfoniorkester och komponerade verket \u201dDe oskyldigas lidande\u201d som genom musiken beskriver Jungfru Marias sm\u00e4rta vid korsets fot. Efter att ha framf\u00f6rts i Israel inf\u00f6r olika myndigheter och 200 biskopar erk\u00e4nde det judiska folket, djupt imponerat, att de k\u00e4nde sig f\u00f6rst\u00e5dda och \u00e4lskade av kyrkan, trots sm\u00e4rtan fr\u00e5n Shoah (F\u00f6rintelsen). Sedan dess har den fungerat som en bro f\u00f6r dialog mellan det judiska folket och den katolska kyrkan. Kompositionen har sedan sin premi\u00e4r framf\u00f6rts bland annat i Vatikanen \u2013 vid ett tillf\u00e4lle inf\u00f6r Benedictus XVI -, Jerusalem, Betlehem, Madrid, Paris, Tokyo, New York, Chicago, Boston, D\u00fcsseldorf och Auschwitz. <\/p>\n\n<p>Kiko Arg\u00fcello \u00e4r ocks\u00e5 f\u00f6rfattare till tv\u00e5 b\u00f6cker: \u00e5r 2012 publicerade han \u201dKerygmat i barackerna med de fattiga\u201d och 2016 utkom \u201dAnteckningar 1988 \u2013 2014\u201d.      <\/p>\n","protected":false},"excerpt":{"rendered":"<p>Kiko Arg\u00fcello Francisco Jos\u00e9 G\u00f3mez de Arg\u00fcello Wirtz f\u00f6ddes i Leon den 9:e januari 1939. Han studerade konst vid konstakademin San Fernando i Madrid och 1959 tilldelades han det extraordin\u00e4ra nationella priset f\u00f6r m\u00e5leri. Efter en djup existentiell kris genomgick han en allvarlig omv\u00e4ndelse som fick honom att viga sitt liv \u00e5t Jesus Kristus och kyrkan. \u00c5r 1960 grundade han tillsammans med skulpt\u00f6ren Coomontes och glasm\u00e4staren Mu\u00f1oz de Pablos forsknings-<\/p>\n<div class=\"read-more\"><a class=\"btn read-more-btn\" href=\"https:\/\/neocatechumenaleiter.org\/sv\/historia\/kiko-arguello\/\">L\u00e4s mer<\/a><\/div>\n","protected":false},"author":2,"featured_media":0,"parent":33671,"menu_order":0,"comment_status":"closed","ping_status":"closed","template":"","meta":{"footnotes":""},"class_list":["post-33686","page","type-page","status-publish","hentry"],"_links":{"self":[{"href":"https:\/\/neocatechumenaleiter.org\/sv\/wp-json\/wp\/v2\/pages\/33686","targetHints":{"allow":["GET"]}}],"collection":[{"href":"https:\/\/neocatechumenaleiter.org\/sv\/wp-json\/wp\/v2\/pages"}],"about":[{"href":"https:\/\/neocatechumenaleiter.org\/sv\/wp-json\/wp\/v2\/types\/page"}],"author":[{"embeddable":true,"href":"https:\/\/neocatechumenaleiter.org\/sv\/wp-json\/wp\/v2\/users\/2"}],"replies":[{"embeddable":true,"href":"https:\/\/neocatechumenaleiter.org\/sv\/wp-json\/wp\/v2\/comments?post=33686"}],"version-history":[{"count":1,"href":"https:\/\/neocatechumenaleiter.org\/sv\/wp-json\/wp\/v2\/pages\/33686\/revisions"}],"predecessor-version":[{"id":33687,"href":"https:\/\/neocatechumenaleiter.org\/sv\/wp-json\/wp\/v2\/pages\/33686\/revisions\/33687"}],"up":[{"embeddable":true,"href":"https:\/\/neocatechumenaleiter.org\/sv\/wp-json\/wp\/v2\/pages\/33671"}],"wp:attachment":[{"href":"https:\/\/neocatechumenaleiter.org\/sv\/wp-json\/wp\/v2\/media?parent=33686"}],"curies":[{"name":"wp","href":"https:\/\/api.w.org\/{rel}","templated":true}]}}