{"id":33688,"date":"2020-02-25T03:16:52","date_gmt":"2020-02-25T02:16:52","guid":{"rendered":"https:\/\/neocatechumenaleiter.org\/historia\/carmen-hernandez\/"},"modified":"2023-03-15T18:00:32","modified_gmt":"2023-03-15T17:00:32","slug":"carmen-hernandez","status":"publish","type":"page","link":"https:\/\/neocatechumenaleiter.org\/sv\/historia\/carmen-hernandez\/","title":{"rendered":"Carmen Hern\u00e1ndez"},"content":{"rendered":"\n<h1 class=\"wp-block-heading\"><strong>Carmen Hern\u00e1ndez<\/strong><\/h1>\n\n<div class=\"wp-block-image is-style-default\"><figure class=\"alignleft size-medium\"><img loading=\"lazy\" decoding=\"async\" width=\"245\" height=\"300\" src=\"https:\/\/neocatechumenaleiter.org\/wp-content\/uploads\/2020\/02\/Camino_Neocatecumenal_Carmen_Hernandez_psg-245x300.jpg\" alt=\"Carmen Hern&#xE1;ndez\" class=\"wp-image-225\" srcset=\"https:\/\/neocatechumenaleiter.org\/wp-content\/uploads\/2020\/02\/Camino_Neocatecumenal_Carmen_Hernandez_psg-245x300.jpg 245w, https:\/\/neocatechumenaleiter.org\/wp-content\/uploads\/2020\/02\/Camino_Neocatecumenal_Carmen_Hernandez_psg.jpg 327w\" sizes=\"auto, (max-width: 245px) 100vw, 245px\" \/><\/figure><\/div>\n\n<h4 class=\"wp-block-heading\">24:e november 1930, \u2020 Madrid, 19:e juli 2016<\/h4>\n\n<p>Carmen var, tillsammans med Kiko, initiativtagare till Vandringen. Hon f\u00f6ddes i \u00d3lvega (Soria, Spanien) den 24 november 1930. Hon var den femte av nio syskon &#8211;  fyra br\u00f6der och fem systrar &#8211;  och sin barndom tillbringade hon i Tudela (Navarra, Spanien).<\/p>\n\n<p>I Tudela studerade hon i Marias\u00e4llskapet och hade kontakt med Jesuiternas S\u00e4llskap. Hon p\u00e5verkades av den helige Franciskus Xaviers mission\u00e4ra anda och k\u00e4nde redan i mycket unga \u00e5r kallelsen att \u00e5ka p\u00e5 mission till Indien.  P\u00e5 faderns beg\u00e4ran b\u00f6rjade hon 1948 studera kemi i Madrid, d\u00e4r hon tog examen med h\u00f6gsta betyg \u00e5r 1954. <\/p>\n\n<p>Under en tid arbetade hon tillsammans med sin far inom livsmedelsindustrin i en fabrik som familjen \u00e4gde i And\u00fajar (Ja\u00e9n), men hon besl\u00f6t sig f\u00f6r att l\u00e4mna det f\u00f6r att flytta till Javier, d\u00e4r hon ansl\u00f6t sig till ett nytt missionsinstitut; Kristus Jesus\u2019  Missionssystrar. Efter sitt novitiat studerade hon teologi vid det teologiska institutet f\u00f6r religi\u00f6s utbildning i Valencia. \u00c5r 1960 blev hon destinerad till Indien. F\u00f6r denna mission var hon tvungen att f\u00f6rbereda sig i London (vid den tiden tillh\u00f6rde det asiatiska landet det Brittiska Samv\u00e4ldet), d\u00e4r hon stannade ett \u00e5r. Under den tiden skedde en \u00e4ndring i m\u00e5ls\u00e4ttningen inom Kristus Jesus Mission\u00e4rerna vilket begr\u00e4nsade hennes m\u00f6jlighet att bege sig i mission s\u00e5 hon \u00e5terv\u00e4nde fr\u00e5n London till Barcelona. D\u00e4r tr\u00e4ffade hon pr\u00e4sten Pedro Farn\u00e9s Scherer, som just hade avslutat sina studier vid Institut de Liturgie i Paris, strax innan Vatikankonciliet II och som efter det tog aktiv del i konciliet f\u00f6r dess f\u00f6rverkligande.<\/p>\n\n<p>I sin undervisning f\u00f6revisade pr\u00e4sten Farn\u00e9s k\u00e4llorna till eukaristin som h\u00e4rleds fr\u00e5n p\u00e5sken och en f\u00f6rnyad ecklesiologi som presenterade kyrkan som nationernas ljus. Carmens n\u00e4ra kontakt med f\u00f6rfattarna till denna koncili\u00e4ra f\u00f6rnyelse fick senare en stor betydelse i utformningen av katekeserna f\u00f6r den neokatekumenala vandringen.<\/p>\n\n<p>Fr\u00e5n mitten av \u00e5r 1963 till mitten av 1964 reste Carmen runt i det Heliga Landet med sin bibel och bes\u00f6kte de Heliga Platserna. N\u00e4r hon \u00e5terv\u00e4nde till Madrid b\u00f6rjade hon arbeta i barackomr\u00e5det i stadens utkanter och planerade att \u00e5ka som mission\u00e4r tillsammans med andra celibat\u00e4ra lekm\u00e4n till Bolivien. Men i barackomr\u00e5det tr\u00e4ffade hon Kiko Arg\u00fcello som bodde i ett kyffe i Palomeras Altas och det fick henne att stanna i samma omr\u00e5de.Mitt ibland de fattiga uppt\u00e4ckte de b\u00e5da kraften i p\u00e5skmysteriet och f\u00f6rkunnelsen av Kerygma (den goda nyheten om Kristus d\u00f6d och uppst\u00e5ndelse) och s\u00e5g den f\u00f6rsta kommuniteten f\u00f6das. Tack vare att den d\u00e5varande \u00e4rkebiskopen i Madrid, Monsignor Casimiro Morcillo bekr\u00e4ftade denna nya verklighet samarbetar Carmen med Kiko f\u00f6r att utf\u00f6ra uppgiften med att f\u00f6rnya kyrkan i f\u00f6rsamlingarna \u2013 f\u00f6rst i Madrid, sedan i Rom och d\u00e4refter i andra st\u00e4der och l\u00e4nder.<\/p>\n\n<p>Carmen Hern\u00e1ndez dog den 19 juli 2016 i Madrid. Vid hennes begravning, som leddes av Madrids \u00e4rkebiskop Carlos Osoro Sierra med tusentals bes\u00f6kare, betonade f. Mario Pezzi att med Vandringen \u00e4r &#8221;det f\u00f6rsta g\u00e5ngen i historien  som en kyrklig realitet grundats av en man och en kvinna som har samarbetat i \u00f6ver 50  \u00e5r\u201d. P\u00e5ven s\u00e4nde ocks\u00e5 ett  meddelande d\u00e4r han tillk\u00e4nnagav \u201datt han mottagit med r\u00f6relse\u201d nyheten om Carmens d\u00f6d och betonade \u201dhennes l\u00e5nga liv pr\u00e4glat av hennes k\u00e4rlek till Jesus och hennes stora missionsiver. Jag tackar Herren f\u00f6r denna kvinnas vittnesm\u00e5l som var besj\u00e4lad av en uppriktig k\u00e4rlek till kyrkan och som har arbetat hela sitt liv med att f\u00f6rkunna den Goda Nyheten \u00f6verallt, \u00e4ven p\u00e5 de mest avl\u00e4gsna platserna, utan att gl\u00f6mma de mest utst\u00f6tta m\u00e4nniskorna\u201d, skrev p\u00e5ven Franciscus.<\/p>\n","protected":false},"excerpt":{"rendered":"<p>Carmen Hern\u00e1ndez 24:e november 1930, \u2020 Madrid, 19:e juli 2016 Carmen var, tillsammans med Kiko, initiativtagare till Vandringen. Hon f\u00f6ddes i \u00d3lvega (Soria, Spanien) den 24 november 1930. Hon var den femte av nio syskon &#8211; fyra br\u00f6der och fem systrar &#8211; och sin barndom tillbringade hon i Tudela (Navarra, Spanien). I Tudela studerade hon i Marias\u00e4llskapet och hade kontakt med Jesuiternas S\u00e4llskap. Hon p\u00e5verkades av den helige Franciskus Xaviers<\/p>\n<div class=\"read-more\"><a class=\"btn read-more-btn\" href=\"https:\/\/neocatechumenaleiter.org\/sv\/historia\/carmen-hernandez\/\">L\u00e4s mer<\/a><\/div>\n","protected":false},"author":2,"featured_media":0,"parent":33671,"menu_order":0,"comment_status":"closed","ping_status":"closed","template":"","meta":{"footnotes":""},"class_list":["post-33688","page","type-page","status-publish","hentry"],"_links":{"self":[{"href":"https:\/\/neocatechumenaleiter.org\/sv\/wp-json\/wp\/v2\/pages\/33688","targetHints":{"allow":["GET"]}}],"collection":[{"href":"https:\/\/neocatechumenaleiter.org\/sv\/wp-json\/wp\/v2\/pages"}],"about":[{"href":"https:\/\/neocatechumenaleiter.org\/sv\/wp-json\/wp\/v2\/types\/page"}],"author":[{"embeddable":true,"href":"https:\/\/neocatechumenaleiter.org\/sv\/wp-json\/wp\/v2\/users\/2"}],"replies":[{"embeddable":true,"href":"https:\/\/neocatechumenaleiter.org\/sv\/wp-json\/wp\/v2\/comments?post=33688"}],"version-history":[{"count":3,"href":"https:\/\/neocatechumenaleiter.org\/sv\/wp-json\/wp\/v2\/pages\/33688\/revisions"}],"predecessor-version":[{"id":33691,"href":"https:\/\/neocatechumenaleiter.org\/sv\/wp-json\/wp\/v2\/pages\/33688\/revisions\/33691"}],"up":[{"embeddable":true,"href":"https:\/\/neocatechumenaleiter.org\/sv\/wp-json\/wp\/v2\/pages\/33671"}],"wp:attachment":[{"href":"https:\/\/neocatechumenaleiter.org\/sv\/wp-json\/wp\/v2\/media?parent=33688"}],"curies":[{"name":"wp","href":"https:\/\/api.w.org\/{rel}","templated":true}]}}