{"id":33692,"date":"2020-02-25T03:18:03","date_gmt":"2020-02-25T02:18:03","guid":{"rendered":"https:\/\/neocatechumenaleiter.org\/historia\/mario-pezzi\/"},"modified":"2023-03-15T18:16:44","modified_gmt":"2023-03-15T17:16:44","slug":"mario-pezzi","status":"publish","type":"page","link":"https:\/\/neocatechumenaleiter.org\/sv\/historia\/mario-pezzi\/","title":{"rendered":"Mario Pezzi"},"content":{"rendered":"\n<h1 class=\"wp-block-heading\"><strong>Mario Pezzi<\/strong><\/h1>\n\n<div class=\"wp-block-image is-style-circle-mask\"><figure class=\"alignleft size-medium\"><img loading=\"lazy\" decoding=\"async\" width=\"245\" height=\"300\" src=\"https:\/\/neocatechumenaleiter.org\/wp-content\/uploads\/2020\/02\/Camino_Neocatecumenal_Mario_Pezzi-245x300.jpg\" alt=\"Mario Pezzi\" class=\"wp-image-230\" srcset=\"https:\/\/neocatechumenaleiter.org\/wp-content\/uploads\/2020\/02\/Camino_Neocatecumenal_Mario_Pezzi-245x300.jpg 245w, https:\/\/neocatechumenaleiter.org\/wp-content\/uploads\/2020\/02\/Camino_Neocatecumenal_Mario_Pezzi-837x1024.jpg 837w, https:\/\/neocatechumenaleiter.org\/wp-content\/uploads\/2020\/02\/Camino_Neocatecumenal_Mario_Pezzi-768x940.jpg 768w, https:\/\/neocatechumenaleiter.org\/wp-content\/uploads\/2020\/02\/Camino_Neocatecumenal_Mario_Pezzi.jpg 994w\" sizes=\"auto, (max-width: 245px) 100vw, 245px\" \/><\/figure><\/div>\n\n<p>Mario Pezzi f\u00f6ddes i Gottolengo (Brescia, Italien) den 19:e september \u00e5r 1942 som den tredje av fem syskon. Han b\u00f6rjade i Comboni mission\u00e4rernas seminarium n\u00e4r han var 10 \u00e5r gammal. Efter novitiatet skickades han av sina \u00f6verordnade till Rom till det internationella skolastikatet och studerade teologi vid det p\u00e5vliga Urbaniana universitetet. Han pr\u00e4stvigdes den 19:e mars \u00e5r 1969 och p\u00e5b\u00f6rjade sin doktorsexamen vid det p\u00e5vliga Gregorianska universitetet tillsammans med professor Zoltan Alszeghy.<\/p>\n\n<p>Samma \u00e5r tr\u00e4ffade han Kiko och Carmen, initiativtagarna till den Neokatechumenala Vandringen, och deltog i de sista katekeserna i f\u00f6rsamlingen i katekesen i Nativit\u00e0 f\u00f6rsamlingen i Rom. I januari 1970, tog han emot Vandringens inledandekatekeser i San Giovanni di Dio f\u00f6rsamlingen, d\u00e4r han utf\u00f6rde sin pastorala tj\u00e4nst, och blev medlem av den f\u00f6rsta Neokatekumenala kommunitet i denna f\u00f6rsamling. Han s\u00e5g i &#013;\nVandringen ett hopp f\u00f6r katekumenatet i missionerna i Afrika, s\u00e4rskilt efter den tragiska erfarenheten av massakrerna bland de kristna i Burundi, han bland de kristna i Burundi, fick han tillst\u00e5nd av Superior att g\u00f6ra en erfarenhet som vandrande kateket i Vandringen med tanke p\u00e5 missionen i Afrika. I september 1970 avbr\u00f6t han sina studier och skickades av Kiko och Carmen f\u00f6r att starta Vandringen i tv\u00e5 f\u00f6rsamlingar i stiftet i Brescias och Milanos stift, och i januari 1971 till San Leone f\u00f6rsamlingen i Catania.<\/p>\n\n<p>Kiko och Carmen erbj\u00f6d honom i juni 1971 att ers\u00e4tta f. Francesco Cuppini, den pr\u00e4st som hade f\u00f6ljt dem sedan 1968, och d\u00e4rmed utgjorde han del i deras team under de perioder d\u00e5 de evangeliserade i Italien, s\u00e4rskilt i Rom, Florens och Ivrea. Under de perioder Kiko och Carmen befann sig i Spanien tillsammans med pr\u00e4sten Jes\u00fas Bl\u00e1zquez, s\u00e4ndes Mario ut f\u00f6r att evangelisera i Lombardiet och sedan i Portugal. I december 1981 blev han skickad av Combonimission\u00e4rernas superior som vandrande combonimission\u00e4r f\u00f6r att starta Vandringen i Khartoum (Sudan) combonimissiones centrum, och sedan i mars 1982 till Kampala (Uganda). Fr\u00e5n och med det \u00e5ret gjorde han m\u00e5nga resor i Afrika d\u00e4r han bes\u00f6kte flera biskopar i Kenya, bes\u00f6kte  Vandringens mission\u00e4rsfamiljer p\u00e5 Elfenbenskusten, i Kamerun, Zambia och pr\u00e4stseminarierna Redemtoris Mater i Kitwe (Zambia), Douala (Kamerun), Goma (Kongo), Dar es Salaamm(Tanzania) och Morondava (Madagaskar). Han bes\u00f6kte ocks\u00e5 ytterligare biskopar, f\u00f6rst i Angola och sedan i Mocambique f\u00f6r att presentera och \u00f6ppna Vandringen. Han bes\u00f6kte ock\u00e5 Bangui (Centralafrikanska Republiken) och Bujumbura (Burundi).<\/p>\n\n<p>\u00c5r 1982 blev han utsedd att ing\u00e5 i det team som ansvarar f\u00f6r den Neokatekumenala Vandringen tillsammans  med Kiko och Carmen f\u00f6r att f\u00f6lja dem p\u00e5 heltid i deras relationer med p\u00e5varna, Heliga Stolen, biskoparna, i graderna, i de vandrande kateketernas v\u00e4rldsm\u00f6ten och p\u00e5 internationella resor och m\u00f6ten, \u00e4nda fram till i dag. \u00c5r 1992 erbj\u00f6d den nya ledningen f\u00f6r Comboni Mission\u00e4rena honom att \u00e5terv\u00e4nda till institutet eller att bli inlemmad i Roms stift.D\u00e5 han l\u00e4mnade institutet blev han upptagen som vandrande katekespr\u00e4st av kardinalvikarien Camilo Ruini.<\/p>\n\n<p>N\u00e4r stadgarna godk\u00e4ndes 2002 ad experimentum och 2008 i slutlig form, uts\u00e5gs han av Heliga Stolen till presbyter i det internationella teamet tillsammans med Kiko och Carmen (innan hennes d\u00f6d).<\/p>\n","protected":false},"excerpt":{"rendered":"<p>Mario Pezzi Mario Pezzi f\u00f6ddes i Gottolengo (Brescia, Italien) den 19:e september \u00e5r 1942 som den tredje av fem syskon. Han b\u00f6rjade i Comboni mission\u00e4rernas seminarium n\u00e4r han var 10 \u00e5r gammal. Efter novitiatet skickades han av sina \u00f6verordnade till Rom till det internationella skolastikatet och studerade teologi vid det p\u00e5vliga Urbaniana universitetet. Han pr\u00e4stvigdes den 19:e mars \u00e5r 1969 och p\u00e5b\u00f6rjade sin doktorsexamen vid det p\u00e5vliga Gregorianska universitetet tillsammans<\/p>\n<div class=\"read-more\"><a class=\"btn read-more-btn\" href=\"https:\/\/neocatechumenaleiter.org\/sv\/historia\/mario-pezzi\/\">L\u00e4s mer<\/a><\/div>\n","protected":false},"author":2,"featured_media":0,"parent":33671,"menu_order":0,"comment_status":"closed","ping_status":"closed","template":"","meta":{"footnotes":""},"class_list":["post-33692","page","type-page","status-publish","hentry"],"_links":{"self":[{"href":"https:\/\/neocatechumenaleiter.org\/sv\/wp-json\/wp\/v2\/pages\/33692","targetHints":{"allow":["GET"]}}],"collection":[{"href":"https:\/\/neocatechumenaleiter.org\/sv\/wp-json\/wp\/v2\/pages"}],"about":[{"href":"https:\/\/neocatechumenaleiter.org\/sv\/wp-json\/wp\/v2\/types\/page"}],"author":[{"embeddable":true,"href":"https:\/\/neocatechumenaleiter.org\/sv\/wp-json\/wp\/v2\/users\/2"}],"replies":[{"embeddable":true,"href":"https:\/\/neocatechumenaleiter.org\/sv\/wp-json\/wp\/v2\/comments?post=33692"}],"version-history":[{"count":1,"href":"https:\/\/neocatechumenaleiter.org\/sv\/wp-json\/wp\/v2\/pages\/33692\/revisions"}],"predecessor-version":[{"id":33693,"href":"https:\/\/neocatechumenaleiter.org\/sv\/wp-json\/wp\/v2\/pages\/33692\/revisions\/33693"}],"up":[{"embeddable":true,"href":"https:\/\/neocatechumenaleiter.org\/sv\/wp-json\/wp\/v2\/pages\/33671"}],"wp:attachment":[{"href":"https:\/\/neocatechumenaleiter.org\/sv\/wp-json\/wp\/v2\/media?parent=33692"}],"curies":[{"name":"wp","href":"https:\/\/api.w.org\/{rel}","templated":true}]}}