{"id":33694,"date":"2020-02-25T03:20:35","date_gmt":"2020-02-25T02:20:35","guid":{"rendered":"https:\/\/neocatechumenaleiter.org\/historia\/maria-ascension\/"},"modified":"2026-03-12T17:05:44","modified_gmt":"2026-03-12T16:05:44","slug":"maria-ascension","status":"publish","type":"page","link":"https:\/\/neocatechumenaleiter.org\/sv\/historia\/maria-ascension\/","title":{"rendered":"Mar\u00eda Ascensi\u00f3n"},"content":{"rendered":"\n<h1 class=\"wp-block-heading\"><strong>Mar\u00eda Ascensi\u00f3n Romero<\/strong><\/h1>\n<div class=\"wp-block-image is-style-circle-mask\">\n<figure class=\"alignleft size-medium\"><img loading=\"lazy\" decoding=\"async\" width=\"245\" height=\"300\" src=\"https:\/\/neocatechumenaleiter.org\/wp-content\/uploads\/2020\/02\/Camino_Neocatecumenal_Maria_Ascension_Romero-245x300.jpg\" alt=\"Mar&#xED;a Ascensi&#xF3;n Romero\" class=\"wp-image-235\" srcset=\"https:\/\/neocatechumenaleiter.org\/wp-content\/uploads\/2020\/02\/Camino_Neocatecumenal_Maria_Ascension_Romero-245x300.jpg 245w, https:\/\/neocatechumenaleiter.org\/wp-content\/uploads\/2020\/02\/Camino_Neocatecumenal_Maria_Ascension_Romero-837x1024.jpg 837w, https:\/\/neocatechumenaleiter.org\/wp-content\/uploads\/2020\/02\/Camino_Neocatecumenal_Maria_Ascension_Romero-768x940.jpg 768w, https:\/\/neocatechumenaleiter.org\/wp-content\/uploads\/2020\/02\/Camino_Neocatecumenal_Maria_Ascension_Romero.jpg 994w\" sizes=\"auto, (max-width: 245px) 100vw, 245px\" \/><\/figure><\/div>\n<p>Maria Ascensi\u00f3n Romero Ant\u00f3n blev utsedd i januari 2018 att eftertr\u00e4da Carmen i det internationella teamet f\u00f6r den Neokatekumenala Vandringen, efter det att den Heliga Stolens Dicasteri f\u00f6r Lekm\u00e4n, Familj och Liv beg\u00e4rt det i enlighet med Vandringens stadgar.<\/p>\n\n<p>Maria Ascenci\u00f3n f\u00f6ddes den 27 maj 1960 i Tudela, Navarra (Spanien). Hon \u00e4r den tredje av fyra syskon och studerade vid Marias S\u00e4llskaps Skola (samma skola som Carmen Hern\u00e1ndez). D\u00e4refter flyttade hon till Soria f\u00f6r att utbilda sig till l\u00e4rare och d\u00e4r, vid 19 \u00e5rs \u00e5lder, kom hon i kontakt med den Neokatekumenala Vandringen.<\/p>\n\n<p>Efter flera \u00e5r i en Neokatekumenal komunitet i Tudela flyttade hon till Madrid f\u00f6r att arbeta som l\u00e4rare och d\u00e4r hon ansl\u00f6t sig till Vandringen i S:a Catalina de Siena f\u00f6rsamling.<\/p>\n\n<p>Vid VUD (V\u00e4rlds Ungdoms Dag) I Santiago av Compostela, ledd av p\u00e5ven S:t Johannes Paulus II, k\u00e4nde hon kallelsen att evangelisera, vilket hon bekr\u00e4ftade vid ett kallelsem\u00f6te med Vandringens initiativtagare i Zaragoza. <\/p>\n\n<p>\u00c5r 1991 utf\u00f6rde hon sin f\u00f6rsta missionsuppdrag i stiftet Ciudad Real (Spanien). \u00c5r 1992 \u00e5kte hon till det forna Sovietunionen d\u00e4r hon tillbringade 25 \u00e5r med att evangelisiera i olika l\u00e4nder: Vitryssland, Kazakstan och Ryssland.<\/p>\n\n<p>Den 2 februari 2018 uts\u00e5gs hon officiellt som medlem av det internationella teamet som ansvarar f\u00f6r den Neokatekumenala Vandringen.<\/p>\n","protected":false},"excerpt":{"rendered":"<p>Mar\u00eda Ascensi\u00f3n Romero Maria Ascensi\u00f3n Romero Ant\u00f3n blev utsedd i januari 2018 att eftertr\u00e4da Carmen i det internationella teamet f\u00f6r den Neokatekumenala Vandringen, efter det att den Heliga Stolens Dicasteri f\u00f6r Lekm\u00e4n, Familj och Liv beg\u00e4rt det i enlighet med Vandringens stadgar. Maria Ascenci\u00f3n f\u00f6ddes den 27 maj 1960 i Tudela, Navarra (Spanien). Hon \u00e4r den tredje av fyra syskon och studerade vid Marias S\u00e4llskaps Skola (samma skola som Carmen<\/p>\n<div class=\"read-more\"><a class=\"btn read-more-btn\" href=\"https:\/\/neocatechumenaleiter.org\/sv\/historia\/maria-ascension\/\">L\u00e4s mer<\/a><\/div>\n","protected":false},"author":2,"featured_media":0,"parent":33671,"menu_order":0,"comment_status":"closed","ping_status":"closed","template":"","meta":{"footnotes":""},"class_list":["post-33694","page","type-page","status-publish","hentry"],"_links":{"self":[{"href":"https:\/\/neocatechumenaleiter.org\/sv\/wp-json\/wp\/v2\/pages\/33694","targetHints":{"allow":["GET"]}}],"collection":[{"href":"https:\/\/neocatechumenaleiter.org\/sv\/wp-json\/wp\/v2\/pages"}],"about":[{"href":"https:\/\/neocatechumenaleiter.org\/sv\/wp-json\/wp\/v2\/types\/page"}],"author":[{"embeddable":true,"href":"https:\/\/neocatechumenaleiter.org\/sv\/wp-json\/wp\/v2\/users\/2"}],"replies":[{"embeddable":true,"href":"https:\/\/neocatechumenaleiter.org\/sv\/wp-json\/wp\/v2\/comments?post=33694"}],"version-history":[{"count":2,"href":"https:\/\/neocatechumenaleiter.org\/sv\/wp-json\/wp\/v2\/pages\/33694\/revisions"}],"predecessor-version":[{"id":48112,"href":"https:\/\/neocatechumenaleiter.org\/sv\/wp-json\/wp\/v2\/pages\/33694\/revisions\/48112"}],"up":[{"embeddable":true,"href":"https:\/\/neocatechumenaleiter.org\/sv\/wp-json\/wp\/v2\/pages\/33671"}],"wp:attachment":[{"href":"https:\/\/neocatechumenaleiter.org\/sv\/wp-json\/wp\/v2\/media?parent=33694"}],"curies":[{"name":"wp","href":"https:\/\/api.w.org\/{rel}","templated":true}]}}