{"id":36714,"date":"2020-02-27T23:27:17","date_gmt":"2020-02-27T22:27:17","guid":{"rendered":"https:\/\/neocatechumenaleiter.org\/pavarnas-ord\/"},"modified":"2026-01-19T15:40:56","modified_gmt":"2026-01-19T14:40:56","slug":"pavarnas-ord","status":"publish","type":"page","link":"https:\/\/neocatechumenaleiter.org\/sv\/pavarnas-ord\/","title":{"rendered":"P\u00e5varnas ord"},"content":{"rendered":"\n<h1 class=\"wp-block-heading has-text-align-center\">P\u00e5varnas ord<\/h1>\n\n<h4 class=\"wp-block-heading has-text-align-center\">Den neokatekumenala Vandringen i p\u00e5varnas ord: tal, audienser, uppmaningar, erk\u00e4nnanden, godk\u00e4nnanden&#8230;<\/h4>\n\n<div style=\"height:20px\" aria-hidden=\"true\" class=\"wp-block-spacer\"><\/div>\n\n<p>Helige Paulus VI (4:e augusti 1976): &#8221;V\u00e5r tid beh\u00f6ver b\u00f6rja om igen f\u00f6r att bygga upp kyrkan, psykologiskt och pastoralt, som om den b\u00f6rjade om igen, fr\u00e5n grunden, s\u00e5 att s\u00e4ga, f\u00f6r att f\u00f6rnya sig sj\u00e4lv&#8221;. <\/p>\n\n<p>De f\u00f6rsta apostlarna gick i sm\u00e5 evangelisationsgrupper genom synagogorna och f\u00f6rkunnade de goda nyheterna: Gud har uppv\u00e4ckt sin tj\u00e4nare Jesus, han som vi har f\u00f6rnekat och vi bad om n\u00e5d f\u00f6r en m\u00f6rdare; han som dog utan motst\u00e5nd, utan att st\u00e5 emot det onda, som \u00e4lskade sina fiender, som urs\u00e4ktade dem (&#8221;f\u00f6rl\u00e5t dem, f\u00f6r de vet inte vad de g\u00f6r&#8221;); han som erbj\u00f6d dem det onda de utsatte honom f\u00f6r &#8211; tortyr och kors &#8211; som bevis p\u00e5 att hans k\u00e4rlek var st\u00f6rre \u00e4n d\u00f6den och att han inte upph\u00f6rde att \u00e4lska dem, \u00e4ven om de tog hans liv: Gud har uppv\u00e4ckt honom fr\u00e5n de d\u00f6da och i dag lever han, f\u00f6r att f\u00f6rl\u00e5ta detta och alla andra brott. (Kiko Arg\u00fcello)<\/p>\n\n<h6 class=\"wp-block-heading has-text-align-right\">Kiko Arg\u00fcello<\/h6>\n\n<div style=\"height:30px\" aria-hidden=\"true\" class=\"wp-block-spacer\"><\/div>\n\n<hr class=\"wp-block-separator aligncenter has-alpha-channel-opacity is-style-wide\" \/>\n\n<div style=\"height:30px\" aria-hidden=\"true\" class=\"wp-block-spacer\"><\/div>\n\n<div class=\"wp-block-columns are-vertically-aligned-center is-layout-flex wp-container-core-columns-is-layout-9d6595d7 wp-block-columns-is-layout-flex\">\n<div class=\"wp-block-column is-vertically-aligned-center is-layout-flow wp-block-column-is-layout-flow\"><div class=\"wp-block-image\">\n<figure class=\"aligncenter size-medium\"><a href=\"https:\/\/neocatechumenaleiter.org\/sv\/pavarnas-ord\/helige-paulus-vi\/\"><img loading=\"lazy\" decoding=\"async\" width=\"250\" height=\"300\" src=\"https:\/\/neocatechumenaleiter.org\/wp-content\/uploads\/2020\/02\/Camino_Neocatecumenal_S_Pablo_VI-250x300.jpg\" alt=\"H. Pablo VI, Kiko Arg&#xFC;ello y Carmen Hern&#xE1;ndez\" class=\"wp-image-7883\" srcset=\"https:\/\/neocatechumenaleiter.org\/wp-content\/uploads\/2020\/02\/Camino_Neocatecumenal_S_Pablo_VI-250x300.jpg 250w, https:\/\/neocatechumenaleiter.org\/wp-content\/uploads\/2020\/02\/Camino_Neocatecumenal_S_Pablo_VI.jpg 500w\" sizes=\"auto, (max-width: 250px) 100vw, 250px\" \/><\/a><figcaption class=\"wp-element-caption\"><strong>H. Pablo VI<\/strong><\/figcaption><\/figure><\/div><\/div>\n\n\n\n<div class=\"wp-block-column is-vertically-aligned-center is-layout-flow wp-block-column-is-layout-flow\"><div class=\"wp-block-image\">\n<figure class=\"aligncenter size-medium\"><a href=\"https:\/\/neocatechumenaleiter.org\/sv\/pavarnas-ord\/h-johannes-paulus-ii\/\"><img loading=\"lazy\" decoding=\"async\" width=\"250\" height=\"300\" src=\"https:\/\/neocatechumenaleiter.org\/wp-content\/uploads\/2020\/02\/Camino_Neocatecumenal_S_Juan_Pablo_II-250x300.jpg\" alt=\"H. Johanes Paulus II\" class=\"wp-image-7882\" srcset=\"https:\/\/neocatechumenaleiter.org\/wp-content\/uploads\/2020\/02\/Camino_Neocatecumenal_S_Juan_Pablo_II-250x300.jpg 250w, https:\/\/neocatechumenaleiter.org\/wp-content\/uploads\/2020\/02\/Camino_Neocatecumenal_S_Juan_Pablo_II.jpg 500w\" sizes=\"auto, (max-width: 250px) 100vw, 250px\" \/><\/a><figcaption class=\"wp-element-caption\"><strong>H. Johanes Paulus II<\/strong><\/figcaption><\/figure><\/div><\/div>\n\n\n\n<div class=\"wp-block-column is-vertically-aligned-center is-layout-flow wp-block-column-is-layout-flow\"><div class=\"wp-block-image\">\n<figure class=\"aligncenter size-medium\"><a href=\"https:\/\/neocatechumenaleiter.org\/sv\/pavarnas-ord\/benediktus-xvi\/\"><img loading=\"lazy\" decoding=\"async\" width=\"250\" height=\"300\" src=\"https:\/\/neocatechumenaleiter.org\/wp-content\/uploads\/2020\/02\/Camino_Neocatecumenal_Papa_Benedicto_XVI-250x300.jpg\" alt=\"Emeritus P&#xE5;ve Benediktus XVI\" class=\"wp-image-7880\" srcset=\"https:\/\/neocatechumenaleiter.org\/wp-content\/uploads\/2020\/02\/Camino_Neocatecumenal_Papa_Benedicto_XVI-250x300.jpg 250w, https:\/\/neocatechumenaleiter.org\/wp-content\/uploads\/2020\/02\/Camino_Neocatecumenal_Papa_Benedicto_XVI.jpg 500w\" sizes=\"auto, (max-width: 250px) 100vw, 250px\" \/><\/a><figcaption class=\"wp-element-caption\"><strong>Benediktus XVI<\/strong><\/figcaption><\/figure><\/div><\/div>\n<\/div>\n\n<div class=\"wp-block-columns are-vertically-aligned-center is-layout-flex wp-container-core-columns-is-layout-9d6595d7 wp-block-columns-is-layout-flex\">\n<div class=\"wp-block-column is-vertically-aligned-center is-layout-flow wp-block-column-is-layout-flow\"><div class=\"wp-block-image\">\n<figure class=\"aligncenter size-medium\"><a href=\"https:\/\/neocatechumenaleiter.org\/sv\/pavarnas-ord\/fransiskus\/\"><img loading=\"lazy\" decoding=\"async\" width=\"250\" height=\"300\" src=\"https:\/\/neocatechumenaleiter.org\/wp-content\/uploads\/2020\/02\/Camino_Neocatecumenal_Papa_Francisco-250x300.jpg\" alt=\"P&#xE5;ve Franciscus\" class=\"wp-image-7881\" srcset=\"https:\/\/neocatechumenaleiter.org\/wp-content\/uploads\/2020\/02\/Camino_Neocatecumenal_Papa_Francisco-250x300.jpg 250w, https:\/\/neocatechumenaleiter.org\/wp-content\/uploads\/2020\/02\/Camino_Neocatecumenal_Papa_Francisco.jpg 500w\" sizes=\"auto, (max-width: 250px) 100vw, 250px\" \/><\/a><figcaption class=\"wp-element-caption\"><strong>Franciscus<\/strong><\/figcaption><\/figure><\/div><\/div>\n\n\n\n<div class=\"wp-block-column is-vertically-aligned-center is-layout-flow wp-block-column-is-layout-flow\"><div class=\"wp-block-image\">\n<figure class=\"aligncenter size-medium\"><a href=\"https:\/\/neocatechumenaleiter.org\/sv\/pavarnas-ord\/leo-xiv\/\"><img loading=\"lazy\" decoding=\"async\" width=\"250\" height=\"300\" src=\"https:\/\/neocatechumenaleiter.org\/wp-content\/uploads\/2025\/12\/Papa-Leone-XIV-foto-ufficiale_Copyright-VATICAN-MEDIA-500x600-1-250x300.jpg\" alt=\"P&#xE5;ve Leo XIV\" class=\"wp-image-46079\" srcset=\"https:\/\/neocatechumenaleiter.org\/wp-content\/uploads\/2025\/12\/Papa-Leone-XIV-foto-ufficiale_Copyright-VATICAN-MEDIA-500x600-1-250x300.jpg 250w, https:\/\/neocatechumenaleiter.org\/wp-content\/uploads\/2025\/12\/Papa-Leone-XIV-foto-ufficiale_Copyright-VATICAN-MEDIA-500x600-1.jpg 500w\" sizes=\"auto, (max-width: 250px) 100vw, 250px\" \/><\/a><figcaption class=\"wp-element-caption\"><strong>Leo XIV<\/strong><\/figcaption><\/figure><\/div><\/div>\n\n\n\n<div class=\"wp-block-column is-vertically-aligned-center is-layout-flow wp-block-column-is-layout-flow\"><\/div>\n<\/div>\n","protected":false},"excerpt":{"rendered":"<p>P\u00e5varnas ord Den neokatekumenala Vandringen i p\u00e5varnas ord: tal, audienser, uppmaningar, erk\u00e4nnanden, godk\u00e4nnanden&#8230; Helige Paulus VI (4:e augusti 1976): &#8221;V\u00e5r tid beh\u00f6ver b\u00f6rja om igen f\u00f6r att bygga upp kyrkan, psykologiskt och pastoralt, som om den b\u00f6rjade om igen, fr\u00e5n grunden, s\u00e5 att s\u00e4ga, f\u00f6r att f\u00f6rnya sig sj\u00e4lv&#8221;. De f\u00f6rsta apostlarna gick i sm\u00e5 evangelisationsgrupper genom synagogorna och f\u00f6rkunnade de goda nyheterna: Gud har uppv\u00e4ckt sin tj\u00e4nare Jesus, han<\/p>\n<div class=\"read-more\"><a class=\"btn read-more-btn\" href=\"https:\/\/neocatechumenaleiter.org\/sv\/pavarnas-ord\/\">L\u00e4s mer<\/a><\/div>\n","protected":false},"author":2,"featured_media":0,"parent":0,"menu_order":0,"comment_status":"closed","ping_status":"closed","template":"","meta":{"footnotes":""},"class_list":["post-36714","page","type-page","status-publish","hentry"],"_links":{"self":[{"href":"https:\/\/neocatechumenaleiter.org\/sv\/wp-json\/wp\/v2\/pages\/36714","targetHints":{"allow":["GET"]}}],"collection":[{"href":"https:\/\/neocatechumenaleiter.org\/sv\/wp-json\/wp\/v2\/pages"}],"about":[{"href":"https:\/\/neocatechumenaleiter.org\/sv\/wp-json\/wp\/v2\/types\/page"}],"author":[{"embeddable":true,"href":"https:\/\/neocatechumenaleiter.org\/sv\/wp-json\/wp\/v2\/users\/2"}],"replies":[{"embeddable":true,"href":"https:\/\/neocatechumenaleiter.org\/sv\/wp-json\/wp\/v2\/comments?post=36714"}],"version-history":[{"count":6,"href":"https:\/\/neocatechumenaleiter.org\/sv\/wp-json\/wp\/v2\/pages\/36714\/revisions"}],"predecessor-version":[{"id":46745,"href":"https:\/\/neocatechumenaleiter.org\/sv\/wp-json\/wp\/v2\/pages\/36714\/revisions\/46745"}],"wp:attachment":[{"href":"https:\/\/neocatechumenaleiter.org\/sv\/wp-json\/wp\/v2\/media?parent=36714"}],"curies":[{"name":"wp","href":"https:\/\/api.w.org\/{rel}","templated":true}]}}