{"id":39557,"date":"2020-02-28T05:58:40","date_gmt":"2020-02-28T04:58:40","guid":{"rendered":"https:\/\/neocatechumenaleiter.org\/pavarnas-ord\/helige-paulus-vi\/"},"modified":"2025-06-05T14:17:04","modified_gmt":"2025-06-05T13:17:04","slug":"helige-paulus-vi","status":"publish","type":"page","link":"https:\/\/neocatechumenaleiter.org\/sv\/pavarnas-ord\/helige-paulus-vi\/","title":{"rendered":"Helige Paulus VI"},"content":{"rendered":"\n<h1 class=\"has-text-align-center wp-block-heading\">H. Paulus VI<\/h1>\n\n<div style=\"height:20px\" aria-hidden=\"true\" class=\"wp-block-spacer\"><\/div>\n\n<h4 class=\"has-text-align-center wp-block-heading\">Biografi<\/h4>\n\n<div style=\"height:20px\" aria-hidden=\"true\" class=\"wp-block-spacer\"><\/div>\n\n<div class=\"wp-block-image is-style-default\"><figure class=\"alignleft size-medium is-resized\"><img loading=\"lazy\" decoding=\"async\" src=\"https:\/\/neocatechumenaleiter.org\/wp-content\/uploads\/2020\/02\/Camino_Neocatecumenal_S_Pablo_VI-250x300.jpg\" alt=\"\" class=\"wp-image-891\" width=\"250\" height=\"300\" srcset=\"https:\/\/neocatechumenaleiter.org\/wp-content\/uploads\/2020\/02\/Camino_Neocatecumenal_S_Pablo_VI-250x300.jpg 250w, https:\/\/neocatechumenaleiter.org\/wp-content\/uploads\/2020\/02\/Camino_Neocatecumenal_S_Pablo_VI.jpg 500w\" sizes=\"auto, (max-width: 250px) 100vw, 250px\" \/><\/figure><\/div>\n\n<p>Giovanni Battista Enrico Antonio Maria Montini f\u00f6ddes i Lombardiet (Italien) den 26 september 1897.<\/p>\n\n<p>Den 29 maj 1920 blev han pr\u00e4stvigd.<\/p>\n\n<p>\u00c5r 1954 blev han biskop och 1958 utn\u00e4mndes han till kardinal av Johannes XXIII.<\/p>\n\n<p>Den 21 juni 1963 valdes han till P\u00e5ve i den Katolska Kyrkan och antog namnet Paulus VI.<\/p>\n\n<p>\u00c5r 1965 inr\u00e4ttade han Synoden f\u00f6r biskopar och r\u00e5dsf\u00e4der.<\/p>\n\n<p><p>Han f\u00f6rsvarade livet och familjen genom encyklikan Humanae Vitae, som han skrev 1968. Han avslutade Andra Vatikankonciliet.<\/p><\/p>\n\n<p>Paulus VI avled i Castel Gandolfo den 6 augusti 1978 efter ett 15-\u00e5rigt pontifikat.<\/p>\n\n<p>Han saligf\u00f6rklarades den 19 oktober 2014 och helgonf\u00f6rklarades den 14 oktober 2018 av p\u00e5ven Franciskus.<\/p>\n\n<div style=\"height:20px\" aria-hidden=\"true\" class=\"wp-block-spacer\"><\/div>\n\n<hr class=\"wp-block-separator\" \/>\n\n<div style=\"height:20px\" aria-hidden=\"true\" class=\"wp-block-spacer\"><\/div>\n\n<h3 class=\"has-text-align-center wp-block-heading\">Dokument<\/h3>\n\n<div style=\"height:20px\" aria-hidden=\"true\" class=\"wp-block-spacer\"><\/div>\n\n<div class=\"columna-papas\">\r\n    <h4 class=\"has-text-align-center\">A\u00f1o 1974<\/h4>\r\n    <div style=\"height:20px\" aria-hidden=\"true\" class=\"wp-block-spacer\"><\/div><br \/><a href=\"https:\/\/neocatechumenaleiter.org\/palabras-de-los-papas\/s-pablo-vi\/audiencia-general-8-v-1974\/\"><h6 class=\"has-text-align-center\">Audiencia general 8-V-1974<\/h6><\/a><br \/><\/div><br \/><div class=\"columna-papas\" style=\"background: #f7f7f7\">\r\n    <h4 class=\"has-text-align-center\">A\u00f1o 1977<\/h4>\r\n    <div style=\"height:20px\" aria-hidden=\"true\" class=\"wp-block-spacer\"><\/div><br \/><a href=\"https:\/\/neocatechumenaleiter.org\/palabras-de-los-papas\/s-pablo-vi\/audiencia-general-12-1-1977\/\"><h6 class=\"has-text-align-center\">Audiencia general 12-I-1977<\/h6><\/a><br \/><\/div><br \/>","protected":false},"excerpt":{"rendered":"<p>H. Paulus VI Biografi Giovanni Battista Enrico Antonio Maria Montini f\u00f6ddes i Lombardiet (Italien) den 26 september 1897. Den 29 maj 1920 blev han pr\u00e4stvigd. \u00c5r 1954 blev han biskop och 1958 utn\u00e4mndes han till kardinal av Johannes XXIII. Den 21 juni 1963 valdes han till P\u00e5ve i den Katolska Kyrkan och antog namnet Paulus VI. \u00c5r 1965 inr\u00e4ttade han Synoden f\u00f6r biskopar och r\u00e5dsf\u00e4der. Han f\u00f6rsvarade livet och familjen<\/p>\n<div class=\"read-more\"><a class=\"btn read-more-btn\" href=\"https:\/\/neocatechumenaleiter.org\/sv\/pavarnas-ord\/helige-paulus-vi\/\">L\u00e4s mer<\/a><\/div>\n","protected":false},"author":2,"featured_media":0,"parent":36714,"menu_order":0,"comment_status":"closed","ping_status":"closed","template":"","meta":{"footnotes":""},"class_list":["post-39557","page","type-page","status-publish","hentry"],"_links":{"self":[{"href":"https:\/\/neocatechumenaleiter.org\/sv\/wp-json\/wp\/v2\/pages\/39557","targetHints":{"allow":["GET"]}}],"collection":[{"href":"https:\/\/neocatechumenaleiter.org\/sv\/wp-json\/wp\/v2\/pages"}],"about":[{"href":"https:\/\/neocatechumenaleiter.org\/sv\/wp-json\/wp\/v2\/types\/page"}],"author":[{"embeddable":true,"href":"https:\/\/neocatechumenaleiter.org\/sv\/wp-json\/wp\/v2\/users\/2"}],"replies":[{"embeddable":true,"href":"https:\/\/neocatechumenaleiter.org\/sv\/wp-json\/wp\/v2\/comments?post=39557"}],"version-history":[{"count":7,"href":"https:\/\/neocatechumenaleiter.org\/sv\/wp-json\/wp\/v2\/pages\/39557\/revisions"}],"predecessor-version":[{"id":42372,"href":"https:\/\/neocatechumenaleiter.org\/sv\/wp-json\/wp\/v2\/pages\/39557\/revisions\/42372"}],"up":[{"embeddable":true,"href":"https:\/\/neocatechumenaleiter.org\/sv\/wp-json\/wp\/v2\/pages\/36714"}],"wp:attachment":[{"href":"https:\/\/neocatechumenaleiter.org\/sv\/wp-json\/wp\/v2\/media?parent=39557"}],"curies":[{"name":"wp","href":"https:\/\/api.w.org\/{rel}","templated":true}]}}