{"id":39700,"date":"2020-02-29T02:02:56","date_gmt":"2020-02-29T01:02:56","guid":{"rendered":"https:\/\/neocatechumenaleiter.org\/pavarnas-ord\/fransiskus\/"},"modified":"2025-03-20T13:55:07","modified_gmt":"2025-03-20T12:55:07","slug":"fransiskus","status":"publish","type":"page","link":"https:\/\/neocatechumenaleiter.org\/sv\/pavarnas-ord\/fransiskus\/","title":{"rendered":"Fransiskus"},"content":{"rendered":"\n<h1 class=\"has-text-align-center wp-block-heading\">Fransiskus<\/h1>\n\n<div style=\"height:21px\" aria-hidden=\"true\" class=\"wp-block-spacer\"><\/div>\n\n<h4 class=\"has-text-align-center wp-block-heading\">Biografi<\/h4>\n\n<div style=\"height:20px\" aria-hidden=\"true\" class=\"wp-block-spacer\"><\/div>\n\n<div style=\"height:20px\" aria-hidden=\"true\" class=\"wp-block-spacer\"><\/div>\n\n<div class=\"wp-block-image is-style-default\"><figure class=\"alignleft size-medium\"><img loading=\"lazy\" decoding=\"async\" width=\"250\" height=\"300\" src=\"https:\/\/neocatechumenaleiter.org\/wp-content\/uploads\/2020\/02\/Camino_Neocatecumenal_Papa_Francisco-250x300.jpg\" alt=\"P&#xE5;ven Fransiskus\" class=\"wp-image-879\" srcset=\"https:\/\/neocatechumenaleiter.org\/wp-content\/uploads\/2020\/02\/Camino_Neocatecumenal_Papa_Francisco-250x300.jpg 250w, https:\/\/neocatechumenaleiter.org\/wp-content\/uploads\/2020\/02\/Camino_Neocatecumenal_Papa_Francisco.jpg 500w\" sizes=\"auto, (max-width: 250px) 100vw, 250px\" \/><\/figure><\/div>\n\n<p>Jorge Mario Bergoglio f\u00f6ddes i Buenos Aires (Argentina) den 17 de december 1936.<\/p>\n\n<p>Den 13 december 1969 pr\u00e4stvigdes han av \u00e4rkebiskop Ram\u00f3n Jos\u00e9 Castellano.<\/p>\n\n<p>\u00c5r 1998 uts\u00e5gs han till \u00e4rkebiskop av Buenos Aires och 2001 utn\u00e4mnde Johannes Paulus II honom till Kardinal.<\/p>\n\n<p>\u00c5r 2002 tackade han nej till att bli ordf\u00f6rande f\u00f6r den argentinska Biskopskonferensen, men tre \u00e5r senare valdes han och bekr\u00e4ftades senare f\u00f6r ytterligare en tre\u00e5rsperiod 2008.<\/p>\n\n<p>\u00c5r 2005 deltog han i den konklav som ledde till valet av Benedictus XVI.<\/p>\n\n<p>Den 13 mars 2013 valdes han till Benedictus XVI:s eftertr\u00e4dare. &#013;\nHan \u00e4r den f\u00f6rste p\u00e5ven fr\u00e5n Amerika, den f\u00f6rste spansktalande p\u00e5ven. &#013;\nF\u00f6rsvarare av livet fr\u00e5n befruktning till naturlig d\u00f6d.<\/p>\n\n<div style=\"height:20px\" aria-hidden=\"true\" class=\"wp-block-spacer\"><\/div>\n\n<hr class=\"wp-block-separator\" \/>\n\n<div style=\"height:20px\" aria-hidden=\"true\" class=\"wp-block-spacer\"><\/div>\n\n<h3 class=\"has-text-align-center wp-block-heading\">Dokumenter<\/h3>\n\n<div style=\"height:20px\" aria-hidden=\"true\" class=\"wp-block-spacer\"><\/div>\n\n<section id=\"search-2\" class=\"widget widget_search\">\r\n\t<label for=\"search-form-5e59be1dc1b02\">\r\n\t\t<span class=\"screen-reader-text\">Buscar:<\/span>\r\n        <\/label>\r\n\t<button type=\"submit\" class=\"search-submit\">\r\n    \t<span class=\"screen-reader-text\">Buscar<\/span>\r\n        <i class=\"icon-magnifier\"><\/i>\r\n    <\/button>\r\n\r\n<\/section>\n<div style=\"height:20px\" aria-hidden=\"true\" class=\"wp-block-spacer\"><\/div>\n\n<div class=\"columna-papas\">\r\n    <h4 class=\"has-text-align-center\">A\u00f1o 2013<\/h4>\r\n    <div style=\"height:20px\" aria-hidden=\"true\" class=\"wp-block-spacer\"><\/div>\r\n    <a href=\"https:\/\/neocatechumenaleiter.org\/palabras-de-los-papas\/francisco\/regina-coeli-por-la-mision-en-las-plazas-de-roma-7-iv-2013\/\"><h6 class=\"has-text-align-left\">\u00abRegina Coeli\u00bb por la misi\u00f3n en las plazas de Roma 7-IV-2013<\/h6><\/a>\r\n<\/div>\r\n<div class=\"columna-papas\" style=\"background: #f7f7f7\">\r\n    <h4 class=\"has-text-align-center\">A\u00f1o 2014<\/h4>\r\n    <div style=\"height:20px\" aria-hidden=\"true\" class=\"wp-block-spacer\"><\/div>\r\n    <a href=\"https:\/\/neocatechumenaleiter.org\/palabras-de-los-papas\/francisco\/discurso-del-santo-padre-francisco-a-los-representantes-del-camino-neocatecumenal-1-ii-2014\/\"><h6 class=\"has-text-align-left\">Discurso del Santo Padre Francisco a los representantes del Camino Neocatecumenal, 1-II-2014<\/h6><\/a>\r\n    <hr class=\"wp-block-separator\" \/><a href=\"https:\/\/neocatechumenaleiter.org\/palabras-de-los-papas\/francisco\/regina-coeli-del-papa-francisco-por-la-mision-en-las-plazas-11-v-2014\/\"><h6 class=\"has-text-align-left\">\u00abRegina Coeli\u00bb del Papa Francisco por la misi\u00f3n en las plazas, 11-V-2014<\/h6><\/a>\r\n<\/div>\r\n\n<div style=\"height:20px\" aria-hidden=\"true\" class=\"wp-block-spacer\"><\/div>\n\n<div class=\"columna-papas\">\r\n    <h4 class=\"has-text-align-center\">A\u00f1o 2015<\/h4>\r\n    <div style=\"height:20px\" aria-hidden=\"true\" class=\"wp-block-spacer\"><\/div>\r\n    <a href=\"https:\/\/neocatechumenaleiter.org\/palabras-de-los-papas\/francisco\/audiencia-del-envio-de-familias-y-missio-ad-gentes-6-3-2015\/\"><h6 class=\"has-text-align-left\">Audiencia del env\u00edo de familias y \u201cMissio ad gentes\u201d 6-III-2015<\/h6><\/a>\r\n<\/div>\r\n<div class=\"columna-papas\" style=\"background: #f7f7f7\">\r\n    <h4 class=\"has-text-align-center\">A\u00f1o 2016<\/h4>\r\n    <div style=\"height:20px\" aria-hidden=\"true\" class=\"wp-block-spacer\"><\/div>\r\n    <a href=\"https:\/\/neocatechumenaleiter.org\/palabras-de-los-papas\/francisco\/discurso-del-santo-padre-francisco-a-los-miembros-del-movimiento-neocatecumenal-18-iii-2016\/\"><h6 class=\"has-text-align-left\">Discurso del Santo Padre Francisco a los miembros del movimiento Neocatecumenal, 18-III-2016<\/h6><\/a>\r\n<\/div>\r\n\n<div style=\"height:20px\" aria-hidden=\"true\" class=\"wp-block-spacer\"><\/div>\n\n<div class=\"columna-papas\">\r\n    <h4 class=\"has-text-align-center\">A\u00f1o 2017<\/h4>\r\n    <div style=\"height:20px\" aria-hidden=\"true\" class=\"wp-block-spacer\"><\/div>\r\n    <a href=\"https:\/\/neocatechumenaleiter.org\/palabras-de-los-papas\/francisco\/visita-pastoral-del-santo-padre-francisco-a-la-parroquia-romana-de-san-pedro-damian-21-v-2017\/\"><h6 class=\"has-text-align-left\">Visita Pastoral del Santo Padre Francisco a la parroquia romana de San Pedro Dami\u00e1n, 21-V-2017<\/h6><\/a>\r\n<\/div>\r\n<div class=\"columna-papas\" style=\"background: #f7f7f7\">\r\n    <h4 class=\"has-text-align-center\">A\u00f1o 2018<\/h4>\r\n    <div style=\"height:20px\" aria-hidden=\"true\" class=\"wp-block-spacer\"><\/div>\r\n    <a href=\"https:\/\/neocatechumenaleiter.org\/palabras-de-los-papas\/francisco\/encuentro-internacional-en-el-50-aniversario-del-camino-neocatecumenal-discurso-del-santo-padre-francisco-5-v-2018\/\"><h6 class=\"has-text-align-left\">Encuentro Internacional en el 50 aniversario del Camino Neocatecumenal. Discurso del Santo Padre Francisco, 5-V-2018<\/h6><\/a>\r\n    <hr class=\"wp-block-separator\" \/><a href=\"https:\/\/neocatechumenaleiter.org\/palabras-de-los-papas\/francisco\/regina-coeli-del-papa-francisco-al-dia-siguiente-del-encuentro-internacional-en-el-50-aniversario-del-camino-neocatecumenal-6-v-2018\/\"><h6 class=\"has-text-align-left\">\u00abRegina Coeli\u00bb del Papa Francisco al d\u00eda siguiente del Encuentro Internacional en el 50 aniversario del Camino Neocatecumenal, 6-V-2018<\/h6><\/a>\r\n<\/div>\r\n","protected":false},"excerpt":{"rendered":"<p>Fransiskus Biografi Jorge Mario Bergoglio f\u00f6ddes i Buenos Aires (Argentina) den 17 de december 1936. Den 13 december 1969 pr\u00e4stvigdes han av \u00e4rkebiskop Ram\u00f3n Jos\u00e9 Castellano. \u00c5r 1998 uts\u00e5gs han till \u00e4rkebiskop av Buenos Aires och 2001 utn\u00e4mnde Johannes Paulus II honom till Kardinal. \u00c5r 2002 tackade han nej till att bli ordf\u00f6rande f\u00f6r den argentinska Biskopskonferensen, men tre \u00e5r senare valdes han och bekr\u00e4ftades senare f\u00f6r ytterligare en tre\u00e5rsperiod<\/p>\n<div class=\"read-more\"><a class=\"btn read-more-btn\" href=\"https:\/\/neocatechumenaleiter.org\/sv\/pavarnas-ord\/fransiskus\/\">L\u00e4s mer<\/a><\/div>\n","protected":false},"author":2,"featured_media":0,"parent":36714,"menu_order":3,"comment_status":"closed","ping_status":"closed","template":"","meta":{"footnotes":""},"class_list":["post-39700","page","type-page","status-publish","hentry"],"_links":{"self":[{"href":"https:\/\/neocatechumenaleiter.org\/sv\/wp-json\/wp\/v2\/pages\/39700","targetHints":{"allow":["GET"]}}],"collection":[{"href":"https:\/\/neocatechumenaleiter.org\/sv\/wp-json\/wp\/v2\/pages"}],"about":[{"href":"https:\/\/neocatechumenaleiter.org\/sv\/wp-json\/wp\/v2\/types\/page"}],"author":[{"embeddable":true,"href":"https:\/\/neocatechumenaleiter.org\/sv\/wp-json\/wp\/v2\/users\/2"}],"replies":[{"embeddable":true,"href":"https:\/\/neocatechumenaleiter.org\/sv\/wp-json\/wp\/v2\/comments?post=39700"}],"version-history":[{"count":3,"href":"https:\/\/neocatechumenaleiter.org\/sv\/wp-json\/wp\/v2\/pages\/39700\/revisions"}],"predecessor-version":[{"id":39908,"href":"https:\/\/neocatechumenaleiter.org\/sv\/wp-json\/wp\/v2\/pages\/39700\/revisions\/39908"}],"up":[{"embeddable":true,"href":"https:\/\/neocatechumenaleiter.org\/sv\/wp-json\/wp\/v2\/pages\/36714"}],"wp:attachment":[{"href":"https:\/\/neocatechumenaleiter.org\/sv\/wp-json\/wp\/v2\/media?parent=39700"}],"curies":[{"name":"wp","href":"https:\/\/api.w.org\/{rel}","templated":true}]}}