{"id":39719,"date":"2020-02-29T19:59:09","date_gmt":"2020-02-29T18:59:09","guid":{"rendered":"https:\/\/neocatechumenaleiter.org\/pavarnas-ord\/benediktus-xvi\/"},"modified":"2025-03-20T13:55:40","modified_gmt":"2025-03-20T12:55:40","slug":"benediktus-xvi","status":"publish","type":"page","link":"https:\/\/neocatechumenaleiter.org\/sv\/pavarnas-ord\/benediktus-xvi\/","title":{"rendered":"Benediktus XVI"},"content":{"rendered":"\n<h1 class=\"has-text-align-center wp-block-heading\">Benediktus XVI<\/h1>\n\n<div style=\"height:21px\" aria-hidden=\"true\" class=\"wp-block-spacer\"><\/div>\n\n<h4 class=\"has-text-align-center wp-block-heading\">Biografi<\/h4>\n\n<div style=\"height:20px\" aria-hidden=\"true\" class=\"wp-block-spacer\"><\/div>\n\n<div class=\"wp-block-image is-style-default\"><figure class=\"alignleft size-medium\"><img loading=\"lazy\" decoding=\"async\" width=\"250\" height=\"300\" src=\"https:\/\/neocatechumenaleiter.org\/wp-content\/uploads\/2020\/02\/Camino_Neocatecumenal_Papa_Benedicto_XVI-250x300.jpg\" alt=\"Den emeriterade p&#xE5;ven Benediktus XVI\" class=\"wp-image-873\" srcset=\"https:\/\/neocatechumenaleiter.org\/wp-content\/uploads\/2020\/02\/Camino_Neocatecumenal_Papa_Benedicto_XVI-250x300.jpg 250w, https:\/\/neocatechumenaleiter.org\/wp-content\/uploads\/2020\/02\/Camino_Neocatecumenal_Papa_Benedicto_XVI.jpg 500w\" sizes=\"auto, (max-width: 250px) 100vw, 250px\" \/><\/figure><\/div>\n\n<p>Joseph Ratzinger f\u00f6ddes i Marktl am Inn (Tyskland) den 16 april 1927.<\/p>\n\n<p>Den 29 juni 1951 pr\u00e4stvigdes han i M\u00fcnchen. \u00c5r 1953 doktorerade han i teologi.<\/p>\n\n<p>\u00c5r 1977 uts\u00e5gs han till \u00e4rkebiskop av M\u00fcnchen och Freising och blev kardinal samma \u00e5r av Paulus VI.<\/p>\n\n<p>\u00c5r 1981 uts\u00e5gs han av Johannes Paulus II till prefekt f\u00f6r Kongregationen f\u00f6r Trosl\u00e4ran, samt till ordf\u00f6rande f\u00f6r den P\u00e5vliga Bibelkommissionen och den P\u00e5vliga Internationella Teologikommissionen. Han var ocks\u00e5 ordf\u00f6rande f\u00f6r Kommissionen som f\u00f6rberedde Katolska Kyrkans Katekes, vilken han presenterade f\u00f6r den Helige Fadern. Den 3 juli 2015 tilldelades han ett hedersdoktorat  \u00abhonoris causa\u00bb. &#013;\n&#013;\n&#013;\n&#013;\n&#013;\n&#013;\n&#013;\n&#013;\n<\/p>\n\n<p>Den 19 april 2005 valdes han till P\u00e5ve f\u00f6r Katolska Kyrkan och tog namnet Benediktus XVI.&#013;\n&#013;\n&#013;\n&#013;\n&#013;\n&#013;\n&#013;\n&#013;\n<\/p>\n\n<p>Den 11 februari 2013 avsade han sig P\u00e5ve\u00e4mbetet och blev Emeriterad P\u00e5ve.<\/p>\n\n<div style=\"height:20px\" aria-hidden=\"true\" class=\"wp-block-spacer\"><\/div>\n\n<hr class=\"wp-block-separator\" \/>\n\n<div style=\"height:20px\" aria-hidden=\"true\" class=\"wp-block-spacer\"><\/div>\n\n<h3 class=\"has-text-align-center wp-block-heading\">Dokument<\/h3>\n\n<div style=\"height:20px\" aria-hidden=\"true\" class=\"wp-block-spacer\"><\/div>\n\n<section id=\"search-2\" class=\"widget widget_search\">\r\n\t<label for=\"search-form-5e59be1dc1b02\">\r\n\t\t<span class=\"screen-reader-text\">Buscar:<\/span>\r\n        <\/label>\r\n\t<button type=\"submit\" class=\"search-submit\">\r\n    \t<span class=\"screen-reader-text\">Buscar<\/span>\r\n        <i class=\"icon-magnifier\"><\/i>\r\n    <\/button>\r\n\r\n<\/section>\n<div style=\"height:20px\" aria-hidden=\"true\" class=\"wp-block-spacer\"><\/div>\n\n<div class=\"columna-papas\">\r\n    <h4 class=\"has-text-align-center\">A\u00f1o 2005<\/h4>\r\n    <div style=\"height:20px\" aria-hidden=\"true\" class=\"wp-block-spacer\"><\/div>\r\n    <a href=\"https:\/\/neocatechumenaleiter.org\/palabras-de-los-papas\/benedicto-xvi\/audiencia-privada-a-los-iniciadores-del-camino-neocatecumenal-19-xi-2005\/\"><h6 class=\"has-text-align-left\">Audiencia privada a los iniciadores del Camino Neocatecumenal 19-XI-2005<\/h6><\/a>\r\n<\/div>\r\n<div class=\"columna-papas\" style=\"background: #f7f7f7\">\r\n    <h4 class=\"has-text-align-center\">A\u00f1o 2006<\/h4>\r\n    <div style=\"height:20px\" aria-hidden=\"true\" class=\"wp-block-spacer\"><\/div>\r\n    <a href=\"https:\/\/neocatechumenaleiter.org\/palabras-de-los-papas\/benedicto-xvi\/discurso-al-camino-neocatecumenal-12-i-2006\/\"><h6 class=\"has-text-align-left\">Discurso al Camino Neocatecumenal 12-I-2006<\/h6><\/a>\r\n    <hr class=\"wp-block-separator\" \/><a href=\"https:\/\/neocatechumenaleiter.org\/palabras-de-los-papas\/benedicto-xvi\/angelus-en-la-plaza-de-san-pedro-29-x-2006\/\"><h6 class=\"has-text-align-left\">\u00c1ngelus en la plaza de San Pedro 29-X-2006<\/h6><\/a>\r\n    <hr class=\"wp-block-separator\" \/><a href=\"https:\/\/neocatechumenaleiter.org\/palabras-de-los-papas\/benedicto-xvi\/convivencia-de-obispos-de-asia-y-australia-en-la-domus-galilaeae-18-xi-2006\/\"><h6 class=\"has-text-align-left\">Convivencia de obispos de Asia y Australia en la Domus Galilaeae 18-XI-2006<\/h6><\/a>\r\n<\/div>\r\n\n<div style=\"height:20px\" aria-hidden=\"true\" class=\"wp-block-spacer\"><\/div>\n\n<div class=\"columna-papas\">\r\n    <h4 class=\"has-text-align-center\">A\u00f1o 2007<\/h4>\r\n    <div style=\"height:20px\" aria-hidden=\"true\" class=\"wp-block-spacer\"><\/div>\r\n    <a href=\"https:\/\/neocatechumenaleiter.org\/palabras-de-los-papas\/benedicto-xvi\/encuentro-de-parrocos-y-clero-de-roma-22-ii-2007\/\"><h6 class=\"has-text-align-left\">Encuentro de p\u00e1rrocos y clero de Roma 22-II-2007<\/h6><\/a>\r\n    <hr class=\"wp-block-separator\" \/><a href=\"https:\/\/neocatechumenaleiter.org\/palabras-de-los-papas\/benedicto-xvi\/audiencia-privada-a-iniciadores-del-camino-26-v-2007\/\"><h6 class=\"has-text-align-left\">Audiencia privada a iniciadores del Camino 26-V-2007<\/h6><\/a>\r\n<\/div>\r\n<div class=\"columna-papas\" style=\"background: #f7f7f7\">\r\n    <h4 class=\"has-text-align-center\">A\u00f1o 2008<\/h4>\r\n    <div style=\"height:20px\" aria-hidden=\"true\" class=\"wp-block-spacer\"><\/div>\r\n    <a href=\"https:\/\/neocatechumenaleiter.org\/palabras-de-los-papas\/benedicto-xvi\/convivencia-de-obispos-de-europa-en-la-domus-galilaeae-24-iii-2008\/\"><h6 class=\"has-text-align-left\">Convivencia de obispos de Europa en la Domus Galilaeae 24-III-2008<\/h6><\/a>\r\n<\/div>\r\n\n<div style=\"height:20px\" aria-hidden=\"true\" class=\"wp-block-spacer\"><\/div>\n\n<div class=\"columna-papas\">\r\n    <h4 class=\"has-text-align-center\">A\u00f1o 2009<\/h4>\r\n    <div style=\"height:20px\" aria-hidden=\"true\" class=\"wp-block-spacer\"><\/div>\r\n    <a href=\"https:\/\/neocatechumenaleiter.org\/palabras-de-los-papas\/benedicto-xvi\/discurso-por-los-cuarenta-anos-de-inicio-del-camino-10-i-2009\/\"><h6 class=\"has-text-align-left\">Discurso por los Cuarenta A\u00f1os de inicio del Camino 10-I-2009<\/h6><\/a>\r\n<\/div>\r\n<div class=\"columna-papas\" style=\"background: #f7f7f7\">\r\n    <h4 class=\"has-text-align-center\">A\u00f1o 2010<\/h4>\r\n    <div style=\"height:20px\" aria-hidden=\"true\" class=\"wp-block-spacer\"><\/div>\r\n    <a href=\"https:\/\/neocatechumenaleiter.org\/palabras-de-los-papas\/benedicto-xvi\/audiencia-a-los-iniciadores-del-camino-neocatecumenal-13-xi-2010\/\"><h6 class=\"has-text-align-left\">Audiencia a los iniciadores del Camino Neocatecumenal 13-XI-2010<\/h6><\/a>\r\n<\/div>\r\n\n<div style=\"height:20px\" aria-hidden=\"true\" class=\"wp-block-spacer\"><\/div>\n\n<div class=\"columna-papas\">\r\n    <h4 class=\"has-text-align-center\">A\u00f1o 2011<\/h4>\r\n    <div style=\"height:20px\" aria-hidden=\"true\" class=\"wp-block-spacer\"><\/div>\r\n    <a href=\"https:\/\/neocatechumenaleiter.org\/palabras-de-los-papas\/benedicto-xvi\/audiencia-envio-de-familias-in-missio-ad-gentes-17-i-2011\/\"><h6 class=\"has-text-align-left\">Audiencia env\u00edo de familias in \u201cMissio ad gentes\u201d 17-I-2011<\/h6><\/a>\r\n    <hr class=\"wp-block-separator\" \/><a href=\"https:\/\/neocatechumenaleiter.org\/palabras-de-los-papas\/benedicto-xvi\/regina-coeli-visita-a-aquileia-y-venecia-8-v-2011\/\"><h6 class=\"has-text-align-left\">\u00abRegina Coeli\u00bb visita a Aquileia y Venecia 8-V-2011<\/h6><\/a>\r\n<\/div>\r\n<div class=\"columna-papas\" style=\"background: #f7f7f7\">\r\n    <h4 class=\"has-text-align-center\">A\u00f1o 2012<\/h4>\r\n    <div style=\"height:20px\" aria-hidden=\"true\" class=\"wp-block-spacer\"><\/div>\r\n    <a href=\"https:\/\/neocatechumenaleiter.org\/palabras-de-los-papas\/benedicto-xvi\/audiencia-envio-missio-ad-gentes-20-i-2012\/\"><h6 class=\"has-text-align-left\">Audiencia env\u00edo \u201cMissio ad gentes\u201d 20-I-2012<\/h6><\/a>\r\n<\/div>\r\n","protected":false},"excerpt":{"rendered":"<p>Benediktus XVI Biografi Joseph Ratzinger f\u00f6ddes i Marktl am Inn (Tyskland) den 16 april 1927. Den 29 juni 1951 pr\u00e4stvigdes han i M\u00fcnchen. \u00c5r 1953 doktorerade han i teologi. \u00c5r 1977 uts\u00e5gs han till \u00e4rkebiskop av M\u00fcnchen och Freising och blev kardinal samma \u00e5r av Paulus VI. \u00c5r 1981 uts\u00e5gs han av Johannes Paulus II till prefekt f\u00f6r Kongregationen f\u00f6r Trosl\u00e4ran, samt till ordf\u00f6rande f\u00f6r den P\u00e5vliga Bibelkommissionen och den<\/p>\n<div class=\"read-more\"><a class=\"btn read-more-btn\" href=\"https:\/\/neocatechumenaleiter.org\/sv\/pavarnas-ord\/benediktus-xvi\/\">L\u00e4s mer<\/a><\/div>\n","protected":false},"author":2,"featured_media":0,"parent":36714,"menu_order":2,"comment_status":"closed","ping_status":"closed","template":"","meta":{"footnotes":""},"class_list":["post-39719","page","type-page","status-publish","hentry"],"_links":{"self":[{"href":"https:\/\/neocatechumenaleiter.org\/sv\/wp-json\/wp\/v2\/pages\/39719","targetHints":{"allow":["GET"]}}],"collection":[{"href":"https:\/\/neocatechumenaleiter.org\/sv\/wp-json\/wp\/v2\/pages"}],"about":[{"href":"https:\/\/neocatechumenaleiter.org\/sv\/wp-json\/wp\/v2\/types\/page"}],"author":[{"embeddable":true,"href":"https:\/\/neocatechumenaleiter.org\/sv\/wp-json\/wp\/v2\/users\/2"}],"replies":[{"embeddable":true,"href":"https:\/\/neocatechumenaleiter.org\/sv\/wp-json\/wp\/v2\/comments?post=39719"}],"version-history":[{"count":3,"href":"https:\/\/neocatechumenaleiter.org\/sv\/wp-json\/wp\/v2\/pages\/39719\/revisions"}],"predecessor-version":[{"id":39910,"href":"https:\/\/neocatechumenaleiter.org\/sv\/wp-json\/wp\/v2\/pages\/39719\/revisions\/39910"}],"up":[{"embeddable":true,"href":"https:\/\/neocatechumenaleiter.org\/sv\/wp-json\/wp\/v2\/pages\/36714"}],"wp:attachment":[{"href":"https:\/\/neocatechumenaleiter.org\/sv\/wp-json\/wp\/v2\/media?parent=39719"}],"curies":[{"name":"wp","href":"https:\/\/api.w.org\/{rel}","templated":true}]}}