{"id":46543,"date":"2023-10-10T09:32:15","date_gmt":"2023-10-10T08:32:15","guid":{"rendered":"https:\/\/neocatechumenaleiter.org\/sangbok-han-ar-uppstanden\/"},"modified":"2025-12-19T01:09:40","modified_gmt":"2025-12-19T00:09:40","slug":"sangbok-han-ar-uppstanden","status":"publish","type":"page","link":"https:\/\/neocatechumenaleiter.org\/sv\/sangbok-han-ar-uppstanden\/","title":{"rendered":"S\u00e5ngbok &#8211; Han \u00e4r uppst\u00e5nden"},"content":{"rendered":"<div class=\"wp-block-image\">\n<figure class=\"aligncenter size-full\"><a href=\"https:\/\/neokatekumenalvandring.se\"><img decoding=\"async\" src=\"https:\/\/neocatechumenaleiter.org\/wp-content\/uploads\/2025\/12\/neokatekumenala-vandringen-sangbok-han-ar-uppstanden-sv.jpg\" alt=\"Den Neokatekumenala Vandringen s&#xE5;ngbok, Han &#xE4;r uppst&#xE5;nden online app Google Play och App Store\" class=\"wp-image-0\"\/><\/a><\/figure><\/div>\n<div style=\"height:30px\" aria-hidden=\"true\" class=\"wp-block-spacer\"><\/div>\n\n<h4 class=\"wp-block-heading has-text-align-center\">S\u00e5ngbok (psalmbok) &#8211; Han \u00e4r uppst\u00e5nden<\/h4>\n\n<div style=\"height:30px\" aria-hidden=\"true\" class=\"wp-block-spacer\"><\/div>\n\n<p>I den neokatekumenala vandringen ser vi idag framtr\u00e4da en \u00f6dmjuk och v\u00e4sentlig tj\u00e4nst som \u00e4r kantorn.<\/p>\n\n<p>I denna utbildning i Tron \u00e4r kantorns uppgift att bidra till att skapa den liturgiska gemenskapen, eller \u00e4nnu b\u00e4ttre, att \u00e5terskapa den; att m\u00e5nga g\u00e5nger f\u00f6rvandla en m\u00e5ngfaldig kult till en enad kult: med en enda r\u00f6st, med ett enda hj\u00e4rta och en enda sj\u00e4l.<\/p>\n\n<p>En andlig kult som uttrycks i gemenskapens liturgiska handling. En andlig kult som, i v\u00e5r historiska vandring, \u00e4r en outt\u00f6mlig k\u00e4lla till det som \u00e4r djupast oskyldigt: k\u00e4nslan av v\u00e5r synd upplyst av den outs\u00e4gliga k\u00e4rleken hos N\u00c5GON som \u00e4lskar oss just s\u00e5, som \u00e4lskar oss trots att vi har varit hans fiender; k\u00e4llan till omv\u00e4ndelse, k\u00e4llan till tro.<\/p>\n\n<div style=\"height:30px\" aria-hidden=\"true\" class=\"wp-block-spacer\"><\/div>\n\n<hr class=\"wp-block-separator has-alpha-channel-opacity\"\/>\n\n<div style=\"height:60px\" aria-hidden=\"true\" class=\"wp-block-spacer\"><\/div>\r\n\r\n<h3 class=\"wp-block-heading has-text-align-center\">App tillg\u00e4nglig<\/h3>\r\n\r\n<div class=\"wp-block-columns are-vertically-aligned-center is-layout-flex wp-container-core-columns-is-layout-1 wp-block-columns-is-layout-flex\">\r\n   <div class=\"wp-block-column is-vertically-aligned-center is-layout-flow wp-block-column-is-layout-flow\">\r\n\r\n\t<div style=\"height:50px\" aria-hidden=\"true\" class=\"wp-block-spacer\"><\/div>\r\n    <a target=\"_blank\" href=\"https:\/\/android.resucito.es\"><img decoding=\"async\" src=\"https:\/\/neocatechumenaleiter.org\/wp-content\/uploads\/2025\/03\/logo-google-play-button.png\" alt=\"\" class=\"wp-image\"\/><\/a>\r\n    <div style=\"height:50px\" aria-hidden=\"true\" class=\"wp-block-spacer\"><\/div>\r\n   <\/div>\r\n\r\n   <div class=\"wp-block-column is-vertically-aligned-center is-layout-flow wp-block-column-is-layout-flow\">\r\n\t<div style=\"height:50px\" aria-hidden=\"true\" class=\"wp-block-spacer\"><\/div>\r\n    <a target=\"_blank\" href=\"https:\/\/ios.resucito.es\"><img decoding=\"async\" src=\"https:\/\/neocatechumenaleiter.org\/wp-content\/uploads\/2025\/03\/logo-apple-store-button.png\" alt=\"\" class=\"wp-image\"\/><\/a>\r\n    <div style=\"height:47px\" aria-hidden=\"true\" class=\"wp-block-spacer\"><\/div>\r\n   <\/div>\r\n<\/div>\r\n<div style=\"height:30px\" aria-hidden=\"true\" class=\"wp-block-spacer\"><\/div>\r\n\n<hr class=\"wp-block-separator has-alpha-channel-opacity\"\/>\n\n<div class=\"wp-block-columns are-vertically-aligned-center is-layout-flex wp-container-core-columns-is-layout-9d6595d7 wp-block-columns-is-layout-flex\">\n<div class=\"wp-block-column is-vertically-aligned-center cantoral blanco is-layout-flow wp-block-column-is-layout-flow\">\n<div style=\"height:50px\" aria-hidden=\"true\" class=\"wp-block-spacer\"><\/div>\n\n\n\n<h3 class=\"wp-block-heading has-text-align-center\"><a href=\"https:\/\/neokatekumenalvandring.se\/forkatekumenat\/\">PREKATEKUMENAT<\/a><\/h3>\n\n\n\n<div style=\"height:50px\" aria-hidden=\"true\" class=\"wp-block-spacer\"><\/div>\n<\/div>\n\n\n\n<div class=\"wp-block-column is-vertically-aligned-center cantoral azul is-layout-flow wp-block-column-is-layout-flow\">\n<div style=\"height:50px\" aria-hidden=\"true\" class=\"wp-block-spacer\"><\/div>\n\n\n\n<h3 class=\"wp-block-heading has-text-align-center\"><a href=\"https:\/\/neokatekumenalvandring.se\/katekumenat\/\">KATEKUMENAT<\/a><\/h3>\n\n\n\n<div style=\"height:47px\" aria-hidden=\"true\" class=\"wp-block-spacer\"><\/div>\n<\/div>\n<\/div>\n\n<div class=\"wp-block-columns are-vertically-aligned-center is-layout-flex wp-container-core-columns-is-layout-9d6595d7 wp-block-columns-is-layout-flex\">\n<div class=\"wp-block-column is-vertically-aligned-center cantoral verde is-layout-flow wp-block-column-is-layout-flow\">\n<div style=\"height:50px\" aria-hidden=\"true\" class=\"wp-block-spacer\"><\/div>\n\n\n\n<h3 class=\"wp-block-heading has-text-align-center\"><a href=\"https:\/\/neokatekumenalvandring.se\/utvaldhet\/\">UTVALDHET<\/a><\/h3>\n\n\n\n<div style=\"height:50px\" aria-hidden=\"true\" class=\"wp-block-spacer\"><\/div>\n<\/div>\n\n\n\n<div class=\"wp-block-column is-vertically-aligned-center cantoral amarillo is-layout-flow wp-block-column-is-layout-flow\">\n<div style=\"height:50px\" aria-hidden=\"true\" class=\"wp-block-spacer\"><\/div>\n\n\n\n<h3 class=\"wp-block-heading has-text-align-center\"><a href=\"https:\/\/neokatekumenalvandring.se\/liturgiska\/\">LITURGISKA<\/a><\/h3>\n\n\n\n<div style=\"height:50px\" aria-hidden=\"true\" class=\"wp-block-spacer\"><\/div>\n<\/div>\n<\/div>\n\n<hr class=\"wp-block-separator has-alpha-channel-opacity\"\/>\n\n<div style=\"height:30px\" aria-hidden=\"true\" class=\"wp-block-spacer\"><\/div>\n<div class=\"wp-block-image\">\n<figure class=\"aligncenter size-large\"><a href=\"https:\/\/neokatekumenalvandring.se\"><img loading=\"lazy\" decoding=\"async\" width=\"1024\" height=\"384\" src=\"https:\/\/neocatechumenaleiter.org\/wp-content\/uploads\/2025\/12\/camino-neocatecumenal-libro-cantos-resucito-sv.jpg\" alt=\"S&#xE5;ngbok Han &#xE4;r uppst&#xE5;nden\" class=\"wp-image-27299\" srcset=\"https:\/\/neocatechumenaleiter.org\/wp-content\/uploads\/2025\/12\/camino-neocatecumenal-libro-cantos-resucito-sv.jpg 1024w, https:\/\/neocatechumenaleiter.org\/wp-content\/uploads\/2025\/12\/camino-neocatecumenal-libro-cantos-resucito-sv-300x113.jpg 300w, https:\/\/neocatechumenaleiter.org\/wp-content\/uploads\/2025\/12\/camino-neocatecumenal-libro-cantos-resucito-sv-768x288.jpg 768w\" sizes=\"auto, (max-width: 1024px) 100vw, 1024px\" \/><\/a><\/figure><\/div>","protected":false},"excerpt":{"rendered":"<p>S\u00e5ngbok (psalmbok) &#8211; Han \u00e4r uppst\u00e5nden I den neokatekumenala vandringen ser vi idag framtr\u00e4da en \u00f6dmjuk och v\u00e4sentlig tj\u00e4nst som \u00e4r kantorn. I denna utbildning i Tron \u00e4r kantorns uppgift att bidra till att skapa den liturgiska gemenskapen, eller \u00e4nnu b\u00e4ttre, att \u00e5terskapa den; att m\u00e5nga g\u00e5nger f\u00f6rvandla en m\u00e5ngfaldig kult till en enad kult: med en enda r\u00f6st, med ett enda hj\u00e4rta och en enda sj\u00e4l. En andlig kult<\/p>\n<div class=\"read-more\"><a class=\"btn read-more-btn\" href=\"https:\/\/neocatechumenaleiter.org\/sv\/sangbok-han-ar-uppstanden\/\">L\u00e4s mer<\/a><\/div>\n","protected":false},"author":2,"featured_media":0,"parent":0,"menu_order":0,"comment_status":"closed","ping_status":"closed","template":"","meta":{"footnotes":""},"class_list":["post-46543","page","type-page","status-publish","hentry"],"_links":{"self":[{"href":"https:\/\/neocatechumenaleiter.org\/sv\/wp-json\/wp\/v2\/pages\/46543","targetHints":{"allow":["GET"]}}],"collection":[{"href":"https:\/\/neocatechumenaleiter.org\/sv\/wp-json\/wp\/v2\/pages"}],"about":[{"href":"https:\/\/neocatechumenaleiter.org\/sv\/wp-json\/wp\/v2\/types\/page"}],"author":[{"embeddable":true,"href":"https:\/\/neocatechumenaleiter.org\/sv\/wp-json\/wp\/v2\/users\/2"}],"replies":[{"embeddable":true,"href":"https:\/\/neocatechumenaleiter.org\/sv\/wp-json\/wp\/v2\/comments?post=46543"}],"version-history":[{"count":5,"href":"https:\/\/neocatechumenaleiter.org\/sv\/wp-json\/wp\/v2\/pages\/46543\/revisions"}],"predecessor-version":[{"id":46566,"href":"https:\/\/neocatechumenaleiter.org\/sv\/wp-json\/wp\/v2\/pages\/46543\/revisions\/46566"}],"wp:attachment":[{"href":"https:\/\/neocatechumenaleiter.org\/sv\/wp-json\/wp\/v2\/media?parent=46543"}],"curies":[{"name":"wp","href":"https:\/\/api.w.org\/{rel}","templated":true}]}}